{"id":114873,"date":"2024-02-06T00:00:00","date_gmt":"2024-02-05T23:00:00","guid":{"rendered":"http:\/\/gpl-love.com\/fr\/produit\/lukani-plant-store-theme-pour-woocommerce-wordpress\/"},"modified":"2026-03-20T23:22:50","modified_gmt":"2026-03-20T22:22:50","slug":"lukani-plant-store-theme-pour-woocommerce-wordpress","status":"publish","type":"product","link":"https:\/\/gpl-love.com\/fr\/produit\/lukani-plant-store-theme-pour-woocommerce-wordpress\/","title":{"rendered":"Lukani Plant Store Th\u00e8me pour WooCommerce WordPress 1.1.5"},"content":{"rendered":"<h3>Lukani Plant Store Th\u00e8me pour WooCommerce WordPress Traits<\/h3>\n<p>\u00cates-vous \u00e0 la recherche d&rsquo;un th\u00e8me impeccable qui peut amener le site Web de votre magasin de plantes vers de nouveaux sommets? Votre recherche se termine ici par le th\u00e8me remarquable du magasin de la plante Lukani pour WooCommerce WordPress. Fabriqu\u00e9 avec une technologie WooCommerce de pointe, ce th\u00e8me assure une exp\u00e9rience d&rsquo;achat sans couture et in\u00e9gal\u00e9e pour vos clients estim\u00e9s. Ce qui distingue ce th\u00e8me, c&rsquo;est sa multitude d&rsquo;options personnalisables qui vous permettent de cr\u00e9er un magasin de plantes extraordinaire et captivant qui r\u00e9sonne avec l&rsquo;essence de votre marque. De plus, ce th\u00e8me poss\u00e8de une pl\u00e9thore de fonctionnalit\u00e9s qui rationalisent la gestion des stocks, le suivi des commandes et le traitement des paiements s\u00e9curis\u00e9s. Avec le th\u00e8me du magasin de l&rsquo;usine de Lukani pour WooCommerce WordPress, vous avez la capacit\u00e9 d&rsquo;\u00e9tablir un magasin d&rsquo;usine \u00e0 couper le souffle visuellement et centr\u00e9 sur l&rsquo;utilisateur qui se d\u00e9marque vraiment au milieu de la concurrence.<\/p>\n<ul>\n<li>Th\u00e8me du magasin de plantes magnifiquement con\u00e7u et enti\u00e8rement r\u00e9actif pour WooCommerce WordPress.<\/li>\n<li>Plusieurs dispositions de page d&rsquo;accueil personnalisables \u00e0 choisir pour repr\u00e9senter votre marque.<\/li>\n<li>Int\u00e9gration en douceur avec la fonctionnalit\u00e9 WooCommerce pour des ventes et un traitement de paiement en ligne faciles.<\/li>\n<li>Simple \u00e0 utiliser et \u00e0 personnaliser avec une interface glisser-d\u00e9poser intuitive.<\/li>\n<li>Construit en tenant compte de l&rsquo;optimisation du r\u00e9f\u00e9rencement pour aider votre magasin plus haut dans les moteurs de recherche.<\/li>\n<li>Livr\u00e9 avec une vari\u00e9t\u00e9 de pages pr\u00e9d\u00e9finies, y compris une page \u00e0 propos, contact et magasin.<\/li>\n<li>Un vaste ensemble d&rsquo;options de personnalisation pour adapter le th\u00e8me aux besoins de votre marque.<\/li>\n<li>Le support premium et les mises \u00e0 jour r\u00e9guli\u00e8res garantissent que votre magasin se d\u00e9roule toujours bien.<\/li>\n<li>Con\u00e7u avec une approche mobile ax\u00e9e sur le mobile, garantissant que votre magasin a fi\u00e8re allure sur n&rsquo;importe quel appareil.<\/li>\n<\/ul>\n","protected":false},"excerpt":{"rendered":"<p>Le th\u00e8me de Lukani Plant Store est un th\u00e8me WOOCommerce exceptionnel WordPress qui est exclusivement con\u00e7u pour les magasins d&rsquo;usine et les entreprises de p\u00e9pini\u00e8res. Avec son interface exquise et conviviale, ce th\u00e8me affiche sans effort vos produits et services de mani\u00e8re visuellement captivante, garantissant que vos clients peuvent parcourir et effectuer des achats. De plus, il est enti\u00e8rement r\u00e9actif, garantissant que votre boutique en ligne maintient son apparence impeccable sur tous les appareils, et il est \u00e9galement \u00e9quip\u00e9 d&rsquo;une pl\u00e9thore de fonctionnalit\u00e9s avanc\u00e9es et d&rsquo;options de personnalisation qui r\u00e9pondent \u00e0 tous vos besoins commerciaux. Par cons\u00e9quent, si vous cherchez \u00e0 propulser votre magasin d&rsquo;usine \u00e0 des hauteurs plus grandes, le th\u00e8me du magasin de plantes de Lukani est la solution id\u00e9ale pour am\u00e9liorer votre pr\u00e9sence commerciale en ligne.<\/p>\n","protected":false},"featured_media":144400,"comment_status":"open","ping_status":"open","template":"","meta":[],"product_brand":[2433],"product_cat":[1238,1444,1212],"product_tag":[1366],"class_list":{"0":"post-114873","1":"product","2":"type-product","3":"status-publish","4":"has-post-thumbnail","6":"product_brand-themeforest","7":"product_cat-commerce-electronique-themes","8":"product_cat-creatif-commerce-electronique-themes","9":"product_cat-themes","10":"product_tag-themeforest","11":"member-discount","12":"discount-restricted","14":"first","15":"instock","16":"sale","17":"downloadable","18":"virtual","19":"sold-individually","20":"purchasable","21":"product-type-simple"},"_links":{"self":[{"href":"https:\/\/gpl-love.com\/fr\/wp-json\/wp\/v2\/product\/114873","targetHints":{"allow":["GET"]}}],"collection":[{"href":"https:\/\/gpl-love.com\/fr\/wp-json\/wp\/v2\/product"}],"about":[{"href":"https:\/\/gpl-love.com\/fr\/wp-json\/wp\/v2\/types\/product"}],"replies":[{"embeddable":true,"href":"https:\/\/gpl-love.com\/fr\/wp-json\/wp\/v2\/comments?post=114873"}],"wp:featuredmedia":[{"embeddable":true,"href":"https:\/\/gpl-love.com\/fr\/wp-json\/wp\/v2\/media\/144400"}],"wp:attachment":[{"href":"https:\/\/gpl-love.com\/fr\/wp-json\/wp\/v2\/media?parent=114873"}],"wp:term":[{"taxonomy":"product_brand","embeddable":true,"href":"https:\/\/gpl-love.com\/fr\/wp-json\/wp\/v2\/product_brand?post=114873"},{"taxonomy":"product_cat","embeddable":true,"href":"https:\/\/gpl-love.com\/fr\/wp-json\/wp\/v2\/product_cat?post=114873"},{"taxonomy":"product_tag","embeddable":true,"href":"https:\/\/gpl-love.com\/fr\/wp-json\/wp\/v2\/product_tag?post=114873"}],"curies":[{"name":"wp","href":"https:\/\/api.w.org\/{rel}","templated":true}]}}