{"id":114871,"date":"2024-02-07T00:00:00","date_gmt":"2024-02-06T23:00:00","guid":{"rendered":"http:\/\/gpl-love.com\/fr\/produit\/skudmart-clean-minimal-woocommerce-theme\/"},"modified":"2026-04-10T18:39:47","modified_gmt":"2026-04-10T16:39:47","slug":"skudmart-clean-minimal-woocommerce-theme","status":"publish","type":"product","link":"https:\/\/gpl-love.com\/fr\/produit\/skudmart-clean-minimal-woocommerce-theme\/","title":{"rendered":"Skudmart Clean Minimal WooCommerce Theme 1.2.5"},"content":{"rendered":"<h3>Skudmart Clean Minimal WooCommerce Theme Traits<\/h3>\n<p>Skudmart Clean Minimal WooCommerce Th\u00e8me, offrant un design contemporain et rationalis\u00e9, est la quintessence de la perfection lorsqu&rsquo;il s&rsquo;agit d&rsquo;\u00e9tablir une boutique en ligne. Son vaste gamme de fonctionnalit\u00e9s vous offre les outils n\u00e9cessaires pour personnaliser votre site, en le rendant unique en son genre. Avec son esth\u00e9tique vierge et simpliste, la navigation sans effort dans le th\u00e8me est un jeu d&rsquo;enfant, permettant ainsi aux clients de localiser sans effort les produits souhait\u00e9s. La r\u00e9activit\u00e9 de ce th\u00e8me garantit une exp\u00e9rience de magasinage transparente et d\u00e9licieuse sur divers appareils. De plus, il pr\u00e9sente une pl\u00e9thore d&rsquo;options de personnalisation, telles qu&rsquo;une multitude de sch\u00e9mas de couleurs, de polices et de choix de mise en page, ainsi que l&rsquo;int\u00e9gration avec un \u00e9ventail de plateformes de m\u00e9dias sociaux. En somme, le th\u00e8me WooCommerce SkudMart Clean Minimal repr\u00e9sente un choix exceptionnel pour les personnes qui cherchent \u00e0 cr\u00e9er un magasin de commerce \u00e9lectronique qui d\u00e9gage l&rsquo;attrait visuel tout en restant convivial.<\/p>\n<ul>\n<li>Conception propre et minimale pour une boutique en ligne moderne et sophistiqu\u00e9e<\/li>\n<li>Con\u00e7u pour une utilisation avec WooCommerce, une plate-forme de commerce \u00e9lectronique de confiance et fiable<\/li>\n<li>Pages \u00e0 chargement rapide pour une exp\u00e9rience utilisateur transparente<\/li>\n<li>Conception enti\u00e8rement r\u00e9active optimis\u00e9e pour les appareils mobiles<\/li>\n<li>Options de t\u00eate et de pied de page personnalisables pour une apparence et une sensation uniques<\/li>\n<li>Plusieurs dispositions de page d&rsquo;accueil au choix, y compris un style minimaliste et une option de banni\u00e8re pleine largeur<\/li>\n<li>Compatible avec plusieurs plugins populaires, tels que WPML et le formulaire de contact 7<\/li>\n<li>Facile \u00e0 utiliser et personnalisable avec le personnalisateur WordPress<\/li>\n<li>Comprend des mod\u00e8les de page pr\u00e9d\u00e9finis pour une configuration facile, y compris une page de blog et une page \u00e0 propos de nous<\/li>\n<li>R\u00e9guli\u00e8rement mis \u00e0 jour et pris en charge par l&rsquo;\u00e9quipe Skudmart, assurant une compatibilit\u00e9 continue avec les mises \u00e0 jour WordPress et WooCommerce<\/li>\n<\/ul>\n","protected":false},"excerpt":{"rendered":"<p>Le th\u00e8me WooCommerce Skudmart Clean Minimal est une plate-forme de commerce \u00e9lectronique extr\u00eamement con\u00e7ue et contemporaine qui offre une facilit\u00e9 remarquable dans la personnalisation et l&rsquo;utilisation. B\u00e9n\u00e9ficiant d&rsquo;une esth\u00e9tique minimaliste, ce th\u00e8me tr\u00e8s recherch\u00e9 est un choix impeccable pour les individus aspirant \u00e0 une apparence vierge et simple pour leur vitrine virtuelle. Diverses fonctionnalit\u00e9s sont int\u00e9gr\u00e9es de mani\u00e8re transparente dans ce th\u00e8me, notamment des curseurs de produits, des widgets sur mesure et une abondance d&rsquo;alternatives de mise en page. En embrassant le th\u00e8me Skudmart, votre boutique en ligne d\u00e9gagera un niveau de professionnalisme sans pr\u00e9c\u00e9dent et assurera une navigation sans effort pour votre client\u00e8le estim\u00e9e.<\/p>\n","protected":false},"featured_media":145262,"comment_status":"open","ping_status":"open","template":"","meta":[],"product_brand":[2433],"product_cat":[1238,1444,1212],"product_tag":[1366],"class_list":{"0":"post-114871","1":"product","2":"type-product","3":"status-publish","4":"has-post-thumbnail","6":"product_brand-themeforest","7":"product_cat-commerce-electronique-themes","8":"product_cat-creatif-commerce-electronique-themes","9":"product_cat-themes","10":"product_tag-themeforest","11":"member-discount","12":"discount-restricted","14":"first","15":"instock","16":"sale","17":"downloadable","18":"virtual","19":"sold-individually","20":"purchasable","21":"product-type-simple"},"_links":{"self":[{"href":"https:\/\/gpl-love.com\/fr\/wp-json\/wp\/v2\/product\/114871","targetHints":{"allow":["GET"]}}],"collection":[{"href":"https:\/\/gpl-love.com\/fr\/wp-json\/wp\/v2\/product"}],"about":[{"href":"https:\/\/gpl-love.com\/fr\/wp-json\/wp\/v2\/types\/product"}],"replies":[{"embeddable":true,"href":"https:\/\/gpl-love.com\/fr\/wp-json\/wp\/v2\/comments?post=114871"}],"wp:featuredmedia":[{"embeddable":true,"href":"https:\/\/gpl-love.com\/fr\/wp-json\/wp\/v2\/media\/145262"}],"wp:attachment":[{"href":"https:\/\/gpl-love.com\/fr\/wp-json\/wp\/v2\/media?parent=114871"}],"wp:term":[{"taxonomy":"product_brand","embeddable":true,"href":"https:\/\/gpl-love.com\/fr\/wp-json\/wp\/v2\/product_brand?post=114871"},{"taxonomy":"product_cat","embeddable":true,"href":"https:\/\/gpl-love.com\/fr\/wp-json\/wp\/v2\/product_cat?post=114871"},{"taxonomy":"product_tag","embeddable":true,"href":"https:\/\/gpl-love.com\/fr\/wp-json\/wp\/v2\/product_tag?post=114871"}],"curies":[{"name":"wp","href":"https:\/\/api.w.org\/{rel}","templated":true}]}}