{"id":114869,"date":"2023-11-15T00:00:00","date_gmt":"2023-11-14T23:00:00","guid":{"rendered":"http:\/\/gpl-love.com\/fr\/produit\/silvertech-creative-wordpress-theme\/"},"modified":"2026-03-20T23:35:52","modified_gmt":"2026-03-20T22:35:52","slug":"silvertech-creative-wordpress-theme","status":"publish","type":"product","link":"https:\/\/gpl-love.com\/fr\/produit\/silvertech-creative-wordpress-theme\/","title":{"rendered":"Silvertech Creative WordPress Theme 1.13"},"content":{"rendered":"<h3>Silvertech Creative WordPress Theme Traits<\/h3>\n<p>Le th\u00e8me WordPress cr\u00e9atif Silvertech, un mod\u00e8le sp\u00e9cifiquement con\u00e7u pour les cr\u00e9atifs et les pigistes visant \u00e0 montrer leur travail en ligne, poss\u00e8de une puissance et une polyvalence exceptionnelles. Ce th\u00e8me, offrant une r\u00e9activit\u00e9 compl\u00e8te, poss\u00e8de un design contemporain et \u00e9l\u00e9gant qui non seulement captive l&rsquo;attention mais offre \u00e9galement des fonctionnalit\u00e9s. En offrant une pl\u00e9thore d&rsquo;options de personnalisation, les utilisateurs peuvent personnaliser sans effort le th\u00e8me pour s&rsquo;aligner sur leurs besoins et pr\u00e9f\u00e9rences sp\u00e9cifiques. De plus, ce th\u00e8me a \u00e9t\u00e9 optimis\u00e9 pour l&rsquo;optimisation des moteurs de recherche (SEO) et le chargement rapide, garantissant des temps de chargement de site Web Swift et des classements favorables du moteur de recherche. Arm\u00e9s d&rsquo;un assortiment de mod\u00e8les et de dispositions pr\u00e9-con\u00e7us, les utilisateurs peuvent fabriquer sans effort des pages frappantes qui affichent bien les plus belles cr\u00e9ations. De plus, le th\u00e8me WordPress Silvertech Creative accueille sans effort un \u00e9ventail de plugins populaires, simplifiant le processus d&rsquo;int\u00e9gration des fonctionnalit\u00e9s souhait\u00e9es dans votre site Web. Dans l&rsquo;ensemble, ce th\u00e8me sert de choix exceptionnel aux personnes qui cherchent \u00e0 construire un site Web poli et captivant qui accentue efficacement leurs comp\u00e9tences et leurs talents exceptionnels.<\/p>\n<ul>\n<li>Un th\u00e8me WordPress haut de gamme, moderne et \u00e9l\u00e9gant en mettant l&rsquo;accent sur la cr\u00e9ativit\u00e9 et le professionnalisme.<\/li>\n<li>Con\u00e7u sp\u00e9cifiquement pour les personnes cr\u00e9atives, les pigistes, les agences et les entreprises qui souhaitent pr\u00e9senter leur portefeuille, leur travail et leurs services d&rsquo;une mani\u00e8re accrocheuse et innovante.<\/li>\n<li>Livr\u00e9 avec une conception r\u00e9active optimis\u00e9e pour tous les appareils, garantissant une exp\u00e9rience utilisateur transparente sur le bureau, la tablette et les appareils mobiles.<\/li>\n<li>Construit avec les derni\u00e8res technologies HTML5, CSS3 et JavaScript, garantissant une exp\u00e9rience de site Web rapide et s\u00e9curis\u00e9e pour vos visiteurs.<\/li>\n<li>Comprend une gamme d&rsquo;options de personnalisation, vous permettant de personnaliser pleinement la conception et les fonctionnalit\u00e9s de votre site Web pour correspondre \u00e0 votre marque, \u00e0 votre style et \u00e0 vos objectifs.<\/li>\n<li>Comprend un g\u00e9n\u00e9rateur de pages glisser-d\u00e9poser int\u00e9gr\u00e9, ce qui facilite la cr\u00e9ation de pages engageantes et dynamiques avec un minimum d&rsquo;effort et aucune connaissance de codage requise.<\/li>\n<li>Offre une compatibilit\u00e9 approfondie avec des plugins et des extensions populaires tels que WooCommerce, Contact Form 7 et Yoast SEO, vous permettant d&rsquo;ajouter facilement des fonctionnalit\u00e9s avanc\u00e9es \u00e0 votre site Web.<\/li>\n<li>Comprend une documentation compl\u00e8te et un support client d\u00e9di\u00e9, en vous assurant que vous disposez de toutes les informations et de l&rsquo;assistance dont vous avez besoin pour tirer le meilleur parti de votre th\u00e8me.<\/li>\n<\/ul>\n","protected":false},"excerpt":{"rendered":"<p>Offrez-vous \u00e0 la brillance du th\u00e8me WordPress cr\u00e9atif Silvertech, un v\u00e9ritable incarnation du design contemporain qui captive sans effort son public. Avec sa disposition rationalis\u00e9e et raffin\u00e9e, coupl\u00e9e \u00e0 un \u00e9ventail de fonctionnalit\u00e9s de pointe et \u00e0 une interface utilisateur de mani\u00e8re transparente, ce th\u00e8me se distingue comme la quintessence de la perfection pour les individus cr\u00e9atifs, les entreprises et les ind\u00e9pendants. Immergez-vous dans un monde de possibilit\u00e9s illimit\u00e9es lorsque vous exploitez la puissance de nombreuses options de personnalisation, vous permettant de fa\u00e7onner un site Web qui d\u00e9gage l&rsquo;originalit\u00e9 et l&rsquo;attrait de la mani\u00e8re la plus fascinante imaginable. Que vous excemeriez dans les domaines de la photographie, du design, de l&rsquo;\u00e9criture ou de toute autre poursuite artistique, le th\u00e8me WordPress cr\u00e9atif Silvertech propulsera sans aucun doute votre pr\u00e9sence en ligne \u00e0 des sommets sans pr\u00e9c\u00e9dent de professionnalisme et de sophistication.<\/p>\n","protected":false},"featured_media":145250,"comment_status":"open","ping_status":"open","template":"","meta":[],"product_brand":[2433],"product_cat":[1242,1212,1213],"product_tag":[1366],"class_list":{"0":"post-114869","1":"product","2":"type-product","3":"status-publish","4":"has-post-thumbnail","6":"product_brand-themeforest","7":"product_cat-creatif","8":"product_cat-themes","9":"product_cat-wordpress-themes","10":"product_tag-themeforest","11":"member-discount","12":"discount-restricted","14":"first","15":"instock","16":"sale","17":"downloadable","18":"virtual","19":"sold-individually","20":"purchasable","21":"product-type-simple"},"_links":{"self":[{"href":"https:\/\/gpl-love.com\/fr\/wp-json\/wp\/v2\/product\/114869","targetHints":{"allow":["GET"]}}],"collection":[{"href":"https:\/\/gpl-love.com\/fr\/wp-json\/wp\/v2\/product"}],"about":[{"href":"https:\/\/gpl-love.com\/fr\/wp-json\/wp\/v2\/types\/product"}],"replies":[{"embeddable":true,"href":"https:\/\/gpl-love.com\/fr\/wp-json\/wp\/v2\/comments?post=114869"}],"wp:featuredmedia":[{"embeddable":true,"href":"https:\/\/gpl-love.com\/fr\/wp-json\/wp\/v2\/media\/145250"}],"wp:attachment":[{"href":"https:\/\/gpl-love.com\/fr\/wp-json\/wp\/v2\/media?parent=114869"}],"wp:term":[{"taxonomy":"product_brand","embeddable":true,"href":"https:\/\/gpl-love.com\/fr\/wp-json\/wp\/v2\/product_brand?post=114869"},{"taxonomy":"product_cat","embeddable":true,"href":"https:\/\/gpl-love.com\/fr\/wp-json\/wp\/v2\/product_cat?post=114869"},{"taxonomy":"product_tag","embeddable":true,"href":"https:\/\/gpl-love.com\/fr\/wp-json\/wp\/v2\/product_tag?post=114869"}],"curies":[{"name":"wp","href":"https:\/\/api.w.org\/{rel}","templated":true}]}}