{"id":114841,"date":"2021-11-24T00:00:00","date_gmt":"2021-11-23T23:00:00","guid":{"rendered":"http:\/\/gpl-love.com\/fr\/produit\/dhwclayout-woocommerce-products-layouts\/"},"modified":"2026-03-20T23:00:40","modified_gmt":"2026-03-20T22:00:40","slug":"dhwclayout-woocommerce-products-layouts","status":"publish","type":"product","link":"https:\/\/gpl-love.com\/fr\/produit\/dhwclayout-woocommerce-products-layouts\/","title":{"rendered":"DHWC Layout Woocommerce Products Layouts 3.1.22"},"content":{"rendered":"<h3>DHWC Layout Woocommerce Products Layouts Traits<\/h3>\n<p>La disposition des produits WooCommerce de mise en page DHWC est un outil incroyablement puissant et efficace qui fournit une assistance inestimable aux propri\u00e9taires de magasins en ligne dans leur qu\u00eate pour construire des dispositions de produits visuellement \u00e9tonnantes et totalement uniques pour leurs sites Web. \u00c9quip\u00e9e d&rsquo;une interface de glisser-d\u00e9poser incroyablement conviviale, la disposition DHWC permet aux utilisateurs d&rsquo;adapter sans effort et sans couture l&rsquo;apparence et l&rsquo;ambiance de leurs pages de produits. La vaste gamme de dispositions pr\u00e9-con\u00e7ues qui sont \u00e0 votre disposition, associ\u00e9es \u00e0 la possibilit\u00e9 de fa\u00e7onner votre propre disposition sur mesure, garantit que la disposition du DHWC r\u00e9pond \u00e0 tous vos besoins et pr\u00e9f\u00e9rences individuels. En outre, il est important de noter que la disposition DHWC s&rsquo;int\u00e8gre sans effort \u00e0 tous les th\u00e8mes WordPress et soutient sans effort tous les types de produits WooCommerce. Ce plugin remarquable sert \u00e0 rationaliser votre flux de travail et minimise l&rsquo;effort et le temps encourus pour superviser la conception de vos pages de produits. Il est maintenant plus facile que jamais auparavant de montrer votre marchandise de mani\u00e8re s\u00e9duisante et captivante, s\u00e9duisant ainsi un nombre encore plus grand de clients.<\/p>\n<ul>\n<li>Permet aux utilisateurs de personnaliser leurs dispositions de produits WooCommerce sans aucune connaissance de codage<\/li>\n<li>Livr\u00e9 avec une gamme de mod\u00e8les pr\u00e9-con\u00e7us pour les utilisateurs<\/li>\n<li>G\u00e9rez facilement plusieurs dispositions pour diff\u00e9rentes cat\u00e9gories de produits ou types de pages<\/li>\n<li>Interface conviviale pour une personnalisation facile de glisser-d\u00e9poser des \u00e9l\u00e9ments du produit<\/li>\n<li>Fonction de pr\u00e9visualisation en direct pour voir les modifications en temps r\u00e9el avant de publier<\/li>\n<li>Fonctionne de mani\u00e8re transparente avec n&rsquo;importe quel th\u00e8me WordPress et version WooCommerce<\/li>\n<li>Am\u00e9liore l&rsquo;exp\u00e9rience utilisateur des clients en pr\u00e9sentant des produits de mani\u00e8re visuellement attrayante et organis\u00e9e<\/li>\n<li>Augmente les taux de conversion en optimisant les dispositions de produits pour s&rsquo;adapter aux publics et produits cibles sp\u00e9cifiques.<\/li>\n<\/ul>\n","protected":false},"excerpt":{"rendered":"<p>DHWC Layout WooCommerce Products Layouts est un outil de premier ordre qui offre un moyen r\u00e9volutionnaire d&rsquo;afficher vos produits dans votre boutique en ligne. Ce plugin WooCommerce introduit des dispositions dynamiques et personnalisables, avec la flexibilit\u00e9 de pr\u00e9senter des produits dans toute configuration que vous d\u00e9sirez. Que vous pr\u00e9sentiez un seul produit ou un \u00e9ventail d&rsquo;articles, nos grilles, tables, carrousels et disposition de ma\u00e7onnerie feront briller vos produits.<\/p>\n<p>En plus de l&rsquo;esth\u00e9tique attrayante, les dispositions de produits WooCommerce de mise en page DHWC contribuent \u00e0 augmenter la fonctionnalit\u00e9 de votre magasin. Le plugin dispose d&rsquo;une int\u00e9gration transparente avec votre plate-forme WooCommerce existante, permettant des op\u00e9rations lisses. Impressionnant, ce plugin a \u00e9galement une conception r\u00e9active, garantissant que vos dispositions sont parfaites sur n&rsquo;importe quel appareil, am\u00e9liorant l&rsquo;exp\u00e9rience utilisateur et la satisfaction.<\/p>\n<p>Enfin, avec les options de personnalisation disponibles, vous pouvez facilement adapter vos dispositions de produits pour correspondre \u00e0 votre marque et \u00e0 votre style. Cela signifie que vous pouvez cr\u00e9er un aspect unique pour diff\u00e9rencier votre magasin des concurrents, potentiellement attirer plus de clients et augmenter vos ventes.<\/p>\n<p>En r\u00e9sum\u00e9, disposition du DHWC<\/p>\n","protected":false},"featured_media":143528,"comment_status":"open","ping_status":"open","template":"","meta":[],"product_brand":[2435],"product_cat":[1182,1223,1181],"product_tag":[1231],"class_list":{"0":"post-114841","1":"product","2":"type-product","3":"status-publish","4":"has-post-thumbnail","6":"product_brand-codecanyon","7":"product_cat-commerce-electronique-plugins","8":"product_cat-personnalisation-commerce-electronique-plugins","9":"product_cat-plugins","10":"product_tag-codecanyon","11":"member-discount","12":"discount-restricted","14":"first","15":"instock","16":"sale","17":"downloadable","18":"virtual","19":"sold-individually","20":"purchasable","21":"product-type-simple"},"_links":{"self":[{"href":"https:\/\/gpl-love.com\/fr\/wp-json\/wp\/v2\/product\/114841","targetHints":{"allow":["GET"]}}],"collection":[{"href":"https:\/\/gpl-love.com\/fr\/wp-json\/wp\/v2\/product"}],"about":[{"href":"https:\/\/gpl-love.com\/fr\/wp-json\/wp\/v2\/types\/product"}],"replies":[{"embeddable":true,"href":"https:\/\/gpl-love.com\/fr\/wp-json\/wp\/v2\/comments?post=114841"}],"wp:featuredmedia":[{"embeddable":true,"href":"https:\/\/gpl-love.com\/fr\/wp-json\/wp\/v2\/media\/143528"}],"wp:attachment":[{"href":"https:\/\/gpl-love.com\/fr\/wp-json\/wp\/v2\/media?parent=114841"}],"wp:term":[{"taxonomy":"product_brand","embeddable":true,"href":"https:\/\/gpl-love.com\/fr\/wp-json\/wp\/v2\/product_brand?post=114841"},{"taxonomy":"product_cat","embeddable":true,"href":"https:\/\/gpl-love.com\/fr\/wp-json\/wp\/v2\/product_cat?post=114841"},{"taxonomy":"product_tag","embeddable":true,"href":"https:\/\/gpl-love.com\/fr\/wp-json\/wp\/v2\/product_tag?post=114841"}],"curies":[{"name":"wp","href":"https:\/\/api.w.org\/{rel}","templated":true}]}}