{"id":114839,"date":"2021-08-15T00:00:00","date_gmt":"2021-08-14T22:00:00","guid":{"rendered":"http:\/\/gpl-love.com\/fr\/produit\/envision-responsive-retina-multi-purpose-theme\/"},"modified":"2026-03-20T23:04:30","modified_gmt":"2026-03-20T22:04:30","slug":"envision-responsive-retina-multi-purpose-theme","status":"publish","type":"product","link":"https:\/\/gpl-love.com\/fr\/produit\/envision-responsive-retina-multi-purpose-theme\/","title":{"rendered":"Envision Responsive Retina Multi-Purpose Theme 3.7.0"},"content":{"rendered":"<h3>Envision Responsive Retina Multi-Purpose Theme Traits<\/h3>\n<p>Le th\u00e8me polyvalent r\u00e9tine, r\u00e9tine, poss\u00e8de un niveau remarquable de polyvalence et de dynamisme, ce qui en fait une option id\u00e9ale pour les entreprises et les individus qui cherchent \u00e0 cr\u00e9er un site Web visuellement frappant. Ce th\u00e8me poss\u00e8de un \u00e9ventail de fonctionnalit\u00e9s avanc\u00e9es et une conception personnalisable, lui permettant de s&rsquo;adapter de mani\u00e8re transparente \u00e0 toute industrie ou cr\u00e9neau. De plus, sa compatibilit\u00e9 avec les \u00e9crans de r\u00e9tine garantit que votre site Web d\u00e9gagera une apparence \u00e9tonnante sur n&rsquo;importe quel appareil, tandis que sa conception r\u00e9active garantit son accessibilit\u00e9 de pratiquement n&rsquo;importe o\u00f9. Peu importe que votre objectif soit d&rsquo;\u00e9tablir un site Web d&rsquo;entreprise, une boutique en ligne, un portefeuille ou tout autre type de site Web, le th\u00e8me multi-usage r\u00e9tine en envisage est une s\u00e9lection impeccable pour vous.<\/p>\n<ul>\n<li>Th\u00e8me hautement personnalisable pour les sites Web<\/li>\n<li>Con\u00e7u avec une technologie r\u00e9active et pr\u00eate \u00e0 la r\u00e9tine pour une vision optimale sur tous les appareils<\/li>\n<li>Peut \u00eatre utilis\u00e9 \u00e0 plusieurs fins telles que le portefeuille, le blog ou le site de commerce \u00e9lectronique<\/li>\n<li>Propose une vari\u00e9t\u00e9 de mod\u00e8les et de conceptions de pages pr\u00e9d\u00e9finies<\/li>\n<li>Comprend un g\u00e9n\u00e9rateur de page de glisser-d\u00e9poser int\u00e9gr\u00e9 pour une personnalisation facile<\/li>\n<li>Offre une int\u00e9gration facile avec des plugins populaires tels que WooCommerce et le formulaire de contact 7<\/li>\n<li>Multi-langage pr\u00eat avec la prise en charge du plugin WPML<\/li>\n<li>Fonctionne l&rsquo;optimisation du r\u00e9f\u00e9rencement pour l&rsquo;am\u00e9lioration du classement des moteurs de recherche<\/li>\n<li>Synchronisation avec Google Fonts pour une grande vari\u00e9t\u00e9 d&rsquo;options de typographie<\/li>\n<li>Livr\u00e9 avec des mises \u00e0 jour \u00e0 vie et un support client d\u00e9di\u00e9.<\/li>\n<\/ul>\n","protected":false},"excerpt":{"rendered":"<p>Envision, un th\u00e8me WordPress optimis\u00e9 pour les \u00e9crans de r\u00e9tine, est une option incroyablement polyvalente et r\u00e9active. Il offre une vaste gamme d&rsquo;options de personnalisation, ce qui le rend id\u00e9al pour fabriquer un site Web visuellement magnifique et poli adapt\u00e9 \u00e0 tout cr\u00e9neau. Avec Envision, vous pouvez importer et personnaliser sans effort les dispositions de d\u00e9monstration pr\u00e9d\u00e9finies, simplifiant le processus de lancement de votre nouveau site Web. Sa conception r\u00e9active garantit une apparence exceptionnelle sur n&rsquo;importe quel appareil, tandis que son ensemble robuste de fonctionnalit\u00e9s et d&rsquo;outils vous permettra de personnaliser et d&rsquo;optimiser de mani\u00e8re transparente votre contenu, garantissant des performances optimales. Que vous construisiez un blog, un portefeuille ou un magasin de commerce \u00e9lectronique, Envision est \u00e9quip\u00e9 de tous les composants n\u00e9cessaires pour cr\u00e9er sans effort un site Web de qualit\u00e9 professionnelle.<\/p>\n","protected":false},"featured_media":143779,"comment_status":"open","ping_status":"open","template":"","meta":[],"product_brand":[2433],"product_cat":[1214,1212,1213],"product_tag":[1366],"class_list":{"0":"post-114839","1":"product","2":"type-product","3":"status-publish","4":"has-post-thumbnail","6":"product_brand-themeforest","7":"product_cat-polyvalent","8":"product_cat-themes","9":"product_cat-wordpress-themes","10":"product_tag-themeforest","11":"member-discount","12":"discount-restricted","14":"first","15":"instock","16":"sale","17":"downloadable","18":"virtual","19":"sold-individually","20":"purchasable","21":"product-type-simple"},"_links":{"self":[{"href":"https:\/\/gpl-love.com\/fr\/wp-json\/wp\/v2\/product\/114839","targetHints":{"allow":["GET"]}}],"collection":[{"href":"https:\/\/gpl-love.com\/fr\/wp-json\/wp\/v2\/product"}],"about":[{"href":"https:\/\/gpl-love.com\/fr\/wp-json\/wp\/v2\/types\/product"}],"replies":[{"embeddable":true,"href":"https:\/\/gpl-love.com\/fr\/wp-json\/wp\/v2\/comments?post=114839"}],"wp:featuredmedia":[{"embeddable":true,"href":"https:\/\/gpl-love.com\/fr\/wp-json\/wp\/v2\/media\/143779"}],"wp:attachment":[{"href":"https:\/\/gpl-love.com\/fr\/wp-json\/wp\/v2\/media?parent=114839"}],"wp:term":[{"taxonomy":"product_brand","embeddable":true,"href":"https:\/\/gpl-love.com\/fr\/wp-json\/wp\/v2\/product_brand?post=114839"},{"taxonomy":"product_cat","embeddable":true,"href":"https:\/\/gpl-love.com\/fr\/wp-json\/wp\/v2\/product_cat?post=114839"},{"taxonomy":"product_tag","embeddable":true,"href":"https:\/\/gpl-love.com\/fr\/wp-json\/wp\/v2\/product_tag?post=114839"}],"curies":[{"name":"wp","href":"https:\/\/api.w.org\/{rel}","templated":true}]}}