{"id":114837,"date":"2026-05-08T00:00:00","date_gmt":"2026-05-07T22:00:00","guid":{"rendered":"http:\/\/gpl-love.com\/fr\/produit\/houzez-real-estate-wordpress-theme\/"},"modified":"2026-05-09T00:30:33","modified_gmt":"2026-05-08T22:30:33","slug":"houzez-real-estate-wordpress-theme","status":"publish","type":"product","link":"https:\/\/gpl-love.com\/fr\/produit\/houzez-real-estate-wordpress-theme\/","title":{"rendered":"Houzez Real Estate WordPress Theme 4.3.3"},"content":{"rendered":"<h3>Houzez Real Estate WordPress Theme Traits<\/h3>\n<p>Le th\u00e8me WordPress immobilier de Houzez, caract\u00e9ris\u00e9 par son immense puissance et sp\u00e9cifiquement adapt\u00e9 aux sites Web immobiliers, sert d&rsquo;outil remarquable dans ce domaine. B\u00e9n\u00e9ficiant d&rsquo;une interface qui d\u00e9gage un sentiment d&rsquo;intuitivit\u00e9 inn\u00e9 et de convivialit\u00e9, Houzez aide sans effort les agents immobiliers \u00e0 afficher leurs propri\u00e9t\u00e9s \u00e0 leur plein potentiel et \u00e0 forger des connexions avec des clients potentiels. Ce th\u00e8me englobe un \u00e9ventail impressionnant de mod\u00e8les et de widgets personnalisables, accordant ainsi aux utilisateurs l&rsquo;autonomie \u00e0 fa\u00e7onner un site Web non seulement distinctif mais aussi ind\u00e9niablement professionnel, tout en \u00e9vitant la n\u00e9cessit\u00e9 d&rsquo;une expertise de codage. De plus, Houzez offre aux utilisateurs un acc\u00e8s \u00e0 des outils de recherche et de filtrage robustes qui facilitent l&rsquo;exploration transparente des propri\u00e9t\u00e9s, permettant efficacement aux visiteurs de d\u00e9terminer sans effort les propri\u00e9t\u00e9s exactes qui s&rsquo;alignent avec leurs pr\u00e9f\u00e9rences sp\u00e9cifiques. Avec la combinaison de ses fonctionnalit\u00e9s de pointe et de sa conception \u00e9l\u00e9gante, il devient de plus en plus \u00e9vident que le th\u00e8me WordPress immobilier de Houzez sert de solution par excellence pour tout professionnel de l&rsquo;immobilier pour propulser leur site Web \u00e0 de nouveaux sommets.<\/p>\n<ul>\n<li>Th\u00e8me WordPress immobilier enti\u00e8rement personnalisable<\/li>\n<li>Con\u00e7u pour les agents immobiliers, les agences et les sites Web d&rsquo;inscription de biens<\/li>\n<li>Livr\u00e9 avec des d\u00e9mos pr\u00e9-con\u00e7ues pour une configuration facile<\/li>\n<li>Fonctionnalit\u00e9s de recherche avanc\u00e9es pour aider les utilisateurs \u00e0 trouver leur propri\u00e9t\u00e9 id\u00e9ale<\/li>\n<li>Carte de propri\u00e9t\u00e9 interactive afin que les utilisateurs puissent trouver rapidement des propri\u00e9t\u00e9s dans des emplacements sp\u00e9cifiques<\/li>\n<li>Int\u00e9gration avec des passerelles de paiement populaires pour un traitement de paiement facile<\/li>\n<li>Optimis\u00e9 pour la vitesse et le r\u00e9f\u00e9rencement pour am\u00e9liorer les classements des moteurs de recherche<\/li>\n<li>Conception adapt\u00e9e aux mobiles pour une excellente exp\u00e9rience utilisateur sur n&rsquo;importe quel appareil<\/li>\n<li>Formulaire de soumission de propri\u00e9t\u00e9 frontale facile \u00e0 utiliser pour les agents et les propri\u00e9taires<\/li>\n<li>Syst\u00e8me de r\u00e9vision et de notation int\u00e9gr\u00e9e pour pr\u00e9senter les exp\u00e9riences des utilisateurs avec des propri\u00e9t\u00e9s<\/li>\n<li>Options d&rsquo;adh\u00e9sion et d&rsquo;abonnement flexibles pour la mon\u00e9tisation<\/li>\n<\/ul>\n","protected":false},"excerpt":{"rendered":"<p>Le th\u00e8me WordPress immobilier de Houzez est un th\u00e8me incroyablement robuste et hautement personnalisable qui a \u00e9t\u00e9 sp\u00e9cifiquement con\u00e7u pour r\u00e9pondre aux besoins uniques des agents immobiliers, des agences et des sites Web d&rsquo;inscription de propri\u00e9t\u00e9s. B\u00e9n\u00e9ficiant d&rsquo;une gamme de fonctionnalit\u00e9s avanc\u00e9es et d&rsquo;une interface extr\u00eamement conviviale, ce th\u00e8me offre aux utilisateurs la possibilit\u00e9 de g\u00e9n\u00e9rer sans effort des listes immobili\u00e8res de qualit\u00e9 professionnelle, d&rsquo;impl\u00e9menter des fonctions de recherche et de filtrage des propri\u00e9t\u00e9s et d&rsquo;int\u00e9grer des outils de gestion immobili\u00e8re complets. En outre, sa conception sensible aux mobiles garantit des exp\u00e9riences de visualisation optimales sur divers appareils, tandis que ses options de personnalisation facilement configurables en font un choix id\u00e9al pour les individus aux niveaux de comp\u00e9tence d&rsquo;entr\u00e9e de gamme et avanc\u00e9. Que vous vous trouviez op\u00e9rer en tant qu&rsquo;agent immobilier, un gestionnaire immobilier ou m\u00eame un d\u00e9veloppeur dans la poursuite de la construction d&rsquo;un site Web de liste de propri\u00e9t\u00e9s de premier ordre, confiant vos besoins au th\u00e8me WordPress immobilier de Houzez s&rsquo;av\u00e9rera \u00eatre une solution exceptionnellement appropri\u00e9e.<\/p>\n","protected":false},"featured_media":144197,"comment_status":"open","ping_status":"open","template":"","meta":[],"product_brand":[2433],"product_cat":[1356,1212,1213],"product_tag":[1366],"class_list":{"0":"post-114837","1":"product","2":"type-product","3":"status-publish","4":"has-post-thumbnail","6":"product_brand-themeforest","7":"product_cat-immobilier","8":"product_cat-themes","9":"product_cat-wordpress-themes","10":"product_tag-themeforest","11":"member-discount","12":"discount-restricted","14":"first","15":"instock","16":"sale","17":"downloadable","18":"virtual","19":"sold-individually","20":"purchasable","21":"product-type-simple"},"_links":{"self":[{"href":"https:\/\/gpl-love.com\/fr\/wp-json\/wp\/v2\/product\/114837","targetHints":{"allow":["GET"]}}],"collection":[{"href":"https:\/\/gpl-love.com\/fr\/wp-json\/wp\/v2\/product"}],"about":[{"href":"https:\/\/gpl-love.com\/fr\/wp-json\/wp\/v2\/types\/product"}],"replies":[{"embeddable":true,"href":"https:\/\/gpl-love.com\/fr\/wp-json\/wp\/v2\/comments?post=114837"}],"wp:featuredmedia":[{"embeddable":true,"href":"https:\/\/gpl-love.com\/fr\/wp-json\/wp\/v2\/media\/144197"}],"wp:attachment":[{"href":"https:\/\/gpl-love.com\/fr\/wp-json\/wp\/v2\/media?parent=114837"}],"wp:term":[{"taxonomy":"product_brand","embeddable":true,"href":"https:\/\/gpl-love.com\/fr\/wp-json\/wp\/v2\/product_brand?post=114837"},{"taxonomy":"product_cat","embeddable":true,"href":"https:\/\/gpl-love.com\/fr\/wp-json\/wp\/v2\/product_cat?post=114837"},{"taxonomy":"product_tag","embeddable":true,"href":"https:\/\/gpl-love.com\/fr\/wp-json\/wp\/v2\/product_tag?post=114837"}],"curies":[{"name":"wp","href":"https:\/\/api.w.org\/{rel}","templated":true}]}}