{"id":114835,"date":"2021-12-03T00:00:00","date_gmt":"2021-12-02T23:00:00","guid":{"rendered":"http:\/\/gpl-love.com\/fr\/produit\/iguru-education-et-courses-wordpress-theme\/"},"modified":"2026-03-20T23:20:08","modified_gmt":"2026-03-20T22:20:08","slug":"iguru-education-et-courses-wordpress-theme","status":"publish","type":"product","link":"https:\/\/gpl-love.com\/fr\/produit\/iguru-education-et-courses-wordpress-theme\/","title":{"rendered":"iGuru Education et Courses WordPress Theme 1.2.6"},"content":{"rendered":"<h3>iGuru Education et Courses WordPress Theme Traits<\/h3>\n<p>Le th\u00e8me WordPress de l&rsquo;\u00e9ducation et des cours IGURU est un outil exceptionnellement impressionnant qui s&rsquo;adresse aux personnes cherchant \u00e0 \u00e9tablir un site Web dynamique et captivant pour pr\u00e9senter leurs innombrables offres \u00e9ducatives. Ce th\u00e8me, qui a \u00e9t\u00e9 sp\u00e9cialement con\u00e7u pour les secteurs de l&rsquo;\u00e9ducation et des cours en ligne, est \u00e9quip\u00e9 d&rsquo;une vaste gamme de fonctionnalit\u00e9s indispensables pour construire un site Web enti\u00e8rement fonctionnel qui est non seulement visuellement attrayant mais \u00e9galement convivial. En raison de son large \u00e9ventail d&rsquo;options personnalisables et de mod\u00e8les pr\u00e9-con\u00e7us, le th\u00e8me WordPress de l&rsquo;\u00e9ducation et des cours IGURU simplifie consid\u00e9rablement le processus de cr\u00e9ation d&rsquo;un site Web qui est un v\u00e9ritable reflet de votre marque et qui a la capacit\u00e9 d&rsquo;attirer des clients potentiels. Que vous soyez un instructeur individuel, un \u00e9tablissement d&rsquo;enseignement estim\u00e9 ou une plate-forme d&rsquo;apprentissage en ligne polyvalente, ce th\u00e8me repr\u00e9sente la solution par excellence pour \u00e9lever votre pr\u00e9sence en ligne \u00e0 des sommets sans pr\u00e9c\u00e9dent.<\/p>\n<ul>\n<li>Conception enti\u00e8rement r\u00e9active et personnalisable<\/li>\n<li>Construit avec Elementor Page Builder pour une personnalisation facile \u00e0 glisser-d\u00e9poser<\/li>\n<li>Plusieurs dispositions de d\u00e9monstration pr\u00e9-con\u00e7ues pour diff\u00e9rentes niches d&rsquo;\u00e9ducation<\/li>\n<li>Cr\u00e9ation et gestion de cours faciles avec l&rsquo;int\u00e9gration Learndash LMS<\/li>\n<li>Syst\u00e8me avanc\u00e9 de gestion d&rsquo;\u00e9v\u00e9nements pour la planification et la promotion d&rsquo;\u00e9v\u00e9nements \u00e9ducatifs<\/li>\n<li>Int\u00e9gration de paiement en ligne avec des passerelles de paiement populaires comme PayPal et Stripe<\/li>\n<li>Un syst\u00e8me de blogging complet pour partager des id\u00e9es et des nouvelles \u00e9ducatives<\/li>\n<li>Codage optimis\u00e9 en SEO pour la visibilit\u00e9 et le classement am\u00e9lior\u00e9s du site Web<\/li>\n<li>Installation de d\u00e9monstration en un clic pour une configuration rapide et un lancement de site Web<\/li>\n<li>Support client d\u00e9di\u00e9 et mises \u00e0 jour de th\u00e8me r\u00e9guli\u00e8res<\/li>\n<\/ul>\n","protected":false},"excerpt":{"rendered":"<p>Le th\u00e8me WordPress de l&rsquo;\u00e9ducation et des cours IGURU se pr\u00e9sente comme un th\u00e8me tr\u00e8s robuste et adaptable qui a \u00e9t\u00e9 sp\u00e9cialement con\u00e7u avec l&rsquo;intention de r\u00e9pondre aux exigences uniques des \u00e9ducateurs et des cr\u00e9ateurs de cours. Son design esth\u00e9tique, combin\u00e9 avec son interface intuitivement navigable, offre aux utilisateurs un moyen sans effort de fa\u00e7onner et de commercialiser des cours en ligne, de superviser efficacement les inscriptions des \u00e9tudiants et d&rsquo;\u00e9tablir une entreprise d&rsquo;\u00e9ducation en ligne florissante. Ind\u00e9pendamment de vous classer comme instructeur, mentor ou personne d&rsquo;affaires, Iguru englobe un \u00e9ventail de fonctionnalit\u00e9s et d&rsquo;outils qui vous permettra de construire un site Web impeccablement professionnel et de cultiver un public num\u00e9rique toujours croissant. Par cons\u00e9quent, pourquoi retarder? Agissez aujourd&rsquo;hui et achetez IGURU pour initier la construction de votre propre domaine \u00e9ducatif dans la sph\u00e8re en ligne!<\/p>\n","protected":false},"featured_media":144217,"comment_status":"open","ping_status":"open","template":"","meta":[],"product_brand":[2433],"product_cat":[1242,1212,1213],"product_tag":[1366],"class_list":{"0":"post-114835","1":"product","2":"type-product","3":"status-publish","4":"has-post-thumbnail","6":"product_brand-themeforest","7":"product_cat-creatif","8":"product_cat-themes","9":"product_cat-wordpress-themes","10":"product_tag-themeforest","11":"member-discount","12":"discount-restricted","14":"first","15":"instock","16":"sale","17":"downloadable","18":"virtual","19":"sold-individually","20":"purchasable","21":"product-type-simple"},"_links":{"self":[{"href":"https:\/\/gpl-love.com\/fr\/wp-json\/wp\/v2\/product\/114835","targetHints":{"allow":["GET"]}}],"collection":[{"href":"https:\/\/gpl-love.com\/fr\/wp-json\/wp\/v2\/product"}],"about":[{"href":"https:\/\/gpl-love.com\/fr\/wp-json\/wp\/v2\/types\/product"}],"replies":[{"embeddable":true,"href":"https:\/\/gpl-love.com\/fr\/wp-json\/wp\/v2\/comments?post=114835"}],"wp:featuredmedia":[{"embeddable":true,"href":"https:\/\/gpl-love.com\/fr\/wp-json\/wp\/v2\/media\/144217"}],"wp:attachment":[{"href":"https:\/\/gpl-love.com\/fr\/wp-json\/wp\/v2\/media?parent=114835"}],"wp:term":[{"taxonomy":"product_brand","embeddable":true,"href":"https:\/\/gpl-love.com\/fr\/wp-json\/wp\/v2\/product_brand?post=114835"},{"taxonomy":"product_cat","embeddable":true,"href":"https:\/\/gpl-love.com\/fr\/wp-json\/wp\/v2\/product_cat?post=114835"},{"taxonomy":"product_tag","embeddable":true,"href":"https:\/\/gpl-love.com\/fr\/wp-json\/wp\/v2\/product_tag?post=114835"}],"curies":[{"name":"wp","href":"https:\/\/api.w.org\/{rel}","templated":true}]}}