{"id":114833,"date":"2024-01-07T00:00:00","date_gmt":"2024-01-06T23:00:00","guid":{"rendered":"http:\/\/gpl-love.com\/fr\/produit\/lets-review-wordpress-plugin-with-affiliate-options\/"},"modified":"2026-03-20T23:22:23","modified_gmt":"2026-03-20T22:22:23","slug":"lets-review-wordpress-plugin-with-affiliate-options","status":"publish","type":"product","link":"https:\/\/gpl-love.com\/fr\/produit\/lets-review-wordpress-plugin-with-affiliate-options\/","title":{"rendered":"Let\u2019s Review WordPress Plugin With Affiliate Options 3.4.3"},"content":{"rendered":"<h3>Let\u2019s Review WordPress Plugin With Affiliate Options Traits<\/h3>\n<p>Permettez-moi de vous pr\u00e9senter le remarquable Plugin WordPress Plugin avec des options d&rsquo;affiliation, un outil tr\u00e8s polyvalent con\u00e7u pour offrir aux utilisateurs une occasion unique de g\u00e9n\u00e9rer des revenus en faisant la promotion de produits d&rsquo;affiliation sur leur site WordPress. Ce plugin exceptionnel est \u00e9quip\u00e9 d&rsquo;une vaste gamme de fonctionnalit\u00e9s et d&rsquo;options de personnalisation, permettant aux utilisateurs de cr\u00e9er sans effort des campagnes d&rsquo;affiliation optivantes et optimis\u00e9es visuellement. De plus, le plugin poss\u00e8de une interface conviviale qui s&rsquo;adresse aux individus de tous niveaux, garantissant une configuration transparente et une gestion efficace de leurs programmes d&rsquo;affiliation. Pour am\u00e9liorer encore ses fonctionnalit\u00e9s exceptionnelles, passons en revue le plugin WordPress s&rsquo;int\u00e8gre de mani\u00e8re transparente avec des r\u00e9seaux d&rsquo;affiliation renomm\u00e9s comme Amazon et Shareasale, accordant aux utilisateurs l&rsquo;acc\u00e8s \u00e0 une vaste collection de produits de haut niveau \u00e0 promouvoir. Compte tenu de ces attributs exceptionnels, il est ind\u00e9niable qu&rsquo;on examine le plugin WordPress avec des options d&rsquo;affiliation est une solution stellaire pour tous ceux qui cherchent \u00e0 mon\u00e9tiser leur site WordPress \u00e0 travers le domaine lucratif du marketing d&rsquo;affiliation.<\/p>\n<ul>\n<li>Un puissant plugin WordPress qui vous permet de cr\u00e9er des critiques de produits rapidement et facilement<\/li>\n<li>Comprend des options d&rsquo;affiliation int\u00e9gr\u00e9es, ce qui permet de mon\u00e9tiser facilement vos avis<\/li>\n<li>Mod\u00e8les et dispositions personnalisables pour correspondre \u00e0 la conception de votre site Web<\/li>\n<li>Interface utilisateur intuitive, ce qui facilite m\u00eame les d\u00e9butants d&rsquo;utiliser<\/li>\n<li>Syst\u00e8mes de notation multiples, y compris les notes d&rsquo;\u00e9toiles et les cotes en pourcentage<\/li>\n<li>Assistance linguistique multiple, ce qui le rend accessible aux utilisateurs du monde entier<\/li>\n<li>Boutons de partage social int\u00e9gr\u00e9s pour vous aider \u00e0 promouvoir vos critiques sur les r\u00e9seaux sociaux<\/li>\n<li>Caract\u00e9ristique de r\u00e9sum\u00e9 de la r\u00e9vision automatis\u00e9e pour rendre vos avis plus concises et faciles \u00e0 lire<\/li>\n<li>Tableau de bord d&rsquo;analyse complet pour suivre les clics, les vues et autres mesures importantes<\/li>\n<li>Mises \u00e0 jour et support r\u00e9guliers pour maintenir le plugin en douceur et \u00e0 jour avec les derni\u00e8res tendances WordPress.<\/li>\n<\/ul>\n","protected":false},"excerpt":{"rendered":"<p>Le plugin WordPress de Revue, un outil extr\u00eamement puissant utilis\u00e9 pour fabriquer des avis de produits complets sur votre site Web, poss\u00e8de une gamme de fonctionnalit\u00e9s qui en font un choix id\u00e9al. Parmi ses attributs exceptionnels figurent les options d&rsquo;affiliation qu&rsquo;il offre, permettant l&rsquo;inclusion sans effort de liens d&rsquo;affiliation et l&rsquo;accumulation ult\u00e9rieure des commissions sur les produits recommand\u00e9s. Ce plugin r\u00e9pond parfaitement aux besoins et aux aspirations des blogueurs, des affili\u00e9s et des personnes cherchant \u00e0 mon\u00e9tiser leurs critiques. Avec une interface intuitive et une flexibilit\u00e9 compl\u00e8te dans la personnalisation, les utilisateurs peuvent concevoir sans effort visuellement \u00e9tonnant et enrichissant les revues de produits qui stimulent efficacement les conversions.<\/p>\n","protected":false},"featured_media":144370,"comment_status":"open","ping_status":"open","template":"","meta":[],"product_brand":[2435],"product_cat":[1189,1181,1186],"product_tag":[1231],"class_list":{"0":"post-114833","1":"product","2":"type-product","3":"status-publish","4":"has-post-thumbnail","6":"product_brand-codecanyon","7":"product_cat-personnalisation","8":"product_cat-plugins","9":"product_cat-wordpress-plugins","10":"product_tag-codecanyon","11":"member-discount","12":"discount-restricted","14":"first","15":"instock","16":"sale","17":"downloadable","18":"virtual","19":"sold-individually","20":"purchasable","21":"product-type-simple"},"_links":{"self":[{"href":"https:\/\/gpl-love.com\/fr\/wp-json\/wp\/v2\/product\/114833","targetHints":{"allow":["GET"]}}],"collection":[{"href":"https:\/\/gpl-love.com\/fr\/wp-json\/wp\/v2\/product"}],"about":[{"href":"https:\/\/gpl-love.com\/fr\/wp-json\/wp\/v2\/types\/product"}],"replies":[{"embeddable":true,"href":"https:\/\/gpl-love.com\/fr\/wp-json\/wp\/v2\/comments?post=114833"}],"wp:featuredmedia":[{"embeddable":true,"href":"https:\/\/gpl-love.com\/fr\/wp-json\/wp\/v2\/media\/144370"}],"wp:attachment":[{"href":"https:\/\/gpl-love.com\/fr\/wp-json\/wp\/v2\/media?parent=114833"}],"wp:term":[{"taxonomy":"product_brand","embeddable":true,"href":"https:\/\/gpl-love.com\/fr\/wp-json\/wp\/v2\/product_brand?post=114833"},{"taxonomy":"product_cat","embeddable":true,"href":"https:\/\/gpl-love.com\/fr\/wp-json\/wp\/v2\/product_cat?post=114833"},{"taxonomy":"product_tag","embeddable":true,"href":"https:\/\/gpl-love.com\/fr\/wp-json\/wp\/v2\/product_tag?post=114833"}],"curies":[{"name":"wp","href":"https:\/\/api.w.org\/{rel}","templated":true}]}}