{"id":114829,"date":"2021-05-03T00:00:00","date_gmt":"2021-05-02T22:00:00","guid":{"rendered":"http:\/\/gpl-love.com\/fr\/produit\/seoaal-seo-et-digital-marketing-wordpress-theme\/"},"modified":"2026-04-10T18:39:15","modified_gmt":"2026-04-10T16:39:15","slug":"seoaal-seo-et-digital-marketing-wordpress-theme","status":"publish","type":"product","link":"https:\/\/gpl-love.com\/fr\/produit\/seoaal-seo-et-digital-marketing-wordpress-theme\/","title":{"rendered":"Seoaal SEO et Digital Marketing WordPress Theme 1.0.7"},"content":{"rendered":"<h3>Seoaal SEO et Digital Marketing WordPress Theme Traits<\/h3>\n<p>Seoaal, un th\u00e8me WordPress exceptionnellement puissant, a \u00e9t\u00e9 m\u00e9ticuleusement con\u00e7u pour les sp\u00e9cialistes du marketing num\u00e9rique et les professionnels du r\u00e9f\u00e9rencement qui cherchent \u00e0 am\u00e9liorer leur pr\u00e9sence en ligne. En utilisant les technologies Web les plus de pointe, Seoaal poss\u00e8de un degr\u00e9 de r\u00e9activit\u00e9 et de personnalisation impressionnant, offrant une vaste gamme de fonctionnalit\u00e9s qui sont garanties pour propulser votre site Web \u00e0 de nouveaux sommets. Avec son design \u00e9l\u00e9gant et contemporain, Seoaal impr\u00e8gne votre site Web avec un air de professionnalisme et de sophistication. Ce th\u00e8me a \u00e9t\u00e9 optimis\u00e9 de mani\u00e8re experte pour le r\u00e9f\u00e9rencement et la vitesse, garantissant que votre site Web se charge non seulement rapidement, mais atteint \u00e9galement des classements plus \u00e9lev\u00e9s sur les moteurs de recherche. En plus de cela, Seoaal est regroup\u00e9 avec un assortiment de dispositions de page d&rsquo;accueil pr\u00e9-con\u00e7ues, de pages int\u00e9rieures et de mod\u00e8les enti\u00e8rement personnalisables pour r\u00e9pondre \u00e0 vos besoins uniques. De plus, ce th\u00e8me est \u00e9quip\u00e9 d&rsquo;une gamme de plugins premium, tels que Visual Composer, Slider Revolution et WooCommerce, vous permettant de cr\u00e9er sans effort des pages frappantes visuellement et de commercialiser efficacement vos produits. Si vous \u00eates \u00e0 la recherche d&rsquo;un th\u00e8me qui propulsera votre entreprise en ligne \u00e0 des hauteurs sans pr\u00e9c\u00e9dent, Seoaal se pr\u00e9sente comme la solution ultime.<\/p>\n<ul>\n<li>Seoaal est un th\u00e8me professionnel et moderne con\u00e7u pour les sites Web de r\u00e9f\u00e9rencement et de marketing num\u00e9rique.<\/li>\n<li>Le th\u00e8me est enti\u00e8rement r\u00e9actif et adapt\u00e9 aux mobiles, garantissant une excellente exp\u00e9rience utilisateur sur tous les appareils.<\/li>\n<li>Seoaal est livr\u00e9 avec un panneau d&rsquo;options de th\u00e8me puissant qui vous permet de personnaliser tous les aspects du th\u00e8me, des couleurs et des polices \u00e0 la mise en page et \u00e0 la conception.<\/li>\n<li>Le th\u00e8me comprend plusieurs dispositions de page d&rsquo;accueil et des pages int\u00e9rieures, ce qui facilite la cr\u00e9ation d&rsquo;un site Web unique et professionnel qui se d\u00e9marque de la foule.<\/li>\n<li>Seoaal est enti\u00e8rement compatible avec les plugins WordPress populaires comme Yoast SEO, le formulaire de contact 7 et WooCommerce, ce qui facilite l&rsquo;ajout de fonctionnalit\u00e9s et de fonctionnalit\u00e9s \u00e0 votre site Web.<\/li>\n<li>Le th\u00e8me est construit en pensant au r\u00e9f\u00e9rencement, en utilisant un code propre et optimis\u00e9 qui aide votre site Web plus haut dans les moteurs de recherche.<\/li>\n<li>Seoaal comprend \u00e9galement une gamme de mod\u00e8les de page pr\u00e9d\u00e9finis, ce qui facilite la cr\u00e9ation de pages de destination, de articles de blog, etc.<\/li>\n<li>Le th\u00e8me est enti\u00e8rement document\u00e9 et est livr\u00e9 avec un support d\u00e9di\u00e9 des d\u00e9veloppeurs de th\u00e8mes, en vous assurant d&rsquo;obtenir l&rsquo;aide dont vous avez besoin pour cr\u00e9er un site Web professionnel et efficace.<\/li>\n<\/ul>\n","protected":false},"excerpt":{"rendered":"<p>Le SEOAAL SEO et le th\u00e8me WordPress marketing num\u00e9rique pr\u00e9sente une r\u00e9ponse m\u00e9ticuleusement con\u00e7ue et supr\u00eamement efficace aux entreprises cherchant \u00e0 pr\u00e9senter leur existence virtuelle. En incorporant des fonctionnalit\u00e9s d&rsquo;optimisation SEO qui sont des alternatives de mise en page inh\u00e9rentes et personnalisables, ce th\u00e8me est un choix id\u00e9al pour les entreprises qui s&rsquo;efforcent d&rsquo;amplifier leur importance virtuelle et de s\u00e9duire une client\u00e8le augment\u00e9e. De plus, ce th\u00e8me est \u00e9quip\u00e9 de puissants utilitaires marketing, englobant les boutons d&rsquo;appel \u00e0 l&rsquo;action, les formulaires d&rsquo;abonnement par e-mail et l&rsquo;int\u00e9gration des m\u00e9dias sociaux, rendant le processus de promotion de la marque sur les plateformes num\u00e9riques plus rationalis\u00e9es et sans effort que jamais. Que vous supervisiez une startup diminutive ou une soci\u00e9t\u00e9 colossale, Seoaal englobe tous les composants n\u00e9cessaires requis pour triompher dans le domaine farouchement comp\u00e9titif du marketing num\u00e9rique.<\/p>\n","protected":false},"featured_media":145218,"comment_status":"open","ping_status":"open","template":"","meta":[],"product_brand":[2433],"product_cat":[1242,1212,1213],"product_tag":[1366],"class_list":{"0":"post-114829","1":"product","2":"type-product","3":"status-publish","4":"has-post-thumbnail","6":"product_brand-themeforest","7":"product_cat-creatif","8":"product_cat-themes","9":"product_cat-wordpress-themes","10":"product_tag-themeforest","11":"member-discount","12":"discount-restricted","14":"first","15":"instock","16":"sale","17":"downloadable","18":"virtual","19":"sold-individually","20":"purchasable","21":"product-type-simple"},"_links":{"self":[{"href":"https:\/\/gpl-love.com\/fr\/wp-json\/wp\/v2\/product\/114829","targetHints":{"allow":["GET"]}}],"collection":[{"href":"https:\/\/gpl-love.com\/fr\/wp-json\/wp\/v2\/product"}],"about":[{"href":"https:\/\/gpl-love.com\/fr\/wp-json\/wp\/v2\/types\/product"}],"replies":[{"embeddable":true,"href":"https:\/\/gpl-love.com\/fr\/wp-json\/wp\/v2\/comments?post=114829"}],"wp:featuredmedia":[{"embeddable":true,"href":"https:\/\/gpl-love.com\/fr\/wp-json\/wp\/v2\/media\/145218"}],"wp:attachment":[{"href":"https:\/\/gpl-love.com\/fr\/wp-json\/wp\/v2\/media?parent=114829"}],"wp:term":[{"taxonomy":"product_brand","embeddable":true,"href":"https:\/\/gpl-love.com\/fr\/wp-json\/wp\/v2\/product_brand?post=114829"},{"taxonomy":"product_cat","embeddable":true,"href":"https:\/\/gpl-love.com\/fr\/wp-json\/wp\/v2\/product_cat?post=114829"},{"taxonomy":"product_tag","embeddable":true,"href":"https:\/\/gpl-love.com\/fr\/wp-json\/wp\/v2\/product_tag?post=114829"}],"curies":[{"name":"wp","href":"https:\/\/api.w.org\/{rel}","templated":true}]}}