{"id":114827,"date":"2021-06-29T00:00:00","date_gmt":"2021-06-28T22:00:00","guid":{"rendered":"http:\/\/gpl-love.com\/fr\/produit\/talemy-lms-education-wordpress-theme\/"},"modified":"2026-04-10T18:41:59","modified_gmt":"2026-04-10T16:41:59","slug":"talemy-lms-education-wordpress-theme","status":"publish","type":"product","link":"https:\/\/gpl-love.com\/fr\/produit\/talemy-lms-education-wordpress-theme\/","title":{"rendered":"Talemy LMS Education WordPress Theme 1.2.7"},"content":{"rendered":"<h3>Talemy LMS Education WordPress Theme Traits<\/h3>\n<p>Le th\u00e8me WordPress Talemy LMS Education est un outil tr\u00e8s robuste, sp\u00e9cifiquement adapt\u00e9 pour r\u00e9pondre aux besoins des \u00e9tablissements d&rsquo;enseignement cherchant \u00e0 \u00e9tablir un environnement d&rsquo;apprentissage en ligne dynamique. Ce th\u00e8me offre une vaste gamme de fonctionnalit\u00e9s, englobant des dispositions de cours personnalisables, des capacit\u00e9s de gestion des le\u00e7ons efficaces et des plans d&rsquo;adh\u00e9sion polyvalents. En outre, le th\u00e8me poss\u00e8de une interface de glisser-d\u00e9poser incroyablement intuitive, m\u00e9ticuleusement con\u00e7ue pour faciliter la personnalisation transparente. De plus, sa conception r\u00e9active garantit que votre site Web pr\u00e9sente un attrait visuel in\u00e9gal\u00e9 sur tous les appareils. Notamment, le th\u00e8me WordPress Talemy LMS Education s&rsquo;int\u00e8gre parfaitement \u00e0 des plugins populaires tels que WooCommerce et BuddyPress, vous permettant de construire sans effort une plate-forme d&rsquo;apprentissage en ligne compl\u00e8te, offrant une exp\u00e9rience \u00e9ducative globale pour vos \u00e9tudiants estim\u00e9s. \u00c9merg\u00e9 comme un choix exceptionnel, ce th\u00e8me r\u00e9pond effectivement aux exigences de toute personne aspirant \u00e0 se lancer dans un voyage de d\u00e9veloppement et de livraison de cours en ligne.<\/p>\n<ul>\n<li>Un th\u00e8me WordPress \u00e9ducatif moderne et personnalisable con\u00e7u pour l&rsquo;apprentissage des syst\u00e8mes de gestion (LMS)<\/li>\n<li>Conception r\u00e9active garantissant que votre site a fi\u00e8re allure sur tous les appareils<\/li>\n<li>Plusieurs d\u00e9mos et dispositions pr\u00e9-con\u00e7ues au choix<\/li>\n<li>Caract\u00e9ristiques de gestion des cours int\u00e9gr\u00e9s vous permettant de cr\u00e9er, g\u00e9rer et vendre des cours en ligne<\/li>\n<li>Compatible avec les plugins LMS populaires comme Learndash, Sensei et Lifterlms<\/li>\n<li>Fonctionnalit\u00e9 avanc\u00e9e de quiz et d&rsquo;\u00e9valuation pour tester et classer les \u00e9tudiants<\/li>\n<li>Tableau de bord \u00e9tudiant complet permettant aux \u00e9tudiants de suivre leurs progr\u00e8s et leurs notes<\/li>\n<li>Fonctionnement de la communaut\u00e9 solide avec des forums de discussion, des groupes et des flux d&rsquo;activit\u00e9s<\/li>\n<li>Installation en un clic vous permettant de commencer rapidement et facilement<\/li>\n<li>Assistance professionnelle pour vous aider avec des questions ou des besoins de personnalisation.<\/li>\n<\/ul>\n","protected":false},"excerpt":{"rendered":"<p>Le th\u00e8me WordPress Talemy LMS Education poss\u00e8de des capacit\u00e9s et une adaptabilit\u00e9 impressionnantes en tant que syst\u00e8me de gestion de l&rsquo;apprentissage, permettant aux \u00e9ducateurs de construire efficacement les cours en ligne captivants et de superviser efficacement l&rsquo;avancement des \u00e9tudiants. \u00c9quip\u00e9 d&rsquo;une interface utilisateur intuitive et d&rsquo;un \u00e9ventail d&rsquo;outils int\u00e9gr\u00e9s facilitant la cr\u00e9ation de contenu et d&rsquo;\u00e9valuations de cours, ce th\u00e8me facilite sans effort la fourniture d&rsquo;exp\u00e9riences \u00e9ducatives exceptionnelles aux apprenants \u00e0 tout niveau de comp\u00e9tence. Que l&rsquo;on assume le r\u00f4le d&rsquo;un enseignant, d&rsquo;un instructeur ou d&rsquo;un entra\u00eeneur, Talemy LMS appara\u00eet comme la solution id\u00e9ale pour dispenser du mat\u00e9riel \u00e9ducatif aux \u00e9l\u00e8ves, assurant une efficacit\u00e9 et une efficacit\u00e9 optimales.<\/p>\n","protected":false},"featured_media":145447,"comment_status":"open","ping_status":"open","template":"","meta":[],"product_brand":[2433],"product_cat":[1242,1212,1213],"product_tag":[1366],"class_list":{"0":"post-114827","1":"product","2":"type-product","3":"status-publish","4":"has-post-thumbnail","6":"product_brand-themeforest","7":"product_cat-creatif","8":"product_cat-themes","9":"product_cat-wordpress-themes","10":"product_tag-themeforest","11":"member-discount","12":"discount-restricted","14":"first","15":"instock","16":"sale","17":"downloadable","18":"virtual","19":"sold-individually","20":"purchasable","21":"product-type-simple"},"_links":{"self":[{"href":"https:\/\/gpl-love.com\/fr\/wp-json\/wp\/v2\/product\/114827","targetHints":{"allow":["GET"]}}],"collection":[{"href":"https:\/\/gpl-love.com\/fr\/wp-json\/wp\/v2\/product"}],"about":[{"href":"https:\/\/gpl-love.com\/fr\/wp-json\/wp\/v2\/types\/product"}],"replies":[{"embeddable":true,"href":"https:\/\/gpl-love.com\/fr\/wp-json\/wp\/v2\/comments?post=114827"}],"wp:featuredmedia":[{"embeddable":true,"href":"https:\/\/gpl-love.com\/fr\/wp-json\/wp\/v2\/media\/145447"}],"wp:attachment":[{"href":"https:\/\/gpl-love.com\/fr\/wp-json\/wp\/v2\/media?parent=114827"}],"wp:term":[{"taxonomy":"product_brand","embeddable":true,"href":"https:\/\/gpl-love.com\/fr\/wp-json\/wp\/v2\/product_brand?post=114827"},{"taxonomy":"product_cat","embeddable":true,"href":"https:\/\/gpl-love.com\/fr\/wp-json\/wp\/v2\/product_cat?post=114827"},{"taxonomy":"product_tag","embeddable":true,"href":"https:\/\/gpl-love.com\/fr\/wp-json\/wp\/v2\/product_tag?post=114827"}],"curies":[{"name":"wp","href":"https:\/\/api.w.org\/{rel}","templated":true}]}}