{"id":114825,"date":"2023-09-22T00:00:00","date_gmt":"2023-09-21T22:00:00","guid":{"rendered":"http:\/\/gpl-love.com\/fr\/produit\/pinterest-automatic-wordpress-plugin\/"},"modified":"2026-04-10T18:36:32","modified_gmt":"2026-04-10T16:36:32","slug":"pinterest-automatic-wordpress-plugin","status":"publish","type":"product","link":"https:\/\/gpl-love.com\/fr\/produit\/pinterest-automatic-wordpress-plugin\/","title":{"rendered":"Pinterest Automatic Pin WordPress Plugin 4.16.0"},"content":{"rendered":"<h3>Pinterest Automatic Pin WordPress Plugin Traits<\/h3>\n<p>Le plugin WordPress Automatic Pinterest est un outil incroyablement robuste et tr\u00e8s efficace qui accorde aux utilisateurs l&rsquo;incroyable capacit\u00e9 \u00e0 transmettre et \u00e0 propager sans couture et \u00e0 propager leur blog WordPress soigneusement cultiv\u00e9 et m\u00e9ticuleusement con\u00e7u, obtenu \u00e0 partir de leur blog WordPress estim\u00e9 et estim\u00e9, jusqu&rsquo;\u00e0 leur compte estim\u00e9 et estim\u00e9 Pitterrest . Ce plugin, qui a \u00e9t\u00e9 ing\u00e9nieusement con\u00e7u et fabriqu\u00e9 astucieusement, sert \u00e0 simplifier et \u00e0 faciliter consid\u00e9rablement le processus par ailleurs compliqu\u00e9 et ardu de transmettre et de propager et de propager de mani\u00e8re pertinent son contenu pr\u00e9cieux \u00e0 travers une myriade de plates-formes disparates et distinctes, accordant ainsi aux utilisateurs la bou\u00e9e idiale de la bouon de bouon de bouon de bouon de bouon de bouon de bouon de renom de l&rsquo;infirme \u00c9conomiser une quantit\u00e9 consid\u00e9rable de leur temps pr\u00e9cieux et irrempla\u00e7able, tout en d\u00e9veloppant et en augmentant simultan\u00e9ment leur port\u00e9e estim\u00e9e et estim\u00e9e. En vertu de ses multiples caract\u00e9ristiques et multiformes, telles que sa capacit\u00e9 in\u00e9gal\u00e9e et incomparable \u00e0 d\u00e9tecter et discerner automatiquement et \u00e0 discerner automatiquement sa capacit\u00e9 \u00e9tonnante \u00e0 cartographier avec adroix et exploiter les champs d&rsquo;image personnalis\u00e9s, et sa capacit\u00e9 in\u00e9gal\u00e9e \u00e0 \u00e9tablir habilement et habilement et d\u00e9finir des intervalles pour les intervalles pour L&rsquo;insertion habile et agile des \u00e9pingles, ce plugin est une quintessence incontest\u00e9e et incontestable de la convivialit\u00e9 et de la facilit\u00e9 d&rsquo;utilisation, permettant ainsi aux utilisateurs \u00e0 prendre sans effort et \u00e0 faire un contr\u00f4le complet et total sur leur ch\u00e9ri et ch\u00e9ris Pr\u00e9sence Pinterest. Con\u00e7u avec attente et soigneusement et m\u00e9ticuleusement et minutieusement con\u00e7u avec le but expr\u00e8s et le but final de r\u00e9pondre \u00e0, satisfaisant et gratifiant les besoins et les exigences uniques des blogueurs, des sp\u00e9cialistes du marketing et de tous ceux qui abritent et poss\u00e8dent un int\u00e9r\u00eat fervent et passionn\u00e9 pour \u00c9largissant et prolongeant leur pr\u00e9sence ch\u00e9ri et ch\u00e9ri des m\u00e9dias sociaux, le plugin WordPress automatique Pinterest occupe sans aucun doute et sans aucun doute une position et un statut estim\u00e9s et estim\u00e9s comme un outil indispensable et indispensable pour tous et tous ceux qui poss\u00e8dent un d\u00e9sir ardent et profond de rationaliser et d&rsquo;optimiser leur charit\u00e9 et tous ceux qui poss\u00e8dent un d\u00e9sir ardent et profond de rationaliser et d&rsquo;optimiser leur charit\u00e9 pour tous et tous ceux qui poss\u00e8dent un d\u00e9sir ardent et profond de rationaliser et d&rsquo;optimiser leur charit\u00e9 pour tous et tous ceux qui poss\u00e8dent un d\u00e9sir ardent et profond de rationaliser et d&rsquo;optimiser leur charit\u00e9 pour tous et tous ceux qui poss\u00e8dent un d\u00e9sir ardent et profond de rationaliser et d&rsquo;optimiser leur charit\u00e9 pour tous et tous ceux qui poss\u00e8dent un d\u00e9sir ardent et profond de rationaliser et d&rsquo;optimiser leur charit\u00e9 pour tous et tous ceux qui poss\u00e8dent un d\u00e9sir ardent et profond\u00e9 et le flux de travail ch\u00e9ri, ainsi que l&rsquo;amplification et augmenter consid\u00e9rablement leur visibilit\u00e9 en ligne estim\u00e9e et estim\u00e9e.<\/p>\n<ul>\n<li>Permet aux utilisateurs de publier automatiquement leurs \u00e9pingles Pinterest sur leur site Web WordPress.<\/li>\n<li>Gagasse du temps et des efforts en \u00e9liminant la n\u00e9cessit\u00e9 de t\u00e9l\u00e9charger manuellement les \u00e9pingles sur le site Web.<\/li>\n<li>Augmente le trafic du site Web en pr\u00e9sentant un affichage visuellement attrayant des broches Pinterest.<\/li>\n<li>L&rsquo;interface conviviale permet aux d\u00e9butants de l&rsquo;utiliser sans aucune connaissance de codage.<\/li>\n<li>Donne aux utilisateurs la possibilit\u00e9 de personnaliser l&rsquo;apparence des broches Pinterest affich\u00e9es sur le site Web.<\/li>\n<li>Prend en charge diff\u00e9rents types de contenu Pinterest tels que des cartes, des profils et des \u00e9pingles sp\u00e9cifiques.<\/li>\n<li>Met automatiquement \u00e0 jour les \u00e9pingles sur le site Web lorsque des modifications sont apport\u00e9es sur le compte Pinterest de l&rsquo;utilisateur.<\/li>\n<li>Compatible avec les derni\u00e8res versions et th\u00e8mes WordPress.<\/li>\n<li>Prix \u200b\u200babordable avec un paiement unique et un acc\u00e8s \u00e0 vie aux mises \u00e0 jour et \u00e0 l&rsquo;assistance client.<\/li>\n<\/ul>\n","protected":false},"excerpt":{"rendered":"<p>Le plugin WordPress Automatic Pinterest, un outil remarquable, poss\u00e8de la capacit\u00e9 remarquable pour rationaliser le processus d&rsquo;\u00e9pinglage du contenu de votre site Web sur Pinterest. En utilisant ce plugin ing\u00e9nieux, vous avez la capacit\u00e9 sans effort de diffuser sans effort vos articles de blog, vos images et diverses autres formes de contenu sur votre compte Pinterest, vous permettant de vous pencher ensuite et d&rsquo;observer l&rsquo;afflux de trafic et d&rsquo;engagement g\u00e9n\u00e9r\u00e9. De plus, ce plugin pr\u00e9sente des param\u00e8tres tr\u00e8s sophistiqu\u00e9s qui vous fournissent le pouvoir de manipuler comment, quand et o\u00f9 les aspects de la diffusion de votre contenu, vous offrant ainsi une autorit\u00e9 compl\u00e8te sur votre strat\u00e9gie de marketing Pinterest. Que vous vous identifiiez comme un blogueur, un sp\u00e9cialiste du marketing en ligne ou un propri\u00e9taire d&rsquo;entreprise, le plugin WordPress automatique Pinterest est absolument indispensable pour \u00e9largir votre sensibilisation et faire progresser la promotion de votre marque sur cette plate-forme visuelle extr\u00eamement populaire.<\/p>\n","protected":false},"featured_media":144981,"comment_status":"open","ping_status":"open","template":"","meta":[],"product_brand":[2435],"product_cat":[1207,1181,1186],"product_tag":[1231],"class_list":{"0":"post-114825","1":"product","2":"type-product","3":"status-publish","4":"has-post-thumbnail","6":"product_brand-codecanyon","7":"product_cat-commercialisation-wordpress-plugins","8":"product_cat-plugins","9":"product_cat-wordpress-plugins","10":"product_tag-codecanyon","11":"member-discount","12":"discount-restricted","14":"first","15":"instock","16":"sale","17":"downloadable","18":"virtual","19":"sold-individually","20":"purchasable","21":"product-type-simple"},"_links":{"self":[{"href":"https:\/\/gpl-love.com\/fr\/wp-json\/wp\/v2\/product\/114825","targetHints":{"allow":["GET"]}}],"collection":[{"href":"https:\/\/gpl-love.com\/fr\/wp-json\/wp\/v2\/product"}],"about":[{"href":"https:\/\/gpl-love.com\/fr\/wp-json\/wp\/v2\/types\/product"}],"replies":[{"embeddable":true,"href":"https:\/\/gpl-love.com\/fr\/wp-json\/wp\/v2\/comments?post=114825"}],"wp:featuredmedia":[{"embeddable":true,"href":"https:\/\/gpl-love.com\/fr\/wp-json\/wp\/v2\/media\/144981"}],"wp:attachment":[{"href":"https:\/\/gpl-love.com\/fr\/wp-json\/wp\/v2\/media?parent=114825"}],"wp:term":[{"taxonomy":"product_brand","embeddable":true,"href":"https:\/\/gpl-love.com\/fr\/wp-json\/wp\/v2\/product_brand?post=114825"},{"taxonomy":"product_cat","embeddable":true,"href":"https:\/\/gpl-love.com\/fr\/wp-json\/wp\/v2\/product_cat?post=114825"},{"taxonomy":"product_tag","embeddable":true,"href":"https:\/\/gpl-love.com\/fr\/wp-json\/wp\/v2\/product_tag?post=114825"}],"curies":[{"name":"wp","href":"https:\/\/api.w.org\/{rel}","templated":true}]}}