{"id":114769,"date":"2025-10-28T00:00:00","date_gmt":"2025-10-27T23:00:00","guid":{"rendered":"http:\/\/gpl-love.com\/fr\/produit\/woocommerce-vouchers-pdf-plugin\/"},"modified":"2026-03-20T23:46:53","modified_gmt":"2026-03-20T22:46:53","slug":"woocommerce-vouchers-pdf-plugin","status":"publish","type":"product","link":"https:\/\/gpl-love.com\/fr\/produit\/woocommerce-vouchers-pdf-plugin\/","title":{"rendered":"WooCommerce PDF Vouchers Plugin 5.2.3"},"content":{"rendered":"<h3>WooCommerce PDF Vouchers Plugin Traits<\/h3>\n<p>Le plugin de bons PDF WooCommerce, un outil tr\u00e8s efficace et convivial, est con\u00e7u pour faciliter la g\u00e9n\u00e9ration et la gestion des bons PDF pour votre boutique en ligne. Ce plugin remarquable vous permet non seulement de cr\u00e9er et de personnaliser sans effort des bons, mais permet \u00e9galement leur utilisation \u00e0 diverses fins, englobant des cartes-cadeaux, des coupons de r\u00e9duction et des offres promotionnelles. \u00c9quip\u00e9 d&rsquo;une interface intuitive et de param\u00e8tres polyvalents, vous pouvez \u00e9tablir et superviser de mani\u00e8re transparente vos campagnes de bon, surveiller avec diligence leurs dates d&rsquo;utilisation et d&rsquo;expiration. De plus, le plugin facilite la commodit\u00e9 de livrer directement ces bons attrayants \u00e0 votre client\u00e8le estim\u00e9e par e-mail. Sans aucun doute, ce plugin indispensable est un investissement imp\u00e9ratif pour toute entreprise de commerce \u00e9lectronique aspirant \u00e0 am\u00e9liorer les ventes et \u00e0 forger des relations clients plus fortes, en offrant des bons sur mesure et visuellement attrayants qui sont \u00e0 la fois sans effort pour \u00e9changer et facilement tra\u00e7ables.<\/p>\n<ul>\n<li>Permet la cr\u00e9ation et la distribution des bons PDF pour les magasins WooCommerce<\/li>\n<li>Permet la personnalisation de la conception et du contenu des bons<\/li>\n<li>Prend en charge plusieurs types de bons, notamment \u00e0 usage unique, aux cartes-cadeaux, aux bons de r\u00e9duction et plus<\/li>\n<li>S&rsquo;int\u00e8gre \u00e0 diverses passerelles de paiement et m\u00e9thodes d&rsquo;exp\u00e9dition<\/li>\n<li>Processus de remboursement de bon facile pour les clients avec des codes de bons uniques<\/li>\n<li>Syst\u00e8me de rapport complet pour le suivi de l&rsquo;utilisation et des ventes des bons<\/li>\n<li>Expiration automatique des bons et limitations d&rsquo;utilisation<\/li>\n<li>Support multilingue pour les clients internationaux<\/li>\n<li>Compatible avec une large gamme de th\u00e8mes et plugins WooCommerce<\/li>\n<li>Mises \u00e0 jour r\u00e9guli\u00e8res et support client fourni<\/li>\n<\/ul>\n","protected":false},"excerpt":{"rendered":"<p>Le plugin de bons PDF WooCommerce sert de r\u00e9solution par excellence et la plus optimale pour la cr\u00e9ation et la vente de bons adaptables, de certificats-cadeaux et de coupons dans le domaine de votre emporium num\u00e9rique. En utilisant ce plugin ing\u00e9nieux, vous obtenez la capacit\u00e9 transparente \u00e0 g\u00e9n\u00e9rer sans effort des bons PDF qui poss\u00e8dent le potentiel d&rsquo;\u00eatre \u00e9chang\u00e9 en magasin ou via des plates-formes en ligne, tout en vous permettant simultan\u00e9ment d&rsquo;adapter la mise en page et la conception de chaque bon d&rsquo;une mani\u00e8re qui est sur mesure avec votre identit\u00e9 de marque. Cet outil remarquable vous accorde une gamme de fonctionnalit\u00e9s, y compris, mais sans s&rsquo;y limiter, les codes de bons personnalis\u00e9s, une pl\u00e9thore de mod\u00e8les de bons divers et la capacit\u00e9 inestimable de surveiller et de superviser m\u00e9ticuleusement l&rsquo;utilisation des bons, faisant ainsi de la gestion de vos bons une t\u00e2che une t\u00e2che une t\u00e2che qui est d\u00e9pourvu de toute ardu. En fin de compte, l&rsquo;int\u00e9gration du plugin de bons PDF WooCommerce dans votre \u00e9tablissement en ligne sert de moyen exceptionnellement efficace pour augmenter vos chiffres de vente et favoriser la fid\u00e9lit\u00e9 in\u00e9branlable.<\/p>\n","protected":false},"featured_media":145966,"comment_status":"open","ping_status":"closed","template":"","meta":[],"product_brand":[2435],"product_cat":[1200,1182,1181],"product_tag":[1231],"class_list":{"0":"post-114769","1":"product","2":"type-product","3":"status-publish","4":"has-post-thumbnail","6":"product_brand-codecanyon","7":"product_cat-commercialisation","8":"product_cat-commerce-electronique-plugins","9":"product_cat-plugins","10":"product_tag-codecanyon","11":"member-discount","12":"discount-restricted","14":"first","15":"instock","16":"sale","17":"downloadable","18":"virtual","19":"sold-individually","20":"purchasable","21":"product-type-simple"},"_links":{"self":[{"href":"https:\/\/gpl-love.com\/fr\/wp-json\/wp\/v2\/product\/114769","targetHints":{"allow":["GET"]}}],"collection":[{"href":"https:\/\/gpl-love.com\/fr\/wp-json\/wp\/v2\/product"}],"about":[{"href":"https:\/\/gpl-love.com\/fr\/wp-json\/wp\/v2\/types\/product"}],"replies":[{"embeddable":true,"href":"https:\/\/gpl-love.com\/fr\/wp-json\/wp\/v2\/comments?post=114769"}],"wp:featuredmedia":[{"embeddable":true,"href":"https:\/\/gpl-love.com\/fr\/wp-json\/wp\/v2\/media\/145966"}],"wp:attachment":[{"href":"https:\/\/gpl-love.com\/fr\/wp-json\/wp\/v2\/media?parent=114769"}],"wp:term":[{"taxonomy":"product_brand","embeddable":true,"href":"https:\/\/gpl-love.com\/fr\/wp-json\/wp\/v2\/product_brand?post=114769"},{"taxonomy":"product_cat","embeddable":true,"href":"https:\/\/gpl-love.com\/fr\/wp-json\/wp\/v2\/product_cat?post=114769"},{"taxonomy":"product_tag","embeddable":true,"href":"https:\/\/gpl-love.com\/fr\/wp-json\/wp\/v2\/product_tag?post=114769"}],"curies":[{"name":"wp","href":"https:\/\/api.w.org\/{rel}","templated":true}]}}