{"id":114767,"date":"2025-11-06T00:00:00","date_gmt":"2025-11-05T23:00:00","guid":{"rendered":"http:\/\/gpl-love.com\/fr\/produit\/request-a-quote-pour-woocommerce\/"},"modified":"2026-04-10T18:38:00","modified_gmt":"2026-04-10T16:38:00","slug":"request-a-quote-pour-woocommerce","status":"publish","type":"product","link":"https:\/\/gpl-love.com\/fr\/produit\/request-a-quote-pour-woocommerce\/","title":{"rendered":"Request a Quote pour WooCommerce 2.9.0"},"content":{"rendered":"<h3>Request a Quote pour WooCommerce Traits<\/h3>\n<p>La demande d&rsquo;un devis pour WooCommerce est un outil indispensable pour les entreprises qui cherchent \u00e0 offrir \u00e0 leurs clients la possibilit\u00e9 de demander un devis avant de finaliser un achat. Ce plugin remarquable simplifie consid\u00e9rablement le processus de demande de devis en g\u00e9n\u00e9rant ing\u00e9nieusement un bouton d\u00e9sign\u00e9 sur la page du produit. En utilisant cette fonctionnalit\u00e9, les clients sont autoris\u00e9s \u00e0 inclure sans effort le produit souhait\u00e9 dans leur liste de devis m\u00e9ticuleusement organis\u00e9e, qu&rsquo;ils soumettent par la suite pour une \u00e9valuation approfondie. Par la suite, le propri\u00e9taire du magasin astucieux est rapidement inform\u00e9 de ladite demande et obtient la capacit\u00e9 de r\u00e9pondre rapidement avec un devis m\u00e9ticuleusement sur mesure, englobant des consid\u00e9rations globales telles que l&rsquo;exp\u00e9dition, les taxes et tout pr\u00e9l\u00e8vement suppl\u00e9mentaire. De plus, les options de personnalisation in\u00e9gal\u00e9es de ce plugin engendrent un niveau de flexibilit\u00e9 in\u00e9gal\u00e9, permettant aux propri\u00e9taires de magasins de modeler adroitement le processus de demande de devis pour adapter m\u00e9ticuleusement leurs exigences idiosyncratiques. Par cons\u00e9quent, ce plugin profite \u00e0 une exp\u00e9rience d&rsquo;achat remarquablement transparente pour les clients, tout en acc\u00e9l\u00e9rant et en rationalisant simultan\u00e9ment l&rsquo;ensemble du processus de vente pour les entreprises.<\/p>\n<ul>\n<li>Permet aux clients de demander facilement un devis pour les produits sur votre boutique WooCommerce<\/li>\n<li>Rationalise le processus de citation pour les clients et les propri\u00e9taires de magasins<\/li>\n<li>Champs de formulaire et param\u00e8tres personnalisables pour r\u00e9pondre aux besoins de votre entreprise<\/li>\n<li>Fournit des notifications par e-mail automatis\u00e9es aux clients et aux propri\u00e9taires de magasins<\/li>\n<li>Int\u00e9gration avec des passerelles de paiement populaires pour accepter les d\u00e9p\u00f4ts pour les commandes personnalis\u00e9es<\/li>\n<li>Gagnez du temps en permettant aux clients de soumettre des demandes de devis au lieu de cr\u00e9er manuellement des commandes personnalis\u00e9es<\/li>\n<li>Aide \u00e0 augmenter les ventes en convertissant les clients h\u00e9sitants en prospects<\/li>\n<li>Prend en charge plusieurs langues et devises pour les magasins internationaux<\/li>\n<li>Interface conviviale qui permet aux clients de demander facilement un devis<\/li>\n<li>Compatible avec une large gamme de th\u00e8mes et plugins WooCommerce<\/li>\n<\/ul>\n","protected":false},"excerpt":{"rendered":"<p>Cherchez-vous un moyen d&rsquo;optimiser votre processus de vente et de fournir une exp\u00e9rience d&rsquo;achat transparente \u00e0 vos clients? Ne cherchez pas plus loin que de demander un devis pour WooCommerce! Cet outil puissant est con\u00e7u pour rationaliser votre processus de vente en permettant aux clients de demander commod\u00e9ment des devis pour leurs produits souhait\u00e9s directement via la plate-forme WooCommerce. Il est r\u00e9volu le temps des n\u00e9gociations sans fin et de la confusion sur les prix et les quantit\u00e9s. Avec une demande de devis pour WooCommerce, les clients peuvent demander et n\u00e9gocier sans effort les prix et les quantit\u00e9s de produits avant de faire leur achat final, garantissant une exp\u00e9rience d&rsquo;achat plus personnalis\u00e9e et plus efficace. Mais ce n&rsquo;est pas tout &#8211; ce plugin propose \u00e9galement des formulaires de devis personnalisables et des notifications par e-mail, ce qui en fait un jeu d&rsquo;enfant pour les entreprises pour g\u00e9rer et suivre les demandes de devis. Dites au revoir aux processus manuels et bonjour aux ventes accrues et \u00e0 la satisfaction accrue du client avec demande un devis pour woocommerce. C&rsquo;est la solution parfaite pour les entreprises qui cherchent \u00e0 faire passer leurs ventes au niveau sup\u00e9rieur.<\/p>\n","protected":false},"featured_media":145106,"comment_status":"open","ping_status":"open","template":"","meta":[],"product_brand":[2440],"product_cat":[1182,1223,1181],"product_tag":[1398],"class_list":{"0":"post-114767","1":"product","2":"type-product","3":"status-publish","4":"has-post-thumbnail","6":"product_brand-woocommerce","7":"product_cat-commerce-electronique-plugins","8":"product_cat-personnalisation-commerce-electronique-plugins","9":"product_cat-plugins","10":"product_tag-woocommerce","11":"member-discount","12":"discount-restricted","14":"first","15":"instock","16":"sale","17":"downloadable","18":"virtual","19":"sold-individually","20":"purchasable","21":"product-type-simple"},"_links":{"self":[{"href":"https:\/\/gpl-love.com\/fr\/wp-json\/wp\/v2\/product\/114767","targetHints":{"allow":["GET"]}}],"collection":[{"href":"https:\/\/gpl-love.com\/fr\/wp-json\/wp\/v2\/product"}],"about":[{"href":"https:\/\/gpl-love.com\/fr\/wp-json\/wp\/v2\/types\/product"}],"replies":[{"embeddable":true,"href":"https:\/\/gpl-love.com\/fr\/wp-json\/wp\/v2\/comments?post=114767"}],"wp:featuredmedia":[{"embeddable":true,"href":"https:\/\/gpl-love.com\/fr\/wp-json\/wp\/v2\/media\/145106"}],"wp:attachment":[{"href":"https:\/\/gpl-love.com\/fr\/wp-json\/wp\/v2\/media?parent=114767"}],"wp:term":[{"taxonomy":"product_brand","embeddable":true,"href":"https:\/\/gpl-love.com\/fr\/wp-json\/wp\/v2\/product_brand?post=114767"},{"taxonomy":"product_cat","embeddable":true,"href":"https:\/\/gpl-love.com\/fr\/wp-json\/wp\/v2\/product_cat?post=114767"},{"taxonomy":"product_tag","embeddable":true,"href":"https:\/\/gpl-love.com\/fr\/wp-json\/wp\/v2\/product_tag?post=114767"}],"curies":[{"name":"wp","href":"https:\/\/api.w.org\/{rel}","templated":true}]}}