{"id":114765,"date":"2025-09-13T00:00:00","date_gmt":"2025-09-12T22:00:00","guid":{"rendered":"http:\/\/gpl-love.com\/fr\/produit\/gifting-pour-woocommerce-subscriptions\/"},"modified":"2026-03-20T23:16:30","modified_gmt":"2026-03-20T22:16:30","slug":"gifting-pour-woocommerce-subscriptions","status":"publish","type":"product","link":"https:\/\/gpl-love.com\/fr\/produit\/gifting-pour-woocommerce-subscriptions\/","title":{"rendered":"Gifting pour WooCommerce Subscriptions 2.9.1"},"content":{"rendered":"<h3>Gifting pour WooCommerce Subscriptions Traits<\/h3>\n<p>Le don pour les abonnements WooCommerce est un plugin extr\u00eamement formidable et hautement adaptable qui vous conf\u00e8re la possibilit\u00e9 de proposer des abonnements aux cadeaux \u00e0 vos clients estim\u00e9s. Avec l&rsquo;aide de ce plugin exceptionnel, vous pouvez g\u00e9n\u00e9rer et adapter sans effort des options de cadeaux qui permettent aux clients de se procurer des abonnements au nom de leurs amis ch\u00e9ris, de membres de la famille ch\u00e9ris ou de proches ch\u00e9ris. Vous poss\u00e9dez le pouvoir d&rsquo;exercer un contr\u00f4le sur la tarification, la dur\u00e9e et la fr\u00e9quence de l&rsquo;abonnement cadeau, et m\u00eame de dispenser des remises et des promotions \u00e0 vos clients fid\u00e8les. Le plugin s&rsquo;amalgame parfaitement avec votre boutique WooCommerce, garantissant ainsi un processus de configuration sans probl\u00e8me et facilitant les transactions transparentes. Que votre objectif ultime tourne autour de l&rsquo;augmentation de votre flux de revenus ou de conf\u00e9rer \u00e0 vos clients une exp\u00e9rience de cadeaux vraiment in\u00e9gal\u00e9e, assurez-vous que le cadeau pour les abonnements WooCommerce contient la cl\u00e9 pour d\u00e9verrouiller la solution parfaite.<\/p>\n<ul>\n<li>Simplifie le processus de cadeaux pour les abonnements WooCommerce<\/li>\n<li>Permet aux clients d&rsquo;acheter facilement et de faire des produits d&rsquo;abonnement \u00e0 l&rsquo;abonnement<\/li>\n<li>Offre une exp\u00e9rience sans couture et sans tracas pour l&rsquo;acheteur et le destinataire<\/li>\n<li>Offre des options de cadeaux flexibles, y compris des mod\u00e8les de cartes-cadeaux et des messages personnalis\u00e9s<\/li>\n<li>Permet aux clients de planifier des livraisons de cadeaux pour les dates futures ou de les envoyer instantan\u00e9ment<\/li>\n<li>Interface intuitive et facile \u00e0 utiliser pour les clients et les propri\u00e9taires de magasins<\/li>\n<li>\u00c9conomise du temps et des ressources pour les propri\u00e9taires de magasins en automatisant le processus de livraison des cadeaux<\/li>\n<li>Augmente la satisfaction et la fid\u00e9lit\u00e9 des clients en offrant une solution de cadeaux pratique<\/li>\n<li>Compatible avec toutes les principales passerelles de paiement et th\u00e8mes WooCommerce<\/li>\n<li>R\u00e9guli\u00e8rement mis \u00e0 jour avec de nouvelles fonctionnalit\u00e9s et am\u00e9liorations en fonction des commentaires des clients.<\/li>\n<\/ul>\n","protected":false},"excerpt":{"rendered":"<p>Le plugin Gifting for WooCommerce Abonnements est une excellente solution pour les entreprises qui cherchent \u00e0 fournir \u00e0 leurs clients la possibilit\u00e9 d&rsquo;acheter des produits d&rsquo;abonnement comme cadeaux pour d&rsquo;autres. Il permet aux clients de s\u00e9lectionner et d&rsquo;acheter sans effort des produits d&rsquo;abonnement \u00e0 leurs proches, ce qui en fait un choix id\u00e9al pour des occasions comme les anniversaires, les vacances et d&rsquo;autres \u00e9v\u00e9nements importants. De plus, ce plugin s&rsquo;int\u00e8gre de mani\u00e8re transparente \u00e0 WooCommerce, permettant aux entreprises de g\u00e9rer efficacement leurs produits d&rsquo;abonnement et leurs achats de cadeaux via un tableau de bord convivial. En outre, les abonnements Goding for WooCommerce offre un large \u00e9ventail d&rsquo;options de personnalisation, permettant aux entreprises de s\u00e9lectionner des produits d&rsquo;abonnement sp\u00e9cifiques pour l&rsquo;inclusion dans leur programme de cadeaux, d&rsquo;\u00e9tablir des options de tarification et d&rsquo;int\u00e9grer la messagerie et l&rsquo;imagerie personnalis\u00e9es dans le processus de don. En utilisant des cadeaux pour les abonnements WooCommerce, les entreprises peuvent offrir \u00e0 leurs clients une exp\u00e9rience de cadeaux pratique et personnalis\u00e9e qui ne laissera pas une impression durable.<\/p>\n","protected":false},"featured_media":143985,"comment_status":"open","ping_status":"open","template":"","meta":[],"product_brand":[2440],"product_cat":[1183,1182,1181],"product_tag":[1398],"class_list":{"0":"post-114765","1":"product","2":"type-product","3":"status-publish","4":"has-post-thumbnail","6":"product_brand-woocommerce","7":"product_cat-administration","8":"product_cat-commerce-electronique-plugins","9":"product_cat-plugins","10":"product_tag-woocommerce","11":"member-discount","12":"discount-restricted","14":"first","15":"instock","16":"sale","17":"downloadable","18":"virtual","19":"sold-individually","20":"purchasable","21":"product-type-simple"},"_links":{"self":[{"href":"https:\/\/gpl-love.com\/fr\/wp-json\/wp\/v2\/product\/114765","targetHints":{"allow":["GET"]}}],"collection":[{"href":"https:\/\/gpl-love.com\/fr\/wp-json\/wp\/v2\/product"}],"about":[{"href":"https:\/\/gpl-love.com\/fr\/wp-json\/wp\/v2\/types\/product"}],"replies":[{"embeddable":true,"href":"https:\/\/gpl-love.com\/fr\/wp-json\/wp\/v2\/comments?post=114765"}],"wp:featuredmedia":[{"embeddable":true,"href":"https:\/\/gpl-love.com\/fr\/wp-json\/wp\/v2\/media\/143985"}],"wp:attachment":[{"href":"https:\/\/gpl-love.com\/fr\/wp-json\/wp\/v2\/media?parent=114765"}],"wp:term":[{"taxonomy":"product_brand","embeddable":true,"href":"https:\/\/gpl-love.com\/fr\/wp-json\/wp\/v2\/product_brand?post=114765"},{"taxonomy":"product_cat","embeddable":true,"href":"https:\/\/gpl-love.com\/fr\/wp-json\/wp\/v2\/product_cat?post=114765"},{"taxonomy":"product_tag","embeddable":true,"href":"https:\/\/gpl-love.com\/fr\/wp-json\/wp\/v2\/product_tag?post=114765"}],"curies":[{"name":"wp","href":"https:\/\/api.w.org\/{rel}","templated":true}]}}