{"id":114761,"date":"2021-09-14T00:00:00","date_gmt":"2021-09-13T22:00:00","guid":{"rendered":"http:\/\/gpl-love.com\/fr\/produit\/super-store-finder-pour-wordpress\/"},"modified":"2026-04-10T18:41:42","modified_gmt":"2026-04-10T16:41:42","slug":"super-store-finder-pour-wordpress","status":"publish","type":"product","link":"https:\/\/gpl-love.com\/fr\/produit\/super-store-finder-pour-wordpress\/","title":{"rendered":"Super Store Finder pour WordPress 6.6"},"content":{"rendered":"<h3>Super Store Finder pour WordPress Traits<\/h3>\n<p>Super Store Finder pour WordPress est un plugin incroyablement robuste et tr\u00e8s efficace qui accorde aux utilisateurs la capacit\u00e9 transparente \u00e0 pr\u00e9senter sans effort leurs diff\u00e9rents emplacements de magasin sur une carte visuellement attrayante. Avec son interface remarquablement conviviale et ses fonctionnalit\u00e9s personnalisables incroyablement polyvalentes, ce plugin r\u00e9volutionnaire permet aux utilisateurs d&rsquo;incorporer un nombre ind\u00e9fini d&#8217;emplacements de magasins, chacun est m\u00e9ticuleusement enrichi avec un \u00e9ventail de d\u00e9tails complexes, des images captivantes et un assortiment de filtres de recherche convenables. En outre, cet outil exceptionnel offre aux utilisateurs la capacit\u00e9 inestimable d&rsquo;importer sans effort les emplacements des magasins \u00e0 partir de fichiers CSV, tout en \u00e9tendant sa prise en charge in\u00e9branlable pour une vaste gamme de langues et de styles de carte personnalis\u00e9s. En illustrant une brillance in\u00e9gal\u00e9e, ce plugin extraordinaire est sans \u00e9quivoque la solution ultime pour les entreprises qui aspirent \u00e0 \u00e9lever et \u00e0 optimiser leur exp\u00e9rience client en offrant un moyen transparent et sans effort d&rsquo;acc\u00e9der \u00e0 leurs divers emplacements de magasins. De plus, il s&rsquo;agit d&rsquo;un actif indispensable pour tout site Web qui vise \u00e0 pr\u00e9senter impeccablement leurs \u00e9tablissements de brique et de mortier aux yeux exigeants de leur client\u00e8le estim\u00e9e.<\/p>\n<ul>\n<li>Affichage de carte interactif et personnalisable<\/li>\n<li>Fonction de recherche avanc\u00e9e avec diverses options de filtre<\/li>\n<li>Panneau d&rsquo;administration facile \u00e0 utiliser pour la gestion des emplacements et des donn\u00e9es des magasins<\/li>\n<li>Prise en charge de plusieurs emplacements et cat\u00e9gories de magasins<\/li>\n<li>Compatibilit\u00e9 avec tous les th\u00e8mes WordPress<\/li>\n<li>Conception r\u00e9active mobile pour une exp\u00e9rience utilisateur optimale sur n&rsquo;importe quel appareil<\/li>\n<li>Int\u00e9gration avec l&rsquo;API Google Maps pour les informations de localisation pr\u00e9cises et \u00e0 jour<\/li>\n<li>Marqueurs et ic\u00f4nes personnalisables pour chaque magasin Emplacement<\/li>\n<li>Possibilit\u00e9 d&rsquo;afficher des informations de magasin telles que les heures d&rsquo;ouverture, les coordonn\u00e9es et les avis<\/li>\n<li>Interface conviviale pour les clients pour trouver et naviguer vers les emplacements de stockage avec facilit\u00e9<\/li>\n<\/ul>\n","protected":false},"excerpt":{"rendered":"<p>Super Store Finder pour WordPress propose une solution in\u00e9gal\u00e9e pour la cr\u00e9ation d&rsquo;un localisateur de magasin pr\u00e9cis et convivial sur votre site Web WordPress. Son int\u00e9gration avec Google Maps et la disponibilit\u00e9 de filtres de recherche personnalisables rendent les utilisateurs sans effort pour localiser leur magasin le plus proche ou tout emplacement souhait\u00e9 avec un minimum d&rsquo;effort. En outre, ce plugin impressionnant offre la commodit\u00e9 de t\u00e9l\u00e9charger sans effort des emplacements et prend en charge l&rsquo;inclusion de plusieurs emplacements pour un seul utilisateur. B\u00e9n\u00e9ficiant d&rsquo;un design \u00e9l\u00e9gant et contemporain, Super Store Finder pour WordPress est sans \u00e9quivoque la s\u00e9lection optimale pour toute entreprise qui cherche \u00e0 offrir \u00e0 leurs clients une exp\u00e9rience de localisateur de magasin exp\u00e9rimentale et simplifi\u00e9e.<\/p>\n","protected":false},"featured_media":145422,"comment_status":"open","ping_status":"open","template":"","meta":[],"product_brand":[2435],"product_cat":[1189,1181,1186],"product_tag":[1231],"class_list":{"0":"post-114761","1":"product","2":"type-product","3":"status-publish","4":"has-post-thumbnail","6":"product_brand-codecanyon","7":"product_cat-personnalisation","8":"product_cat-plugins","9":"product_cat-wordpress-plugins","10":"product_tag-codecanyon","11":"member-discount","12":"discount-restricted","14":"first","15":"instock","16":"sale","17":"downloadable","18":"virtual","19":"sold-individually","20":"purchasable","21":"product-type-simple"},"_links":{"self":[{"href":"https:\/\/gpl-love.com\/fr\/wp-json\/wp\/v2\/product\/114761","targetHints":{"allow":["GET"]}}],"collection":[{"href":"https:\/\/gpl-love.com\/fr\/wp-json\/wp\/v2\/product"}],"about":[{"href":"https:\/\/gpl-love.com\/fr\/wp-json\/wp\/v2\/types\/product"}],"replies":[{"embeddable":true,"href":"https:\/\/gpl-love.com\/fr\/wp-json\/wp\/v2\/comments?post=114761"}],"wp:featuredmedia":[{"embeddable":true,"href":"https:\/\/gpl-love.com\/fr\/wp-json\/wp\/v2\/media\/145422"}],"wp:attachment":[{"href":"https:\/\/gpl-love.com\/fr\/wp-json\/wp\/v2\/media?parent=114761"}],"wp:term":[{"taxonomy":"product_brand","embeddable":true,"href":"https:\/\/gpl-love.com\/fr\/wp-json\/wp\/v2\/product_brand?post=114761"},{"taxonomy":"product_cat","embeddable":true,"href":"https:\/\/gpl-love.com\/fr\/wp-json\/wp\/v2\/product_cat?post=114761"},{"taxonomy":"product_tag","embeddable":true,"href":"https:\/\/gpl-love.com\/fr\/wp-json\/wp\/v2\/product_tag?post=114761"}],"curies":[{"name":"wp","href":"https:\/\/api.w.org\/{rel}","templated":true}]}}