{"id":114742,"date":"2021-11-09T00:00:00","date_gmt":"2021-11-08T23:00:00","guid":{"rendered":"http:\/\/gpl-love.com\/fr\/produit\/wordpress-country-selector\/"},"modified":"2026-03-20T23:49:04","modified_gmt":"2026-03-20T22:49:04","slug":"wordpress-country-selector","status":"publish","type":"product","link":"https:\/\/gpl-love.com\/fr\/produit\/wordpress-country-selector\/","title":{"rendered":"WordPress Country Selector 1.6.4"},"content":{"rendered":"<h3>WordPress Country Selector Traits<\/h3>\n<p>Le s\u00e9lecteur de pays WordPress est un plugin incroyablement robuste m\u00e9ticuleusement con\u00e7u pour autonomiser les visiteurs de votre site Web avec la possibilit\u00e9 de d\u00e9signer sans effort leur pays d&rsquo;origine. Ce plugin accorde \u00e0 ses utilisateurs une vaste gamme de fonctionnalit\u00e9s, y compris, mais sans s&rsquo;y limiter, les menus d\u00e9roulants personnalisables abritant une vaste s\u00e9lection de pays, un m\u00e9canisme ing\u00e9nieux de d\u00e9tection et de redirection IP automatique, ainsi que la possibilit\u00e9 de personnaliser les drapeaux repr\u00e9sentant chaque pays. En utilisant le s\u00e9lecteur de pays WordPress, vous obtenez la capacit\u00e9 de configurer m\u00e9ticuleusement votre site Web afin de pr\u00e9senter un contenu sur mesure sp\u00e9cialement con\u00e7u des pays ou des r\u00e9gions d\u00e9sign\u00e9s, offrant ainsi une exp\u00e9rience profond\u00e9ment personnalis\u00e9e et impeccable \u00e0 vos visiteurs estim\u00e9s. En outre, ce plugin poss\u00e8de un processus d&rsquo;installation sans effort et une interface conviviale, ce qui le rend par cons\u00e9quent un atout in\u00e9gal\u00e9 pour tout site Web aspirant \u00e0 \u00e9lever son exp\u00e9rience utilisateur \u00e0 des hauteurs sans pr\u00e9c\u00e9dent.<\/p>\n<ul>\n<li>Permet aux utilisateurs de s\u00e9lectionner facilement leur pays sur un site Web WordPress<\/li>\n<li>Permet aux entreprises de fournir un contenu et des promotions cibl\u00e9es en fonction de l&#8217;emplacement d&rsquo;un utilisateur<\/li>\n<li>Offre une interface conviviale et une int\u00e9gration facile avec les th\u00e8mes WordPress existants<\/li>\n<li>Peut \u00eatre personnalis\u00e9 pour s&rsquo;adapter \u00e0 la marque et \u00e0 la conception d&rsquo;un site Web<\/li>\n<li>Prend en charge plusieurs langues et pays<\/li>\n<li>Fournit une d\u00e9tection et une redirection automatique vers la page du pays appropri\u00e9<\/li>\n<li>Aide \u00e0 am\u00e9liorer l&rsquo;exp\u00e9rience des utilisateurs et \u00e0 augmenter les taux de conversion<\/li>\n<li>Compatible avec n&rsquo;importe quelle version WordPress de -0 et plus<\/li>\n<li>Offre un support et des mises \u00e0 jour r\u00e9guli\u00e8res pour des performances fiables<\/li>\n<\/ul>\n","protected":false},"excerpt":{"rendered":"<p>Le s\u00e9lecteur de pays WordPress, un plugin tr\u00e8s robuste, offre la capacit\u00e9 d&rsquo;augmenter la fonctionnalit\u00e9 de votre site Web en int\u00e9grant un s\u00e9lecteur de pays personnalis\u00e9 et ajust\u00e9. En vous profitant de cet outil de pointe, les visiteurs de votre site seront autoris\u00e9s \u00e0 \u00e9lire sans effort leur pays pr\u00e9f\u00e9r\u00e9, facilitant ainsi la fonction de redirection automatique du plugin, qui conduit les utilisateurs \u00e0 la version la plus appropri\u00e9e de votre site Web. Cette fonctionnalit\u00e9 inestimable \u00e9l\u00e8ve non seulement l&rsquo;exp\u00e9rience utilisateur globale, mais joue \u00e9galement un r\u00f4le central dans la promotion des niveaux accrus d&rsquo;engagement et de conversions. Le processus d&rsquo;installation du s\u00e9lecteur de pays WordPress est incroyablement convivial, et il poss\u00e8de une gamme de fonctionnalit\u00e9s impressionnantes, y compris la possibilit\u00e9 de personnaliser les drapeaux et d&rsquo;automatiser la d\u00e9tection IP. Par cons\u00e9quent, ce plugin s&rsquo;av\u00e8re indispensable pour tout site WordPress, que ce soit avec une port\u00e9e globale ou celle qui cherche \u00e0 cibler sp\u00e9cifiquement des r\u00e9gions g\u00e9ographiques distinctes.<\/p>\n","protected":false},"featured_media":146105,"comment_status":"open","ping_status":"open","template":"","meta":[],"product_brand":[2435],"product_cat":[1189,1181,1186],"product_tag":[1231],"class_list":{"0":"post-114742","1":"product","2":"type-product","3":"status-publish","4":"has-post-thumbnail","6":"product_brand-codecanyon","7":"product_cat-personnalisation","8":"product_cat-plugins","9":"product_cat-wordpress-plugins","10":"product_tag-codecanyon","11":"member-discount","12":"discount-restricted","14":"first","15":"instock","16":"sale","17":"downloadable","18":"virtual","19":"sold-individually","20":"purchasable","21":"product-type-simple"},"_links":{"self":[{"href":"https:\/\/gpl-love.com\/fr\/wp-json\/wp\/v2\/product\/114742","targetHints":{"allow":["GET"]}}],"collection":[{"href":"https:\/\/gpl-love.com\/fr\/wp-json\/wp\/v2\/product"}],"about":[{"href":"https:\/\/gpl-love.com\/fr\/wp-json\/wp\/v2\/types\/product"}],"replies":[{"embeddable":true,"href":"https:\/\/gpl-love.com\/fr\/wp-json\/wp\/v2\/comments?post=114742"}],"wp:featuredmedia":[{"embeddable":true,"href":"https:\/\/gpl-love.com\/fr\/wp-json\/wp\/v2\/media\/146105"}],"wp:attachment":[{"href":"https:\/\/gpl-love.com\/fr\/wp-json\/wp\/v2\/media?parent=114742"}],"wp:term":[{"taxonomy":"product_brand","embeddable":true,"href":"https:\/\/gpl-love.com\/fr\/wp-json\/wp\/v2\/product_brand?post=114742"},{"taxonomy":"product_cat","embeddable":true,"href":"https:\/\/gpl-love.com\/fr\/wp-json\/wp\/v2\/product_cat?post=114742"},{"taxonomy":"product_tag","embeddable":true,"href":"https:\/\/gpl-love.com\/fr\/wp-json\/wp\/v2\/product_tag?post=114742"}],"curies":[{"name":"wp","href":"https:\/\/api.w.org\/{rel}","templated":true}]}}