{"id":114738,"date":"2025-12-15T00:00:00","date_gmt":"2025-12-14T23:00:00","guid":{"rendered":"http:\/\/gpl-love.com\/fr\/produit\/oxygen-gutenberg-integration\/"},"modified":"2026-03-20T23:30:17","modified_gmt":"2026-03-20T22:30:17","slug":"oxygen-gutenberg-integration","status":"publish","type":"product","link":"https:\/\/gpl-love.com\/fr\/produit\/oxygen-gutenberg-integration\/","title":{"rendered":"Oxygen Gutenberg Integration 1.4.6"},"content":{"rendered":"<h3>Oxygen Gutenberg Integration Traits<\/h3>\n<p>L&rsquo;int\u00e9gration d&rsquo;Oxygen Gutenberg est un outil logiciel remarquablement convivial qui offre aux utilisateurs la capacit\u00e9 incroyable d&rsquo;int\u00e9grer de mani\u00e8re transparente leurs sites Web d&rsquo;oxyg\u00e8ne avec l&rsquo;\u00e9diteur de Gutenberg tr\u00e8s acclam\u00e9 dans WordPress. Ce plugin extr\u00eamement robuste va au-del\u00e0, facilitant une transition sans faille de l&rsquo;oxyg\u00e8ne \u00e0 Gutenberg, dominant ainsi les utilisateurs d&rsquo;une domination in\u00e9gal\u00e9e sur la conception et la mise en page de leur site Web. En vertu de l&rsquo;int\u00e9gration de l&rsquo;oxyg\u00e8ne Gutenberg, les utilisateurs sont \u00e9quip\u00e9s de la capacit\u00e9 sans effort pour fa\u00e7onner sans effort les blocs et mod\u00e8les personnalis\u00e9s, modifier sans effort le contenu de leur site Web et manipuler sans effort la conception de leur site Web. Incontestablement, ce produit impressionnant est absolument essentiel pour les concepteurs de sites Web et les d\u00e9veloppeurs qui aspirent \u00e0 augmenter la fonctionnalit\u00e9 de leur site Web et \u00e0 \u00e9lever l&rsquo;exp\u00e9rience utilisateur \u00e0 des sommets sans pr\u00e9c\u00e9dent, tout en conservant un degr\u00e9 d&rsquo;autorit\u00e9 exceptionnellement \u00e9lev\u00e9 sur la conception de leur site Web. Incroyablement, l&rsquo;int\u00e9gration de l&rsquo;oxyg\u00e8ne Gutenberg repr\u00e9sente un outil indispensable pour chaque individu ayant des aspirations de propulsion de la conception de leur site Web au z\u00e9nith du succ\u00e8s.<\/p>\n<ul>\n<li>Int\u00e8gre de mani\u00e8re transparente Oxygen Builder avec l&rsquo;\u00e9diteur de Gutenberg<\/li>\n<li>Permet une plus grande flexibilit\u00e9 et personnalisation dans la conception du site Web<\/li>\n<li>Permet aux utilisateurs d&rsquo;ajouter facilement des blocs Gutenberg personnalis\u00e9s dans l&rsquo;oxyg\u00e8ne<\/li>\n<li>Fournit un flux de travail plus rationalis\u00e9 pour cr\u00e9er des sites Web<\/li>\n<li>Aide \u00e0 r\u00e9duire le besoin de plugins suppl\u00e9mentaires ou de codage<\/li>\n<li>Peut \u00eatre utilis\u00e9 avec n&rsquo;importe quel th\u00e8me WordPress compatible avec Oxygen Builder<\/li>\n<li>Offre une exp\u00e9rience plus conviviale pour les concepteurs de sites Web et les d\u00e9veloppeurs<\/li>\n<li>Aide \u00e0 gagner du temps en \u00e9liminant la n\u00e9cessit\u00e9 de basculer entre les diff\u00e9rents \u00e9diteurs<\/li>\n<li>Augmente le potentiel de conceptions de sites Web uniques et cr\u00e9atives<\/li>\n<li>Donne acc\u00e8s \u00e0 une grande biblioth\u00e8que de blocs et de mod\u00e8les Gutenberg.<\/li>\n<\/ul>\n","protected":false},"excerpt":{"rendered":"<p>L&rsquo;int\u00e9gration de l&rsquo;oxyg\u00e8ne Gutenberg, un outil incroyablement puissant m\u00e9ticuleusement d\u00e9velopp\u00e9 pour augmenter les fonctionnalit\u00e9s de l&rsquo;\u00e9diteur de Gutenberg dans WordPress, offre une int\u00e9gration exceptionnelle et transparente avec l&rsquo;oxyg\u00e8ne. Cette int\u00e9gration permet aux utilisateurs de fabriquer sans effort des dispositions et des conceptions de frappe visuellement, en tirant parti des fonctionnalit\u00e9s de glisser-d\u00e9poser par l&rsquo;utilisateur inh\u00e9rentes \u00e0 l&rsquo;\u00e9diteur de Gutenberg. En incorporant l&rsquo;int\u00e9gration de l&rsquo;oxyg\u00e8ne Gutenberg dans votre plateforme, vous pouvez propulser sans effort votre site Web \u00e0 de nouveaux sommets en cr\u00e9ant des conceptions exquises et tr\u00e8s r\u00e9actives, le tout sans avoir besoin d&rsquo;une expertise de codage. Cette solution remarquable est sur mesure pour les individus dans les domaines de la conception, du d\u00e9veloppement et de la cr\u00e9ation de contenu, leur fournissant une avenue remarquable pour \u00e9lever leur processus de cr\u00e9ation de contenu dans l&rsquo;\u00e9cosyst\u00e8me WordPress.<\/p>\n","protected":false},"featured_media":144888,"comment_status":"open","ping_status":"open","template":"","meta":[],"product_brand":[2616],"product_cat":[1189,1181,1186],"product_tag":[1321],"class_list":{"0":"post-114738","1":"product","2":"type-product","3":"status-publish","4":"has-post-thumbnail","6":"product_brand-oxygen","7":"product_cat-personnalisation","8":"product_cat-plugins","9":"product_cat-wordpress-plugins","10":"product_tag-oxygen","11":"member-discount","12":"discount-restricted","14":"first","15":"instock","16":"sale","17":"downloadable","18":"virtual","19":"sold-individually","20":"purchasable","21":"product-type-simple"},"_links":{"self":[{"href":"https:\/\/gpl-love.com\/fr\/wp-json\/wp\/v2\/product\/114738","targetHints":{"allow":["GET"]}}],"collection":[{"href":"https:\/\/gpl-love.com\/fr\/wp-json\/wp\/v2\/product"}],"about":[{"href":"https:\/\/gpl-love.com\/fr\/wp-json\/wp\/v2\/types\/product"}],"replies":[{"embeddable":true,"href":"https:\/\/gpl-love.com\/fr\/wp-json\/wp\/v2\/comments?post=114738"}],"wp:featuredmedia":[{"embeddable":true,"href":"https:\/\/gpl-love.com\/fr\/wp-json\/wp\/v2\/media\/144888"}],"wp:attachment":[{"href":"https:\/\/gpl-love.com\/fr\/wp-json\/wp\/v2\/media?parent=114738"}],"wp:term":[{"taxonomy":"product_brand","embeddable":true,"href":"https:\/\/gpl-love.com\/fr\/wp-json\/wp\/v2\/product_brand?post=114738"},{"taxonomy":"product_cat","embeddable":true,"href":"https:\/\/gpl-love.com\/fr\/wp-json\/wp\/v2\/product_cat?post=114738"},{"taxonomy":"product_tag","embeddable":true,"href":"https:\/\/gpl-love.com\/fr\/wp-json\/wp\/v2\/product_tag?post=114738"}],"curies":[{"name":"wp","href":"https:\/\/api.w.org\/{rel}","templated":true}]}}