{"id":114736,"date":"2025-12-15T00:00:00","date_gmt":"2025-12-14T23:00:00","guid":{"rendered":"http:\/\/gpl-love.com\/fr\/produit\/oxygen-elements-pour-woocommerce\/"},"modified":"2026-03-20T23:30:16","modified_gmt":"2026-03-20T22:30:16","slug":"oxygen-elements-pour-woocommerce","status":"publish","type":"product","link":"https:\/\/gpl-love.com\/fr\/produit\/oxygen-elements-pour-woocommerce\/","title":{"rendered":"Oxygen Elements pour WooCommerce 2.0.2"},"content":{"rendered":"<h3>Oxygen Elements pour WooCommerce Traits<\/h3>\n<p>\u00c9l\u00e9ments d&rsquo;oxyg\u00e8ne pour WooCommerce, un plugin tr\u00e8s robuste, amplifie efficacement la fonctionnalit\u00e9 de tout magasin WooCommerce en fournissant aux utilisateurs un riche ensemble de fonctionnalit\u00e9s. Avec son interface conviviale, ce plugin permet aux utilisateurs d&rsquo;incorporer de mani\u00e8re transparente des champs personnalis\u00e9s dans leurs produits, facilitant ainsi la collecte d&rsquo;informations suppl\u00e9mentaires concernant les articles respectifs. De plus, les \u00e9l\u00e9ments d&rsquo;oxyg\u00e8ne pour WooCommerce va plus loin en offrant des capacit\u00e9s de recherche avanc\u00e9es, permettant ainsi aux clients d&rsquo;identifier sans effort les produits sp\u00e9cifiques qu&rsquo;ils souhaitent. En outre, ce plugin englobe une gamme diversifi\u00e9e de fonctionnalit\u00e9s pr\u00e9cieuses, y compris la possibilit\u00e9 de construire des mod\u00e8les personnalis\u00e9s pour les pages de produits et l&rsquo;option pour activer s\u00e9lectivement ou d\u00e9sactiver des champs de produits sp\u00e9cifiques. En r\u00e9sum\u00e9, les \u00e9l\u00e9ments d&rsquo;oxyg\u00e8ne pour WooCommerce constituent un outil exceptionnel, pr\u00eat \u00e0 \u00e9lever la fonctionnalit\u00e9 globale de tout magasin WooCommerce.<\/p>\n<ul>\n<li>Les \u00e9l\u00e9ments d&rsquo;oxyg\u00e8ne pour WooCommerce sont un outil puissant pour maximiser les performances de votre boutique en ligne.<\/li>\n<li>S&rsquo;int\u00e8gre de mani\u00e8re transparente \u00e0 WooCommerce, la principale plate-forme de commerce \u00e9lectronique.<\/li>\n<li>Con\u00e7u pour am\u00e9liorer les taux de conversion, augmenter les ventes et am\u00e9liorer l&rsquo;exp\u00e9rience client.<\/li>\n<li>Comprend une suite d&rsquo;\u00e9l\u00e9ments personnalisables et faciles \u00e0 utiliser, y compris les grilles de produit, les minuteries \u00e0 rebours, les banni\u00e8res, etc.<\/li>\n<li>La conception r\u00e9active garantit que votre magasin a fi\u00e8re allure sur tous les appareils, du bureau au mobile.<\/li>\n<li>Construit en mettant l&rsquo;accent sur la vitesse et les performances, garantissant des temps de chargement rapides et un traitement efficace.<\/li>\n<li>Compatible avec WordPress -0 et sup\u00e9rieur, assurant la compatibilit\u00e9 avec les derni\u00e8res normes de s\u00e9curit\u00e9 et de codage.<\/li>\n<li>Livr\u00e9 avec une documentation compl\u00e8te et un soutien, vous aidant \u00e0 tirer le meilleur parti de l&rsquo;outil.<\/li>\n<li>La solution parfaite pour les propri\u00e9taires de magasins qui cherchent \u00e0 optimiser leurs ventes en ligne et \u00e0 cr\u00e9er une exp\u00e9rience client transparente.<\/li>\n<\/ul>\n","protected":false},"excerpt":{"rendered":"<p>Les \u00e9l\u00e9ments d&rsquo;oxyg\u00e8ne pour WooCommerce sont un plugin exceptionnellement robuste et influent qui amplifie l&rsquo;attrait esth\u00e9tique de votre boutique en ligne en incorporant une pl\u00e9thore de fonctionnalit\u00e9s de conception impressionnantes telles que les grilles CSS, la conception r\u00e9active, les animations captivantes et bien plus encore. Cette extension r\u00e9volutionnaire a \u00e9t\u00e9 m\u00e9ticuleusement con\u00e7ue pour vous int\u00e9grer de mani\u00e8re transparente \u00e0 WooCommerce, vous donnant une autorit\u00e9 in\u00e9gal\u00e9e sur la manifestation visuelle de votre plate-forme de commerce \u00e9lectronique. En vertu des \u00e9l\u00e9ments d&rsquo;oxyg\u00e8ne pour WooCommerce, vous poss\u00e9dez la capacit\u00e9 de personnaliser m\u00e9ticuleusement toutes les facettes de votre site Web, allant de l&rsquo;exposition de produits \u00e0 la pr\u00e9sentation de pages de paniers, en favorisant par cons\u00e9quent une exp\u00e9rience d&rsquo;achat sans pr\u00e9c\u00e9dent et passionnante pour votre client\u00e8le estim\u00e9e. Quel que soit votre niveau de comp\u00e9tence, qu&rsquo;il s&rsquo;agisse d&rsquo;un n\u00e9ophyte ou d&rsquo;un programmeur chevronn\u00e9, des \u00e9l\u00e9ments d&rsquo;oxyg\u00e8ne pour WooCommerce simplifient et rationalisent le processus de cr\u00e9ation d&rsquo;une boutique en ligne visuellement frappante et extr\u00eamement efficace qui se distingue sans \u00e9quivoque de ses concurrents.<\/p>\n","protected":false},"featured_media":144887,"comment_status":"open","ping_status":"open","template":"","meta":[],"product_brand":[2616],"product_cat":[1182,1223,1181],"product_tag":[1321],"class_list":{"0":"post-114736","1":"product","2":"type-product","3":"status-publish","4":"has-post-thumbnail","6":"product_brand-oxygen","7":"product_cat-commerce-electronique-plugins","8":"product_cat-personnalisation-commerce-electronique-plugins","9":"product_cat-plugins","10":"product_tag-oxygen","11":"member-discount","12":"discount-restricted","14":"first","15":"instock","16":"sale","17":"downloadable","18":"virtual","19":"sold-individually","20":"purchasable","21":"product-type-simple"},"_links":{"self":[{"href":"https:\/\/gpl-love.com\/fr\/wp-json\/wp\/v2\/product\/114736","targetHints":{"allow":["GET"]}}],"collection":[{"href":"https:\/\/gpl-love.com\/fr\/wp-json\/wp\/v2\/product"}],"about":[{"href":"https:\/\/gpl-love.com\/fr\/wp-json\/wp\/v2\/types\/product"}],"replies":[{"embeddable":true,"href":"https:\/\/gpl-love.com\/fr\/wp-json\/wp\/v2\/comments?post=114736"}],"wp:featuredmedia":[{"embeddable":true,"href":"https:\/\/gpl-love.com\/fr\/wp-json\/wp\/v2\/media\/144887"}],"wp:attachment":[{"href":"https:\/\/gpl-love.com\/fr\/wp-json\/wp\/v2\/media?parent=114736"}],"wp:term":[{"taxonomy":"product_brand","embeddable":true,"href":"https:\/\/gpl-love.com\/fr\/wp-json\/wp\/v2\/product_brand?post=114736"},{"taxonomy":"product_cat","embeddable":true,"href":"https:\/\/gpl-love.com\/fr\/wp-json\/wp\/v2\/product_cat?post=114736"},{"taxonomy":"product_tag","embeddable":true,"href":"https:\/\/gpl-love.com\/fr\/wp-json\/wp\/v2\/product_tag?post=114736"}],"curies":[{"name":"wp","href":"https:\/\/api.w.org\/{rel}","templated":true}]}}