{"id":114704,"date":"2025-06-03T00:00:00","date_gmt":"2025-06-02T22:00:00","guid":{"rendered":"http:\/\/gpl-love.com\/fr\/produit\/oxy-ultimate-woo\/"},"modified":"2026-04-10T18:35:32","modified_gmt":"2026-04-10T16:35:32","slug":"oxy-ultimate-woo","status":"publish","type":"product","link":"https:\/\/gpl-love.com\/fr\/produit\/oxy-ultimate-woo\/","title":{"rendered":"Oxy Ultimate Woo 1.5.12"},"content":{"rendered":"<h3>Oxy Ultimate Woo Traits<\/h3>\n<p>Oxy Ultimate Woo est un instrument extr\u00eamement puissant et tr\u00e8s efficace qui sert \u00e0 optimiser et \u00e0 am\u00e9liorer la fonctionnalit\u00e9 de votre magasin WooCommerce d&rsquo;une mani\u00e8re extr\u00eamement impressionnante. Il est dot\u00e9 d&rsquo;un large \u00e9ventail de fonctionnalit\u00e9s et de fonctionnalit\u00e9s sp\u00e9cialement con\u00e7ues pour faciliter la rationalisation transparente des performances de votre magasin, conduisant ainsi \u00e0 une augmentation remarquable des ventes et \u00e0 une exp\u00e9rience client am\u00e9lior\u00e9e. Avec Oxy Ultimate Woo \u00e0 votre disposition, la gestion sans effort de votre inventaire, l&rsquo;optimisation de vos listes de produits et l&rsquo;automatisation du processus de r\u00e9alisation des commandes autrement fastidieux et long devient une brise absolue. De plus, il vous offre \u00e9galement l&rsquo;avantage inestimable des capacit\u00e9s avanc\u00e9es de rapports et d&rsquo;analyse, vous permettant ainsi d&rsquo;acqu\u00e9rir des renseignements tr\u00e8s perspicaces concernant les performances de votre magasin et, finalement, vous permettant de prendre des d\u00e9cisions m\u00e9ticuleuses et bas\u00e9es sur les donn\u00e9es. Pour r\u00e9sumer, Oxy Ultimate Woo est un outil indispensable qui devrait incontestablement faire partie int\u00e9grante de l&rsquo;arsenal de tout propri\u00e9taire de magasin de WooCommerce astucieux qui aspire \u00e0 exploiter pleinement l&rsquo;immense potentiel de leur magasin et \u00e0 assister \u00e0 une croissance remarquable dans leur entreprise.<\/p>\n<ul>\n<li>Am\u00e9lioration des performances du magasin WooCommerce<\/li>\n<li>Taux de conversion plus \u00e9lev\u00e9s pour les ventes en ligne<\/li>\n<li>Interface conviviale pour la gestion des produits et des stocks<\/li>\n<li>Analyse approfondie et rapport pour une meilleure prise de d\u00e9cision<\/li>\n<li>Calculs de taxe et d&rsquo;exp\u00e9dition automatiques<\/li>\n<li>Int\u00e9gration transparente avec les passerelles de paiement populaires<\/li>\n<li>Options de conception personnalisables pour la vitrine et les pages de paiement<\/li>\n<li>Caract\u00e9ristiques de s\u00e9curit\u00e9 avanc\u00e9es pour prot\u00e9ger les informations des clients<\/li>\n<li>Conception r\u00e9active mobile pour une navigation facile sur n&rsquo;importe quel appareil<\/li>\n<li>\u00c9quipe de soutien d\u00e9di\u00e9e \u00e0 l&rsquo;aide et au d\u00e9pannage.<\/li>\n<\/ul>\n","protected":false},"excerpt":{"rendered":"<p>Oxy Ultimate Woo, un logiciel remarquablement de pointe et extr\u00eamement robuste, offre aux utilisateurs la capacit\u00e9 extraordinaire d&rsquo;optimiser sans effort leur magasin WooCommerce. Ce logiciel hautement sophistiqu\u00e9 accorde non seulement aux utilisateurs \u00e0 l&rsquo;acc\u00e8s \u00e0 une vaste gamme de fonctionnalit\u00e9s et d&rsquo;outils puissants, mais il sert \u00e9galement de catalyseur pour augmenter les performances globales de leur boutique en ligne. Avec l&rsquo;assistance inestimable d&rsquo;Oxy Ultimate Woo, les utilisateurs peuvent rationaliser de mani\u00e8re transparente leur gestion des stocks, automatiser efficacement leurs campagnes de marketing et affiner de mani\u00e8re complexe leur processus de paiement pour produire une croissance exponentielle des ventes et des revenus. Que vous vous trouviez dans les \u00e9tapes naissantes de votre entreprise de commerce \u00e9lectronique ou si vous vous vantez du titre distingu\u00e9 d&rsquo;un v\u00e9t\u00e9ran chevronn\u00e9, Oxy Ultimate Woo est la panac\u00e9e d\u00e9finitive pour propulser votre boutique en ligne \u00e0 des hauteurs de succ\u00e8s sans pr\u00e9c\u00e9dent.<\/p>\n","protected":false},"featured_media":144886,"comment_status":"open","ping_status":"open","template":"","meta":[],"product_brand":[2615],"product_cat":[1189,1181,1186],"product_tag":[2172],"class_list":{"0":"post-114704","1":"product","2":"type-product","3":"status-publish","4":"has-post-thumbnail","6":"product_brand-oxy-ultimate","7":"product_cat-personnalisation","8":"product_cat-plugins","9":"product_cat-wordpress-plugins","10":"product_tag-oxy-ultimate","11":"member-discount","12":"discount-restricted","14":"first","15":"instock","16":"sale","17":"downloadable","18":"virtual","19":"sold-individually","20":"purchasable","21":"product-type-simple"},"_links":{"self":[{"href":"https:\/\/gpl-love.com\/fr\/wp-json\/wp\/v2\/product\/114704","targetHints":{"allow":["GET"]}}],"collection":[{"href":"https:\/\/gpl-love.com\/fr\/wp-json\/wp\/v2\/product"}],"about":[{"href":"https:\/\/gpl-love.com\/fr\/wp-json\/wp\/v2\/types\/product"}],"replies":[{"embeddable":true,"href":"https:\/\/gpl-love.com\/fr\/wp-json\/wp\/v2\/comments?post=114704"}],"wp:featuredmedia":[{"embeddable":true,"href":"https:\/\/gpl-love.com\/fr\/wp-json\/wp\/v2\/media\/144886"}],"wp:attachment":[{"href":"https:\/\/gpl-love.com\/fr\/wp-json\/wp\/v2\/media?parent=114704"}],"wp:term":[{"taxonomy":"product_brand","embeddable":true,"href":"https:\/\/gpl-love.com\/fr\/wp-json\/wp\/v2\/product_brand?post=114704"},{"taxonomy":"product_cat","embeddable":true,"href":"https:\/\/gpl-love.com\/fr\/wp-json\/wp\/v2\/product_cat?post=114704"},{"taxonomy":"product_tag","embeddable":true,"href":"https:\/\/gpl-love.com\/fr\/wp-json\/wp\/v2\/product_tag?post=114704"}],"curies":[{"name":"wp","href":"https:\/\/api.w.org\/{rel}","templated":true}]}}