{"id":114700,"date":"2022-06-12T00:00:00","date_gmt":"2022-06-11T22:00:00","guid":{"rendered":"http:\/\/gpl-love.com\/fr\/produit\/woocommerce-shipping-calculator-on-product-page\/"},"modified":"2026-03-20T23:47:43","modified_gmt":"2026-03-20T22:47:43","slug":"woocommerce-shipping-calculator-on-product-page","status":"publish","type":"product","link":"https:\/\/gpl-love.com\/fr\/produit\/woocommerce-shipping-calculator-on-product-page\/","title":{"rendered":"WooCommerce Shipping Calculator On Product Page 3.0"},"content":{"rendered":"<h3>WooCommerce Shipping Calculator On Product Page Traits<\/h3>\n<p>Le calculateur d&rsquo;exp\u00e9dition WooCommerce sur la page du produit est un outil remarquablement puissant qui donne aux clients la possibilit\u00e9 de calculer sans effort les frais d&rsquo;exp\u00e9dition pour leurs acquisitions directement sur la page du produit. Gr\u00e2ce \u00e0 l&rsquo;utilisation de ce plugin exceptionnel, les clients ont la possibilit\u00e9 de saisir leurs informations d&rsquo;adresse pertinentes et d&rsquo;obtenir par la suite des devis d&rsquo;exp\u00e9dition pr\u00e9cis en temps r\u00e9el, \u00e9conomisant ainsi efficacement leur temps pr\u00e9cieux et att\u00e9nuant toute vexation associ\u00e9e. En outre, la calculatrice poss\u00e8de un niveau d&rsquo;adaptabilit\u00e9 extraordinaire, permettant ainsi aux propri\u00e9taires de magasins d&rsquo;\u00e9tablir des r\u00e9glementations et des tarifs sur mesure pr\u00e9vus sur des variables telles que le poids, la destination et divers autres crit\u00e8res. Par cons\u00e9quent, il devient incontestablement \u00e9vident que la possession de la calculatrice d&rsquo;exp\u00e9dition WooCommerce sur la page du produit devient une n\u00e9cessit\u00e9 absolue pour toute boutique en ligne s&rsquo;effor\u00e7ant de proposer leurs pr\u00e9cieux clients avec une exp\u00e9rience d&rsquo;exp\u00e9dition ininterrompue et sans \u00e9quivoque.<\/p>\n<ul>\n<li>Affiche facilement les tarifs d&rsquo;exp\u00e9dition sur les pages de produits pour les clients.<\/li>\n<li>\u00c9conomise les clients et les tracas en fournissant des co\u00fbts d&rsquo;exp\u00e9dition pr\u00e9cis \u00e0 l&rsquo;avance.<\/li>\n<li>Offre plusieurs options d&rsquo;exp\u00e9dition qui peuvent \u00eatre facilement s\u00e9lectionn\u00e9es par les clients.<\/li>\n<li>S&rsquo;int\u00e8gre parfaitement \u00e0 WooCommerce, offrant une exp\u00e9rience de paiement transparente.<\/li>\n<li>Les param\u00e8tres personnalisables permettent de s&rsquo;adapter \u00e0 vos besoins d&rsquo;exp\u00e9dition sp\u00e9cifiques.<\/li>\n<li>La conception r\u00e9active mobile garantit la compatibilit\u00e9 avec tous les appareils.<\/li>\n<li>Stimule la satisfaction du client en offrant des informations d&rsquo;exp\u00e9dition transparentes et fiables.<\/li>\n<li>Gauche le temps des commer\u00e7ants en \u00e9liminant le besoin de calculs d&rsquo;exp\u00e9dition manuels.<\/li>\n<li>R\u00e9duit la probabilit\u00e9 d&rsquo;abandon de la chariot en raison de frais d&rsquo;exp\u00e9dition inattendus.<\/li>\n<li>Fournit aux clients la tranquillit\u00e9 d&rsquo;esprit et la confiance dans leurs d\u00e9cisions d&rsquo;achat.<\/li>\n<\/ul>\n","protected":false},"excerpt":{"rendered":"<p>La calculatrice d&rsquo;exp\u00e9dition WooCommerce sur la page du produit sert d&rsquo;outil tr\u00e8s avantageux, offrant aux clients la possibilit\u00e9 de pr\u00e9dire et de calculer les d\u00e9penses d&rsquo;exp\u00e9dition avant l&rsquo;inclusion d&rsquo;un article dans leur panier. Cet attribut astucieux et inestimable sert \u00e0 \u00e9conomiser consid\u00e9rablement le temps et \u00e0 \u00e9radiquer tout choc inattendu ou ind\u00e9pendant, permettant ainsi aux clients \u00e0 faire preuve de jugement bien inform\u00e9 lors de leurs achats. Gr\u00e2ce \u00e0 son int\u00e9gration transparente dans votre plate-forme WooCommerce, l&rsquo;accessibilit\u00e9 et l&rsquo;utilisation de la calculatrice d&rsquo;exp\u00e9dition sur chaque page de produit sont une entreprise sans effort. De plus, cet outil pratique et centr\u00e9 sur le consommateur facilite la personnalisation des prix de l&rsquo;exp\u00e9dition pour r\u00e9pondre aux demandes et pr\u00e9f\u00e9rences uniques de votre client\u00e8le estim\u00e9e.<\/p>\n","protected":false},"featured_media":146020,"comment_status":"open","ping_status":"open","template":"","meta":[],"product_brand":[2435],"product_cat":[1182,1223,1181],"product_tag":[1231],"class_list":{"0":"post-114700","1":"product","2":"type-product","3":"status-publish","4":"has-post-thumbnail","6":"product_brand-codecanyon","7":"product_cat-commerce-electronique-plugins","8":"product_cat-personnalisation-commerce-electronique-plugins","9":"product_cat-plugins","10":"product_tag-codecanyon","11":"member-discount","12":"discount-restricted","14":"first","15":"instock","16":"sale","17":"downloadable","18":"virtual","19":"sold-individually","20":"purchasable","21":"product-type-simple"},"_links":{"self":[{"href":"https:\/\/gpl-love.com\/fr\/wp-json\/wp\/v2\/product\/114700","targetHints":{"allow":["GET"]}}],"collection":[{"href":"https:\/\/gpl-love.com\/fr\/wp-json\/wp\/v2\/product"}],"about":[{"href":"https:\/\/gpl-love.com\/fr\/wp-json\/wp\/v2\/types\/product"}],"replies":[{"embeddable":true,"href":"https:\/\/gpl-love.com\/fr\/wp-json\/wp\/v2\/comments?post=114700"}],"wp:featuredmedia":[{"embeddable":true,"href":"https:\/\/gpl-love.com\/fr\/wp-json\/wp\/v2\/media\/146020"}],"wp:attachment":[{"href":"https:\/\/gpl-love.com\/fr\/wp-json\/wp\/v2\/media?parent=114700"}],"wp:term":[{"taxonomy":"product_brand","embeddable":true,"href":"https:\/\/gpl-love.com\/fr\/wp-json\/wp\/v2\/product_brand?post=114700"},{"taxonomy":"product_cat","embeddable":true,"href":"https:\/\/gpl-love.com\/fr\/wp-json\/wp\/v2\/product_cat?post=114700"},{"taxonomy":"product_tag","embeddable":true,"href":"https:\/\/gpl-love.com\/fr\/wp-json\/wp\/v2\/product_tag?post=114700"}],"curies":[{"name":"wp","href":"https:\/\/api.w.org\/{rel}","templated":true}]}}