{"id":114698,"date":"2022-02-24T00:00:00","date_gmt":"2022-02-23T23:00:00","guid":{"rendered":"http:\/\/gpl-love.com\/fr\/produit\/zeen-next-generation-magazine-wordpress-theme\/"},"modified":"2026-03-20T23:54:30","modified_gmt":"2026-03-20T22:54:30","slug":"zeen-next-generation-magazine-wordpress-theme","status":"publish","type":"product","link":"https:\/\/gpl-love.com\/fr\/produit\/zeen-next-generation-magazine-wordpress-theme\/","title":{"rendered":"Zeen Next Generation Magazine WordPress Theme 4.2.3"},"content":{"rendered":"<h3>Zeen Next Generation Magazine WordPress Theme Traits<\/h3>\n<p>Le th\u00e8me WordPress du magazine Zeen Next Generation, qui est tr\u00e8s polyvalent et convivial, a \u00e9t\u00e9 sp\u00e9cialement con\u00e7u pour r\u00e9pondre aux divers besoins des blogueurs, des \u00e9diteurs et des propri\u00e9taires de magazines en ligne. B\u00e9n\u00e9ficiant d&rsquo;une conception de pointe, ce th\u00e8me est \u00e9quip\u00e9 d&rsquo;un \u00e9ventail impressionnant de fonctionnalit\u00e9s, y compris des widgets personnalis\u00e9s, des formats de poste et un constructeur de pages robuste, qui permettent tous aux utilisateurs d&rsquo;\u00e9laborer sans effort un site Web \u00e0 la fois distinctif et captivant. De plus, le th\u00e8me est enti\u00e8rement r\u00e9actif, garantissant qu&rsquo;il d\u00e9gage une aura visuellement attrayante sur tous les appareils, tandis que les options de th\u00e8me avanc\u00e9es am\u00e9liorent encore la facilit\u00e9 avec laquelle les utilisateurs peuvent personnaliser leurs sites Web. Compte tenu de ces attributs exceptionnels, il n&rsquo;est pas surprenant que le th\u00e8me WordPress du magazine Next Generation Zeen soit un choix id\u00e9al pour les individus aspirant \u00e0 \u00e9tablir un magazine ou un blog en ligne sophistiqu\u00e9 et contemporain.<\/p>\n<ul>\n<li>Zeen est un th\u00e8me WordPress premium con\u00e7u pour cr\u00e9er des sites Web de style magazine.<\/li>\n<li>Le th\u00e8me est livr\u00e9 avec un design de nouvelle g\u00e9n\u00e9ration moderne et visuellement attrayant.<\/li>\n<li>Il propose une gamme d&rsquo;options de personnalisation qui vous permettent de personnaliser votre site et de cr\u00e9er un look unique.<\/li>\n<li>Zeen est enti\u00e8rement r\u00e9actif, garantissant que votre site Web a fi\u00e8re allure sur tous les appareils.<\/li>\n<li>Le th\u00e8me est facile \u00e0 utiliser, m\u00eame si vous n&rsquo;avez aucune exp\u00e9rience de codage.<\/li>\n<li>Il est livr\u00e9 avec un constructeur de pages glisser-d\u00e9poser qui vous permet de cr\u00e9er des pages et des publications rapidement et facilement.<\/li>\n<li>Zeen prend en charge une gamme de types de publication, y compris des articles vid\u00e9o, galerie et audio, vous permettant de cr\u00e9er une vari\u00e9t\u00e9 de contenu.<\/li>\n<li>Il comprend plusieurs plugins premium, y compris le Builder de page WPBAKERY, le plugin Slider Revolution et le plugin Advanced Custom Fields.<\/li>\n<li>Zeen est optimis\u00e9 pour le r\u00e9f\u00e9rencement, garantissant que votre contenu est facilement d\u00e9couverte par les moteurs de recherche.<\/li>\n<li>Le th\u00e8me est r\u00e9guli\u00e8rement mis \u00e0 jour, garantissant que vous avez toujours acc\u00e8s aux derni\u00e8res fonctionnalit\u00e9s et am\u00e9liorations.<\/li>\n<\/ul>\n","protected":false},"excerpt":{"rendered":"<p>Con\u00e7u pour r\u00e9pondre aux besoins des sites de blogs et de magazines \u00e0 la recherche d&rsquo;un design contemporain et \u00e0 la mode, le th\u00e8me WordPress du magazine Zeen Next Generation appara\u00eet comme la solution id\u00e9ale. B\u00e9n\u00e9ficiant d&rsquo;une disposition r\u00e9active et personnalisable, ainsi que d&rsquo;une pl\u00e9thore de caract\u00e9ristiques distinctives, Zeen est sans aucun doute l&rsquo;option ultime pour les individus aspirant \u00e0 \u00e9tablir une pr\u00e9sence en ligne dynamique et captivante. Facilitant un niveau de flexibilit\u00e9 in\u00e9gal\u00e9, les options avanc\u00e9es du th\u00e8me et l&rsquo;interface de glisser-d\u00e9poser par les utilisateurs assurent la personnalisation sans effort de chaque \u00e9l\u00e9ment de votre site, vous permettant de l&rsquo;aligner de mani\u00e8re transparente avec votre identit\u00e9 de marque et de manifester une esth\u00e9tique inutile. Que ce soit un blogueur, un journaliste ou un professionnel du marketing de contenu, le th\u00e8me WordPress du magazine Zeen Next Generation se pr\u00e9sente comme la quintessence de choix lorsqu&rsquo;il s&rsquo;agit de pr\u00e9senter votre travail avec le plus grand panache et la finesse.<\/p>\n","protected":false},"featured_media":146468,"comment_status":"open","ping_status":"open","template":"","meta":[],"product_brand":[2433],"product_cat":[1220,1212,1213],"product_tag":[1366],"class_list":{"0":"post-114698","1":"product","2":"type-product","3":"status-publish","4":"has-post-thumbnail","6":"product_brand-themeforest","7":"product_cat-blog-magazine","8":"product_cat-themes","9":"product_cat-wordpress-themes","10":"product_tag-themeforest","11":"member-discount","12":"discount-restricted","14":"first","15":"instock","16":"sale","17":"downloadable","18":"virtual","19":"sold-individually","20":"purchasable","21":"product-type-simple"},"_links":{"self":[{"href":"https:\/\/gpl-love.com\/fr\/wp-json\/wp\/v2\/product\/114698","targetHints":{"allow":["GET"]}}],"collection":[{"href":"https:\/\/gpl-love.com\/fr\/wp-json\/wp\/v2\/product"}],"about":[{"href":"https:\/\/gpl-love.com\/fr\/wp-json\/wp\/v2\/types\/product"}],"replies":[{"embeddable":true,"href":"https:\/\/gpl-love.com\/fr\/wp-json\/wp\/v2\/comments?post=114698"}],"wp:featuredmedia":[{"embeddable":true,"href":"https:\/\/gpl-love.com\/fr\/wp-json\/wp\/v2\/media\/146468"}],"wp:attachment":[{"href":"https:\/\/gpl-love.com\/fr\/wp-json\/wp\/v2\/media?parent=114698"}],"wp:term":[{"taxonomy":"product_brand","embeddable":true,"href":"https:\/\/gpl-love.com\/fr\/wp-json\/wp\/v2\/product_brand?post=114698"},{"taxonomy":"product_cat","embeddable":true,"href":"https:\/\/gpl-love.com\/fr\/wp-json\/wp\/v2\/product_cat?post=114698"},{"taxonomy":"product_tag","embeddable":true,"href":"https:\/\/gpl-love.com\/fr\/wp-json\/wp\/v2\/product_tag?post=114698"}],"curies":[{"name":"wp","href":"https:\/\/api.w.org\/{rel}","templated":true}]}}