{"id":114692,"date":"2023-12-27T00:00:00","date_gmt":"2023-12-26T23:00:00","guid":{"rendered":"http:\/\/gpl-love.com\/fr\/produit\/wp-et-divi-icons-pro-best-icon-plugin-pour-wordpress-et-divi\/"},"modified":"2026-03-20T23:49:32","modified_gmt":"2026-03-20T22:49:32","slug":"wp-et-divi-icons-pro-best-icon-plugin-pour-wordpress-et-divi","status":"publish","type":"product","link":"https:\/\/gpl-love.com\/fr\/produit\/wp-et-divi-icons-pro-best-icon-plugin-pour-wordpress-et-divi\/","title":{"rendered":"WP et Divi Icons Pro Best Icon Plugin pour WordPress et Divi 2.0.9"},"content":{"rendered":"<h3>WP et Divi Icons Pro Best Icon Plugin pour WordPress et Divi Traits<\/h3>\n<p>WP et Divi Icons Pro, un plugin d&rsquo;ic\u00f4nes tr\u00e8s recherch\u00e9 pour WordPress et Divi, pr\u00e9sente une collection in\u00e9gal\u00e9e de plus de 4 500 ic\u00f4nes \u00e0 couper le souffle et enti\u00e8rement personnalisables qui ont la capacit\u00e9 d&rsquo;\u00e9lever l&rsquo;attrait visuel de votre site Web. Ce plugin remarquablement polyvalent vous permet d&rsquo;incorporer sans effort ces ic\u00f4nes dans votre site, vous offrant la libert\u00e9 de construire des ensembles d&rsquo;ic\u00f4nes sur mesure et m\u00eame d&rsquo;importer vos propres ic\u00f4nes SVG. De plus, le plugin s&rsquo;int\u00e8gre de mani\u00e8re transparente \u00e0 Divi, vous offrant un acc\u00e8s \u00e0 toutes les ic\u00f4nes directement \u00e0 partir du constructeur Divi, vous \u00e9quipant ainsi les moyens de les utiliser sans effort dans vos diff\u00e9rentes pages, articles et modules. De plus, ce plugin poss\u00e8de un syst\u00e8me de recherche et de filtrage impressionnant qui simplifie la t\u00e2che ardue de trouver l&rsquo;ic\u00f4ne id\u00e9ale pour r\u00e9pondre \u00e0 vos besoins sp\u00e9cifiques. Que vous vous identifiiez en tant que blogueur, concepteur de sites Web ou d\u00e9veloppeur, WP et Divi Icons Pro est sans aucun doute une ressource indispensable qui poss\u00e8de le potentiel de propulser votre site Web \u00e0 des sommets de succ\u00e8s inconnus.<\/p>\n<ul>\n<li>Plus de 4 500 ic\u00f4nes personnalisables disponibles \u00e0 port\u00e9e de main<\/li>\n<li>Installation en un clic et interface facile \u00e0 utiliser<\/li>\n<li>Compatible avec WordPress et Divi<\/li>\n<li>Acc\u00e8s \u00e0 une grande vari\u00e9t\u00e9 de styles d&rsquo;ic\u00f4nes, notamment plat, lin\u00e9aire et solide<\/li>\n<li>Cr\u00e9er des conceptions \u00e9poustouflantes avec facilit\u00e9 en utilisant la fonction de glisser-d\u00e9poser<\/li>\n<li>R\u00e9guli\u00e8rement mis \u00e0 jour avec de nouvelles ic\u00f4nes et fonctionnalit\u00e9s<\/li>\n<li>Permet une int\u00e9gration transparente avec votre site Web ou votre blog<\/li>\n<li>Accessible aux utilisateurs de tous les niveaux de comp\u00e9tence<\/li>\n<li>Am\u00e9liore consid\u00e9rablement l&rsquo;attrait visuel de votre site Web ou de votre blog<\/li>\n<li>Offre des possibilit\u00e9s infinies de personnalisation<\/li>\n<\/ul>\n","protected":false},"excerpt":{"rendered":"<p>WP et Divi Icons Pro est un plugin d&rsquo;ic\u00f4ne absolument exceptionnel et in\u00e9gal\u00e9 sp\u00e9cialement con\u00e7u pour les utilisateurs WordPress et Divi. Ce plugin remarquable poss\u00e8de un assortiment \u00e9tendu et impressionnant d&rsquo;ic\u00f4nes captivantes, vous permettant ainsi sans effort et de mani\u00e8re transparente d&rsquo;infuser votre site Web avec une couche suppl\u00e9mentaire de sophistication, d&rsquo;ing\u00e9niosit\u00e9 et d&rsquo;attrait visuel. Que vous vous identifiiez comme un concepteur chevronn\u00e9, un d\u00e9veloppeur comp\u00e9tent ou un blogueur passionn\u00e9, WP et Divi Icons Pro ne s&rsquo;adresse ind\u00e9niablement \u00e0 toutes les personnes qui poss\u00e8dent un d\u00e9sir ardent d&rsquo;\u00e9lever et d&rsquo;enrichir l&rsquo;apparence et l&rsquo;ambiance de leur site Web. D\u00e9sormais, offrez un adieu aux ic\u00f4nes banal et terne, et embrassez de tout c\u0153ur l&rsquo;av\u00e8nement des ic\u00f4nes WP et Divi &#8211; sans \u00e9quivoque le plus grand summum d&rsquo;excellence et de supr\u00e9matie parmi tous les plugins icon disponibles pour WordPress et Divi.<\/p>\n","protected":false},"featured_media":146135,"comment_status":"open","ping_status":"open","template":"","meta":[],"product_brand":[2512],"product_cat":[1189,1181,1186],"product_tag":[2170],"class_list":{"0":"post-114692","1":"product","2":"type-product","3":"status-publish","4":"has-post-thumbnail","6":"product_brand-divi-space","7":"product_cat-personnalisation","8":"product_cat-plugins","9":"product_cat-wordpress-plugins","10":"product_tag-divi-space","11":"member-discount","12":"discount-restricted","14":"first","15":"instock","16":"sale","17":"downloadable","18":"virtual","19":"sold-individually","20":"purchasable","21":"product-type-simple"},"_links":{"self":[{"href":"https:\/\/gpl-love.com\/fr\/wp-json\/wp\/v2\/product\/114692","targetHints":{"allow":["GET"]}}],"collection":[{"href":"https:\/\/gpl-love.com\/fr\/wp-json\/wp\/v2\/product"}],"about":[{"href":"https:\/\/gpl-love.com\/fr\/wp-json\/wp\/v2\/types\/product"}],"replies":[{"embeddable":true,"href":"https:\/\/gpl-love.com\/fr\/wp-json\/wp\/v2\/comments?post=114692"}],"wp:featuredmedia":[{"embeddable":true,"href":"https:\/\/gpl-love.com\/fr\/wp-json\/wp\/v2\/media\/146135"}],"wp:attachment":[{"href":"https:\/\/gpl-love.com\/fr\/wp-json\/wp\/v2\/media?parent=114692"}],"wp:term":[{"taxonomy":"product_brand","embeddable":true,"href":"https:\/\/gpl-love.com\/fr\/wp-json\/wp\/v2\/product_brand?post=114692"},{"taxonomy":"product_cat","embeddable":true,"href":"https:\/\/gpl-love.com\/fr\/wp-json\/wp\/v2\/product_cat?post=114692"},{"taxonomy":"product_tag","embeddable":true,"href":"https:\/\/gpl-love.com\/fr\/wp-json\/wp\/v2\/product_tag?post=114692"}],"curies":[{"name":"wp","href":"https:\/\/api.w.org\/{rel}","templated":true}]}}