{"id":114690,"date":"2024-01-20T00:00:00","date_gmt":"2024-01-19T23:00:00","guid":{"rendered":"http:\/\/gpl-love.com\/fr\/produit\/smart-cleanup-tools-plugin-pour-wordpress\/"},"modified":"2026-04-10T18:39:51","modified_gmt":"2026-04-10T16:39:51","slug":"smart-cleanup-tools-plugin-pour-wordpress","status":"publish","type":"product","link":"https:\/\/gpl-love.com\/fr\/produit\/smart-cleanup-tools-plugin-pour-wordpress\/","title":{"rendered":"Smart Cleanup Tools Plugin pour WordPress 5.3"},"content":{"rendered":"<h3>Smart Cleanup Tools Plugin pour WordPress Traits<\/h3>\n<p>Le plugin de nettoyage intelligent pour WordPress est un outil incroyablement puissant qui am\u00e9liore consid\u00e9rablement la maintenance et la gestion globales des sites Web. En utilisant ce plugin, les utilisateurs sont autoris\u00e9s \u00e0 purger sans effort la base de donn\u00e9es de leur site Web de toutes les donn\u00e9es \u00e9trang\u00e8res, am\u00e9liorant ainsi consid\u00e9rablement les performances globales dudit site Web. En outre, le plugin offre aux utilisateurs la capacit\u00e9 de superviser et de r\u00e9guler efficacement la biblioth\u00e8que de m\u00e9dias de leur site Web, leur permettant d&rsquo;optimiser et d&rsquo;\u00e9liminer toutes les images superflues ou inutilis\u00e9es. De plus, le plugin sert de moyen pratique de g\u00e9rer des r\u00e9visions de post, des commentaires de spam et des commentaires non approuv\u00e9s, facilitant finalement les utilisateurs dans leur qu\u00eate pour maintenir un site Web organis\u00e9 et sans encombrement. De plus, le plugin poss\u00e8de une interface utilisateur con\u00e7ue intuitivement qui le rend remarquablement convivial, m\u00eame pour ceux qui sont des novices dans le domaine de la gestion des sites Web. Essentiellement, avec le plugin Smart Cleanup Tools pour WordPress \u00e0 leur disposition, les individus peuvent naviguer sans effort dans le domaine de la maintenance du site Web, en le transformant en une entreprise caract\u00e9ris\u00e9e par la facilit\u00e9 et la commodit\u00e9.<\/p>\n<ul>\n<li>Aide \u00e0 nettoyer et \u00e0 optimiser les sites Web WordPress<\/li>\n<li>Supprime automatiquement les donn\u00e9es inutiles, telles que les r\u00e9visions de poste et les anciens brouillons<\/li>\n<li>\u00c9conomise l&rsquo;espace du serveur et am\u00e9liore les performances du site Web<\/li>\n<li>Permet une personnalisation facile des param\u00e8tres de nettoyage<\/li>\n<li>Fournit des rapports sur la quantit\u00e9 d&rsquo;espace enregistr\u00e9 et les r\u00e9sultats d&rsquo;optimisation<\/li>\n<li>Compatible avec plusieurs versions WordPress<\/li>\n<li>Prend en charge les installations multisites<\/li>\n<li>R\u00e9guli\u00e8rement mis \u00e0 jour pour assurer la compatibilit\u00e9 et l&rsquo;optimisation des performances<\/li>\n<li>Facile \u00e0 installer et \u00e0 utiliser, m\u00eame pour les d\u00e9butants<\/li>\n<li>Livr\u00e9 avec un support client r\u00e9actif et convivial<\/li>\n<\/ul>\n","protected":false},"excerpt":{"rendered":"<p>Le plugin Smart Cleanup Tools pour WordPress est un outil exceptionnellement robuste et efficace qui offre une approche simplifi\u00e9e \u00e0 la t\u00e2che de nettoyage et d&rsquo;optimisation de votre site Web. Ce plugin remarquable vous permet d&rsquo;\u00e9radiquer sans effort les commentaires de spam, d&rsquo;\u00e9liminer les plugins superflus et de purifier les r\u00e9visions obsol\u00e8tes, garantissant ainsi une fonctionnalit\u00e9 transparente de votre site estim\u00e9. Que vous poss\u00e9diez une comp\u00e9tence rudimentaire ou avanc\u00e9e dans l&rsquo;utilisation de WordPress, ce plugin inestimable sert de ressource indispensable en termes d&rsquo;\u00e9conomie de temps et de pr\u00e9servation de l&rsquo;\u00e9tat vierge de votre site Web m\u00e9ticuleusement organis\u00e9.<\/p>\n","protected":false},"featured_media":145267,"comment_status":"open","ping_status":"open","template":"","meta":[],"product_brand":[2435],"product_cat":[1187,1181,1186],"product_tag":[1231],"class_list":{"0":"post-114690","1":"product","2":"type-product","3":"status-publish","4":"has-post-thumbnail","6":"product_brand-codecanyon","7":"product_cat-administration-wordpress-plugins","8":"product_cat-plugins","9":"product_cat-wordpress-plugins","10":"product_tag-codecanyon","11":"member-discount","12":"discount-restricted","14":"first","15":"instock","16":"sale","17":"downloadable","18":"virtual","19":"sold-individually","20":"purchasable","21":"product-type-simple"},"_links":{"self":[{"href":"https:\/\/gpl-love.com\/fr\/wp-json\/wp\/v2\/product\/114690","targetHints":{"allow":["GET"]}}],"collection":[{"href":"https:\/\/gpl-love.com\/fr\/wp-json\/wp\/v2\/product"}],"about":[{"href":"https:\/\/gpl-love.com\/fr\/wp-json\/wp\/v2\/types\/product"}],"replies":[{"embeddable":true,"href":"https:\/\/gpl-love.com\/fr\/wp-json\/wp\/v2\/comments?post=114690"}],"wp:featuredmedia":[{"embeddable":true,"href":"https:\/\/gpl-love.com\/fr\/wp-json\/wp\/v2\/media\/145267"}],"wp:attachment":[{"href":"https:\/\/gpl-love.com\/fr\/wp-json\/wp\/v2\/media?parent=114690"}],"wp:term":[{"taxonomy":"product_brand","embeddable":true,"href":"https:\/\/gpl-love.com\/fr\/wp-json\/wp\/v2\/product_brand?post=114690"},{"taxonomy":"product_cat","embeddable":true,"href":"https:\/\/gpl-love.com\/fr\/wp-json\/wp\/v2\/product_cat?post=114690"},{"taxonomy":"product_tag","embeddable":true,"href":"https:\/\/gpl-love.com\/fr\/wp-json\/wp\/v2\/product_tag?post=114690"}],"curies":[{"name":"wp","href":"https:\/\/api.w.org\/{rel}","templated":true}]}}