{"id":114688,"date":"2026-03-18T00:00:00","date_gmt":"2026-03-17T23:00:00","guid":{"rendered":"http:\/\/gpl-love.com\/fr\/produit\/metform-pro-robust-et-responsive-form-builder-for-elementor\/"},"modified":"2026-04-10T18:31:28","modified_gmt":"2026-04-10T16:31:28","slug":"metform-pro-robust-et-responsive-form-builder-for-elementor","status":"publish","type":"product","link":"https:\/\/gpl-love.com\/fr\/produit\/metform-pro-robust-et-responsive-form-builder-for-elementor\/","title":{"rendered":"MetForm Pro Robust et Responsive Form Builder For Elementor 3.9.8"},"content":{"rendered":"<h3>MetForm Pro Robust et Responsive Form Builder For Elementor Traits<\/h3>\n<p>MetForm Pro, un constructeur de formulaires tr\u00e8s robuste et r\u00e9actif sp\u00e9cifiquement con\u00e7u pour l&rsquo;int\u00e9gration transparente avec Elementor, pr\u00e9sente un processus sans couture et sans effort pour la cr\u00e9ation et la personnalisation des formulaires. B\u00e9n\u00e9ficiant d&rsquo;une vaste gamme de fonctionnalit\u00e9s et d&rsquo;une multitude d&rsquo;options de personnalisation, MetForm Pro permet le d\u00e9veloppement de formulaires qui sont m\u00e9ticuleusement adapt\u00e9s pour r\u00e9pondre aux exigences pr\u00e9cises et individualis\u00e9es de votre entreprise. Que ce soit un formulaire de contact de base et simple ou une enqu\u00eate complexe et complexe remplie d&rsquo;une pl\u00e9thore de types de questions, Metform Pro est \u00e9quip\u00e9 pour tout g\u00e9rer. Ce constructeur de formulaire exceptionnel facilite la cr\u00e9ation de formes d&rsquo;apparence professionnelle avec une facilit\u00e9 in\u00e9gal\u00e9e, gracieuset\u00e9 de son interface de tra\u00een\u00e9e et de d\u00e9p\u00f4t intuitive et son r\u00e9pertoire d&rsquo;options de style de forme avanc\u00e9e. En outre, l&rsquo;inclusion d&rsquo;analyses avanc\u00e9es et de fonctionnalit\u00e9s de rapport vous permet de suivre m\u00e9ticuleusement les soumissions de formulaires et d&rsquo;analyser soigneusement les donn\u00e9es qui en r\u00e9sultent, ce qui, \u00e0 son tour, rend l&rsquo;am\u00e9lioration de vos strat\u00e9gies de marketing et commercial un objectif tr\u00e8s r\u00e9alisable. En conclusion, MetForm Pro appara\u00eet comme un choix extr\u00eamement louable, id\u00e9alement adapt\u00e9 \u00e0 tout individu \u00e0 la recherche d&rsquo;un g\u00e9n\u00e9rateur de formulaires offrant \u00e0 la fois l&rsquo;efficacit\u00e9 et la convivialit\u00e9, et compatible de mani\u00e8re transparente avec Elementor.<\/p>\n<ul>\n<li>Cr\u00e9ez facilement des formulaires d&rsquo;aspect professionnel pour votre site Web \u00e0 l&rsquo;aide de Metform Pro<\/li>\n<li>Utilise le constructeur de page Elementor pour l&rsquo;int\u00e9gration et la personnalisation transparentes<\/li>\n<li>La conception optimis\u00e9e par mobile assure une exp\u00e9rience r\u00e9active et conviviale pour tous les utilisateurs<\/li>\n<li>Dispose d&rsquo;une vari\u00e9t\u00e9 de types de champs de formulaires, y compris du texte, des e-mails, du t\u00e9l\u00e9phone et plus<\/li>\n<li>Offre des options de style avanc\u00e9es avec CSS et animations personnalis\u00e9es<\/li>\n<li>Fournit des notifications par e-mail flexibles et des porte-autoresceuses pour rester connect\u00e9 avec votre public<\/li>\n<li>S&rsquo;int\u00e8gre aux services de marketing par e-mail populaires et aux CRM pour la capture et l&rsquo;organisation des plombs transparentes<\/li>\n<li>Fonctionne la protection du spam et Google Recaptcha int\u00e9gr\u00e9 pour assurer la s\u00e9curit\u00e9 des donn\u00e9es \u00e0 vous et \u00e0 vos utilisateurs<\/li>\n<li>Offre des formulaires en plusieurs \u00e9tapes et une logique conditionnelle pour cr\u00e9er des exp\u00e9riences dynamiques et personnalis\u00e9es<\/li>\n<li>Comprend une documentation compl\u00e8te et un support d\u00e9di\u00e9 pour vous aider \u00e0 tirer le meilleur parti de MetForm Pro.<\/li>\n<\/ul>\n","protected":false},"excerpt":{"rendered":"<p>MetForm Pro, qui est un plugin de cr\u00e9ateur de formulaires extr\u00eamement sophistiqu\u00e9 et facile \u00e0 utiliser sp\u00e9cialement con\u00e7u pour Elementor, vous accorde la capacit\u00e9 in\u00e9gal\u00e9e \u00e0 concevoir et construire sans effort des formulaires sur mesure. Cette formidable solution offre une pl\u00e9thore de fonctionnalit\u00e9s hautement souhaitables telles que des formulaires en plusieurs \u00e9tapes, une logique conditionnelle et des t\u00e9l\u00e9chargements de fichiers, entre autres, vous offrant ainsi une autonomie compl\u00e8te dans le processus de cr\u00e9ation de formes non seulement r\u00e9actives mais \u00e9galement captivantes. En tirant parti de la puissance de MetForm Pro, vous pouvez am\u00e9liorer l&rsquo;exp\u00e9rience utilisateur globale et augmenter consid\u00e9rablement l&rsquo;engagement en ligne sur votre site Web, gracieuset\u00e9 des formulaires personnalis\u00e9s et utiles qui peuvent \u00eatre cr\u00e9\u00e9s pour une multitude d&rsquo;applications, y compris, mais sans s&rsquo;y limiter, les formulaires de contact, les enqu\u00eates et formulaires de r\u00e9troaction. Ne perdez pas de temps et vous lancez dans votre voyage vers l&rsquo;\u00e9l\u00e9vation de votre site Web vers des hauteurs sans pr\u00e9c\u00e9dent en acqu\u00e9rant Metform Pro sans d\u00e9lai!<\/p>\n","protected":false},"featured_media":144538,"comment_status":"open","ping_status":"open","template":"","meta":[],"product_brand":[2594],"product_cat":[1191,1181,1186],"product_tag":[2169],"class_list":{"0":"post-114688","1":"product","2":"type-product","3":"status-publish","4":"has-post-thumbnail","6":"product_brand-wpmet","7":"product_cat-formes","8":"product_cat-plugins","9":"product_cat-wordpress-plugins","10":"product_tag-wpmet","11":"member-discount","12":"discount-restricted","14":"first","15":"instock","16":"sale","17":"downloadable","18":"virtual","19":"sold-individually","20":"purchasable","21":"product-type-simple"},"_links":{"self":[{"href":"https:\/\/gpl-love.com\/fr\/wp-json\/wp\/v2\/product\/114688","targetHints":{"allow":["GET"]}}],"collection":[{"href":"https:\/\/gpl-love.com\/fr\/wp-json\/wp\/v2\/product"}],"about":[{"href":"https:\/\/gpl-love.com\/fr\/wp-json\/wp\/v2\/types\/product"}],"replies":[{"embeddable":true,"href":"https:\/\/gpl-love.com\/fr\/wp-json\/wp\/v2\/comments?post=114688"}],"wp:featuredmedia":[{"embeddable":true,"href":"https:\/\/gpl-love.com\/fr\/wp-json\/wp\/v2\/media\/144538"}],"wp:attachment":[{"href":"https:\/\/gpl-love.com\/fr\/wp-json\/wp\/v2\/media?parent=114688"}],"wp:term":[{"taxonomy":"product_brand","embeddable":true,"href":"https:\/\/gpl-love.com\/fr\/wp-json\/wp\/v2\/product_brand?post=114688"},{"taxonomy":"product_cat","embeddable":true,"href":"https:\/\/gpl-love.com\/fr\/wp-json\/wp\/v2\/product_cat?post=114688"},{"taxonomy":"product_tag","embeddable":true,"href":"https:\/\/gpl-love.com\/fr\/wp-json\/wp\/v2\/product_tag?post=114688"}],"curies":[{"name":"wp","href":"https:\/\/api.w.org\/{rel}","templated":true}]}}