{"id":114686,"date":"2021-04-30T00:00:00","date_gmt":"2021-04-29T22:00:00","guid":{"rendered":"http:\/\/gpl-love.com\/fr\/produit\/countdown-timer-wordpress-countdown-timer-plugin\/"},"modified":"2026-03-20T22:59:11","modified_gmt":"2026-03-20T21:59:11","slug":"countdown-timer-wordpress-countdown-timer-plugin","status":"publish","type":"product","link":"https:\/\/gpl-love.com\/fr\/produit\/countdown-timer-wordpress-countdown-timer-plugin\/","title":{"rendered":"Countdown Timer WordPress Countdown Timer plugin 1.4.0"},"content":{"rendered":"<h3>Countdown Timer WordPress Countdown Timer plugin Traits<\/h3>\n<p>Le plugin WordPress Timer Countdown, avec sa multitude de fonctionnalit\u00e9s et l&rsquo;interface conviviale, s&rsquo;av\u00e8re \u00eatre un outil indispensable pour ceux qui cherchent \u00e0 g\u00e9n\u00e9rer des minuteries de compte \u00e0 rebours captivantes pour leurs sites Web. En quelques minutes, les utilisateurs peuvent configurer sans effort leurs minuteries pour s&rsquo;aligner sur leurs pr\u00e9f\u00e9rences personnelles. Ce plugin poss\u00e8de non seulement une s\u00e9lection diversifi\u00e9e de designs, d&rsquo;animations et de styles, mais offre \u00e9galement aux utilisateurs la commodit\u00e9 d&rsquo;adapter ces \u00e9l\u00e9ments pour se fondre de mani\u00e8re transparente dans l&rsquo;esth\u00e9tique globale de leurs sites Web. De plus, ce plugin offre une vaste gamme de fonctionnalit\u00e9s, telles que la capacit\u00e9 d&rsquo;\u00e9tablir plusieurs minuteries, d&rsquo;activer les effets audio et de lancer le compte \u00e0 rebours ciblant des dates et des heures sp\u00e9cifiques. Sans aucun doute, le plugin WordPress de compte \u00e0 rebours appara\u00eet comme une option exceptionnelle pour les personnes d\u00e9sireuses de fa\u00e7onner visuellement et captivant des minuteries \u00e0 rebours pour leurs sites Web ou les magasins en ligne.<\/p>\n<ul>\n<li>Plugin facile \u00e0 utiliser pour afficher les minuteries de compte \u00e0 rebours sur les sites Web WordPress<\/li>\n<li>Styles de minuterie enti\u00e8rement personnalisables, couleurs et polices pour correspondre \u00e0 la marque de votre site Web<\/li>\n<li>Options pour d\u00e9finir le compte \u00e0 rebours pour tout \u00e9v\u00e9nement, tels que les lancements de produits ou les promotions de vente<\/li>\n<li>Capacit\u00e9 \u00e0 cr\u00e9er plusieurs minuteries et \u00e0 les afficher sur diff\u00e9rentes pages \/ articles<\/li>\n<li>Interface conviviale pour la configuration et la gestion de vos minuteries \u00e0 rebours<\/li>\n<li>Option de choix entre un compte \u00e0 rebours ou un minuteur de compte, selon vos besoins<\/li>\n<li>Option pour afficher un message ou rediriger les visiteurs lorsque la minuterie atteint z\u00e9ro<\/li>\n<li>Conception sensible au mobile pour une exp\u00e9rience transparente sur tous les appareils<\/li>\n<li>Mises \u00e0 jour r\u00e9guli\u00e8res et support du d\u00e9veloppeur du plugin pour assurer une fonctionnalit\u00e9 et une compatibilit\u00e9 continues avec les mises \u00e0 jour WordPress.<\/li>\n<\/ul>\n","protected":false},"excerpt":{"rendered":"<p>Am\u00e9liorez l&rsquo;exp\u00e9rience utilisateur sur votre site avec notre plugin WordPress Timer Countdown. Ce plugin facile \u00e0 utiliser est parfait pour cr\u00e9er un sentiment d&rsquo;urgence parmi les visiteurs de votre site Web, les encourageant \u00e0 agir. Qu&rsquo;il s&rsquo;agisse d&rsquo;un \u00e9v\u00e9nement \u00e0 venir, d&rsquo;un lancement de produit ou d&rsquo;une offre sp\u00e9ciale, notre compte \u00e0 rebours ajoute une couche suppl\u00e9mentaire d&rsquo;excitation et d&rsquo;anticipation. Le plugin est enti\u00e8rement personnalisable, vous permettant de d\u00e9finir votre propre dur\u00e9e de compte \u00e0 rebours, de choisir parmi une gamme de designs \u00e9l\u00e9gants et m\u00eame d&rsquo;ajouter votre propre message personnalis\u00e9. La valeur! La fonction garantit que le compte \u00e0 rebours reste pr\u00e9cis et fiable, quel que soit le fuseau horaire ou l&rsquo;appareil de l&rsquo;utilisateur. Le plugin WordPress \u00e0 compte \u00e0 rebours n&rsquo;est pas seulement un outil, c&rsquo;est une strat\u00e9gie marketing puissante.<\/p>\n","protected":false},"featured_media":143430,"comment_status":"open","ping_status":"open","template":"","meta":[],"product_brand":[2435],"product_cat":[1189,1181,1186],"product_tag":[1231],"class_list":{"0":"post-114686","1":"product","2":"type-product","3":"status-publish","4":"has-post-thumbnail","6":"product_brand-codecanyon","7":"product_cat-personnalisation","8":"product_cat-plugins","9":"product_cat-wordpress-plugins","10":"product_tag-codecanyon","11":"member-discount","12":"discount-restricted","14":"first","15":"instock","16":"sale","17":"downloadable","18":"virtual","19":"sold-individually","20":"purchasable","21":"product-type-simple"},"_links":{"self":[{"href":"https:\/\/gpl-love.com\/fr\/wp-json\/wp\/v2\/product\/114686","targetHints":{"allow":["GET"]}}],"collection":[{"href":"https:\/\/gpl-love.com\/fr\/wp-json\/wp\/v2\/product"}],"about":[{"href":"https:\/\/gpl-love.com\/fr\/wp-json\/wp\/v2\/types\/product"}],"replies":[{"embeddable":true,"href":"https:\/\/gpl-love.com\/fr\/wp-json\/wp\/v2\/comments?post=114686"}],"wp:featuredmedia":[{"embeddable":true,"href":"https:\/\/gpl-love.com\/fr\/wp-json\/wp\/v2\/media\/143430"}],"wp:attachment":[{"href":"https:\/\/gpl-love.com\/fr\/wp-json\/wp\/v2\/media?parent=114686"}],"wp:term":[{"taxonomy":"product_brand","embeddable":true,"href":"https:\/\/gpl-love.com\/fr\/wp-json\/wp\/v2\/product_brand?post=114686"},{"taxonomy":"product_cat","embeddable":true,"href":"https:\/\/gpl-love.com\/fr\/wp-json\/wp\/v2\/product_cat?post=114686"},{"taxonomy":"product_tag","embeddable":true,"href":"https:\/\/gpl-love.com\/fr\/wp-json\/wp\/v2\/product_tag?post=114686"}],"curies":[{"name":"wp","href":"https:\/\/api.w.org\/{rel}","templated":true}]}}