{"id":114684,"date":"2025-05-21T00:00:00","date_gmt":"2025-05-20T22:00:00","guid":{"rendered":"http:\/\/gpl-love.com\/fr\/produit\/gravity-perks-wordpress-plugin\/"},"modified":"2026-03-20T23:18:44","modified_gmt":"2026-03-20T22:18:44","slug":"gravity-perks-wordpress-plugin","status":"publish","type":"product","link":"https:\/\/gpl-love.com\/fr\/produit\/gravity-perks-wordpress-plugin\/","title":{"rendered":"Gravity Perks 2.3.16"},"content":{"rendered":"<h3>Gravity Perks Traits<\/h3>\n<p>Gravity Perks, un outil robuste con\u00e7u pour am\u00e9liorer la fonctionnalit\u00e9 des formes de gravit\u00e9, offre une pl\u00e9thore de modules compl\u00e9mentaires capables d&rsquo;\u00e9lever l&rsquo;efficacit\u00e9 et la convivialit\u00e9 de vos formulaires. Cette suite compl\u00e8te vous permet de cr\u00e9er sans effort des formes conditionnelles, d&rsquo;int\u00e9grer des champs et des calculs personnalis\u00e9s et de g\u00e9rer de mani\u00e8re transparente des flux de travail complexes. De plus, l&rsquo;interface conviviale de ce plugin garantit une facilit\u00e9 d&rsquo;utilisation, ne n\u00e9cessitant aucune connaissance de codage pr\u00e9alable. Que vous poss\u00e9diez une expertise en programmation ou que vous soyez un utilisateur non technique, Gravity Perks fournit un \u00e9ventail \u00e9tendu de fonctionnalit\u00e9s qui permettent la cr\u00e9ation de formes tr\u00e8s efficaces et captivantes. En utilisant ce plugin polyvalent, vous pouvez optimiser sans effort vos formulaires de gravit\u00e9 pour vous aligner sur vos besoins sp\u00e9cifiques, augmentant ainsi consid\u00e9rablement votre productivit\u00e9.<\/p>\n<ul>\n<li>Gravity Perks est une suite de modules compl\u00e9mentaires qui am\u00e9liorent la fonctionnalit\u00e9 du plugin WordPress Forms Gravity<\/li>\n<li>La suite comprend plus de 50 modules compl\u00e9mentaires uniques, chacun con\u00e7u pour am\u00e9liorer les aspects sp\u00e9cifiques de vos flux de travail de forme<\/li>\n<li>Avec Gravity Perks, vous pouvez automatiser les actions de formulaire complexes, cr\u00e9er une logique conditionnelle, rationaliser la gestion des donn\u00e9es des utilisateurs et bien plus encore<\/li>\n<li>Les modules compl\u00e9mentaires sont con\u00e7us pour \u00eatre conviviaux et personnalisables, ce qui facilite l&rsquo;int\u00e9gration des formulaires de gravit\u00e9 dans n&rsquo;importe quel site Web ou application<\/li>\n<li>Certains des modules compl\u00e9mentaires les plus populaires inclus dans la suite sont les dates logiques conditionnelles, les formulaires de plusieurs pages, les soumissions de limite et les choix limites<\/li>\n<li>Gravity Perks est continuellement mis \u00e0 jour avec des modules compl\u00e9mentaires nouveaux et am\u00e9lior\u00e9s, garantissant que vos flux de travail de formulaire r\u00e9pondent toujours \u00e0 vos besoins en \u00e9volution<\/li>\n<li>La suite est soutenue par une \u00e9quipe de d\u00e9veloppeurs exp\u00e9riment\u00e9s et une communaut\u00e9 de soutien, vous offrant un soutien et des ressources fiables pour optimiser les performances de votre formulaire.<\/li>\n<\/ul>\n","protected":false},"excerpt":{"rendered":"<p>Gravity Perks est un plugin incroyablement robuste con\u00e7u sp\u00e9cifiquement pour am\u00e9liorer la fonctionnalit\u00e9 des formes de gravit\u00e9. En incorporant une gamme de fonctionnalit\u00e9s innovantes, en rationalisant l&rsquo;utilisabilit\u00e9 et en automatisant des t\u00e2ches complexes, cet outil puissant prend le potentiel des formes de gravit\u00e9 \u00e0 des hauteurs sans pr\u00e9c\u00e9dent. Gr\u00e2ce \u00e0 l&rsquo;utilisation des avantages de gravit\u00e9, les utilisateurs peuvent d\u00e9velopper sans effort des formes avanc\u00e9es qui offrent une sophistication in\u00e9gal\u00e9e. De plus, ce plugin am\u00e9liore consid\u00e9rablement l&rsquo;exp\u00e9rience utilisateur globale, ce qui permet de gagner un temps pr\u00e9cieux en ce qui concerne la saisie des donn\u00e9es. De plus, les avantages de Gravity facilitent l&rsquo;int\u00e9gration transparente avec un large \u00e9ventail de services populaires. Que vous ayez besoin de logique conditionnelle, de formulaires de plusieurs pages, de champs calcul\u00e9s ou de t\u00e9l\u00e9chargements de fichiers, Gravity Perks est la solution compl\u00e8te que vous recherchez. Gr\u00e2ce \u00e0 son interface hautement intuitive, sa documentation compl\u00e8te et son support in\u00e9branlable, Gravity Perks est une ressource indispensable pour tout utilisateur de formulaires de gravit\u00e9 engag\u00e9s.<\/p>\n","protected":false},"featured_media":144128,"comment_status":"open","ping_status":"open","template":"","meta":[],"product_brand":[2567],"product_cat":[1191,1181,1186],"product_tag":[2168],"class_list":{"0":"post-114684","1":"product","2":"type-product","3":"status-publish","4":"has-post-thumbnail","6":"product_brand-gravity-wiz","7":"product_cat-formes","8":"product_cat-plugins","9":"product_cat-wordpress-plugins","10":"product_tag-gravity-wiz","11":"member-discount","12":"discount-restricted","14":"first","15":"instock","16":"sale","17":"downloadable","18":"virtual","19":"sold-individually","20":"purchasable","21":"product-type-simple"},"_links":{"self":[{"href":"https:\/\/gpl-love.com\/fr\/wp-json\/wp\/v2\/product\/114684","targetHints":{"allow":["GET"]}}],"collection":[{"href":"https:\/\/gpl-love.com\/fr\/wp-json\/wp\/v2\/product"}],"about":[{"href":"https:\/\/gpl-love.com\/fr\/wp-json\/wp\/v2\/types\/product"}],"replies":[{"embeddable":true,"href":"https:\/\/gpl-love.com\/fr\/wp-json\/wp\/v2\/comments?post=114684"}],"wp:featuredmedia":[{"embeddable":true,"href":"https:\/\/gpl-love.com\/fr\/wp-json\/wp\/v2\/media\/144128"}],"wp:attachment":[{"href":"https:\/\/gpl-love.com\/fr\/wp-json\/wp\/v2\/media?parent=114684"}],"wp:term":[{"taxonomy":"product_brand","embeddable":true,"href":"https:\/\/gpl-love.com\/fr\/wp-json\/wp\/v2\/product_brand?post=114684"},{"taxonomy":"product_cat","embeddable":true,"href":"https:\/\/gpl-love.com\/fr\/wp-json\/wp\/v2\/product_cat?post=114684"},{"taxonomy":"product_tag","embeddable":true,"href":"https:\/\/gpl-love.com\/fr\/wp-json\/wp\/v2\/product_tag?post=114684"}],"curies":[{"name":"wp","href":"https:\/\/api.w.org\/{rel}","templated":true}]}}