{"id":114623,"date":"2025-11-02T00:00:00","date_gmt":"2025-11-01T23:00:00","guid":{"rendered":"http:\/\/gpl-love.com\/fr\/produit\/educavo-online-courses-et-education-wordpress-theme\/"},"modified":"2026-03-20T23:02:54","modified_gmt":"2026-03-20T22:02:54","slug":"educavo-online-courses-et-education-wordpress-theme","status":"publish","type":"product","link":"https:\/\/gpl-love.com\/fr\/produit\/educavo-online-courses-et-education-wordpress-theme\/","title":{"rendered":"Educavo Online Courses et Education WordPress Theme 3.3.6"},"content":{"rendered":"<h3>Educavo Online Courses et Education WordPress Theme Traits<\/h3>\n<p>Le th\u00e8me WordPress en ligne Educavo en ligne sert d&rsquo;outil complet qui offre aux enseignants, des tuteurs et des \u00e9tablissements d&rsquo;enseignement une plate-forme exceptionnelle pour la cr\u00e9ation et la gestion de leurs cours en ligne. Ce th\u00e8me a \u00e9t\u00e9 m\u00e9ticuleusement con\u00e7u pour hi\u00e9rarchiser la convivialit\u00e9 et la personnalisation des utilisateurs, avec une interface visuellement captivante qui engage avec succ\u00e8s les \u00e9tudiants et les \u00e9ducateurs. En incorporant une vaste gamme de fonctionnalit\u00e9s robustes, telles que la gestion des cours, l&rsquo;int\u00e9gration des paiements en ligne et les capacit\u00e9s de messagerie des \u00e9tudiants, Educavo rationalise efficacement toute l&rsquo;exp\u00e9rience d&rsquo;apprentissage, assurant un parcours transparent de l&rsquo;inscription \u00e0 la certification. Que vous soyez \u00e0 la recherche d&rsquo;une solution pour un seul cours ou que vous visiez \u00e0 \u00e9tablir une acad\u00e9mie en ligne \u00e0 part enti\u00e8re, Educavo englobe toutes les ressources n\u00e9cessaires pour offrir \u00e0 vos \u00e9tudiants une \u00e9ducation de premier ordre, le tout dans un seul navigable et convivial \u00e0 vos \u00e9l\u00e8ves, le tout dans un seul navigable et convivial interface. Alors pourquoi tarder? Ne perdez pas de temps et lancez votre voyage avec Educavo aujourd&rsquo;hui, alors que vous partagez vos connaissances et expertises inestimables avec le monde!<\/p>\n<ul>\n<li>Un design \u00e9l\u00e9gant et moderne qui se pr\u00eate \u00e0 des sites Web d&rsquo;\u00e9ducation en ligne professionnels dans une vari\u00e9t\u00e9 de domaines.<\/li>\n<li>Fonctionnalit\u00e9 facile \u00e0 utiliser pour la personnalisation des pages Web et des structures de cours.<\/li>\n<li>La conception r\u00e9active permet une exp\u00e9rience utilisateur transparente sur n&rsquo;importe quel appareil, y compris les ordinateurs de bureau, les tablettes et les t\u00e9l\u00e9phones mobiles.<\/li>\n<li>Un ensemble complet de fonctionnalit\u00e9s pour aider les \u00e9ducateurs \u00e0 cr\u00e9er un environnement d&rsquo;apprentissage complet, y compris les quiz, les affectations et le suivi des progr\u00e8s des cours.<\/li>\n<li>Int\u00e9gration avec des plateformes LMS populaires comme Learndash et Sensei pour rationaliser la gestion des cours et l&rsquo;engagement des \u00e9tudiants.<\/li>\n<li>Options de mise en page personnalisables pour afficher des cours en vedette, des t\u00e9moignages et d&rsquo;autres informations importantes.<\/li>\n<li>Compatibilit\u00e9 avec des plugins populaires comme WooCommerce et WPBakery pour plus de flexibilit\u00e9 et d&rsquo;options de personnalisation.<\/li>\n<li>Documentation compl\u00e8te et support pour les utilisateurs de tous les niveaux de comp\u00e9tence.<\/li>\n<\/ul>\n","protected":false},"excerpt":{"rendered":"<p>Si vous \u00eates \u00e0 la recherche d&rsquo;une plate-forme pour cr\u00e9er une plateforme d&rsquo;\u00e9ducation en ligne \u00e0 la fois professionnelle et engageante, ne cherchez pas plus loin que Educavo. Cette plate-forme particuli\u00e8re se distingue comme les cours en ligne et le th\u00e8me WordPress \u00e9ducatif. Avec son design \u00e9l\u00e9gant et moderne, il offre une facilit\u00e9 d&rsquo;utilisation et est enti\u00e8rement personnalisable. Educavo fournit tous les outils n\u00e9cessaires pour cr\u00e9er des cours qui sont \u00e0 la fois convaincants et efficaces, y compris des outils de gestion de cours puissants, un large \u00e9ventail d&rsquo;options multim\u00e9dias et des options de prix et de paiement flexibles. Que vous soyez un \u00e9ducateur exp\u00e9riment\u00e9 ou que vous d\u00e9butiez simplement, Educavo r\u00e9pond \u00e0 tous vos besoins pour r\u00e9ussir dans le domaine de l&rsquo;apprentissage en ligne. Alors pourquoi en tarder davantage? Commencez votre voyage aujourd&rsquo;hui et provoquez une r\u00e9volution dans la fa\u00e7on dont vous enseignez et apprenez!<\/p>\n","protected":false},"featured_media":143675,"comment_status":"open","ping_status":"open","template":"","meta":[],"product_brand":[2433],"product_cat":[1516,1212,1213],"product_tag":[1366],"class_list":{"0":"post-114623","1":"product","2":"type-product","3":"status-publish","4":"has-post-thumbnail","6":"product_brand-themeforest","7":"product_cat-entreprise","8":"product_cat-themes","9":"product_cat-wordpress-themes","10":"product_tag-themeforest","11":"member-discount","12":"discount-restricted","14":"first","15":"instock","16":"sale","17":"downloadable","18":"virtual","19":"sold-individually","20":"purchasable","21":"product-type-simple"},"_links":{"self":[{"href":"https:\/\/gpl-love.com\/fr\/wp-json\/wp\/v2\/product\/114623","targetHints":{"allow":["GET"]}}],"collection":[{"href":"https:\/\/gpl-love.com\/fr\/wp-json\/wp\/v2\/product"}],"about":[{"href":"https:\/\/gpl-love.com\/fr\/wp-json\/wp\/v2\/types\/product"}],"replies":[{"embeddable":true,"href":"https:\/\/gpl-love.com\/fr\/wp-json\/wp\/v2\/comments?post=114623"}],"wp:featuredmedia":[{"embeddable":true,"href":"https:\/\/gpl-love.com\/fr\/wp-json\/wp\/v2\/media\/143675"}],"wp:attachment":[{"href":"https:\/\/gpl-love.com\/fr\/wp-json\/wp\/v2\/media?parent=114623"}],"wp:term":[{"taxonomy":"product_brand","embeddable":true,"href":"https:\/\/gpl-love.com\/fr\/wp-json\/wp\/v2\/product_brand?post=114623"},{"taxonomy":"product_cat","embeddable":true,"href":"https:\/\/gpl-love.com\/fr\/wp-json\/wp\/v2\/product_cat?post=114623"},{"taxonomy":"product_tag","embeddable":true,"href":"https:\/\/gpl-love.com\/fr\/wp-json\/wp\/v2\/product_tag?post=114623"}],"curies":[{"name":"wp","href":"https:\/\/api.w.org\/{rel}","templated":true}]}}