{"id":114621,"date":"2021-12-08T00:00:00","date_gmt":"2021-12-07T23:00:00","guid":{"rendered":"http:\/\/gpl-love.com\/fr\/produit\/wilmer-construction-theme\/"},"modified":"2026-04-10T18:45:42","modified_gmt":"2026-04-10T16:45:42","slug":"wilmer-construction-theme","status":"publish","type":"product","link":"https:\/\/gpl-love.com\/fr\/produit\/wilmer-construction-theme\/","title":{"rendered":"Wilmer Construction Theme 2.7"},"content":{"rendered":"<h3>Wilmer Construction Theme Traits<\/h3>\n<p>Le th\u00e8me de la construction de Wilmer, un th\u00e8me WordPress extraordinaire et multiforme, a \u00e9t\u00e9 ing\u00e9nieusement con\u00e7u exclusivement pour les entreprises de construction et les entrepreneurs. B\u00e9n\u00e9ficiant de son design \u00e9l\u00e9gant et contemporain, ce th\u00e8me propose une plate-forme qui est sans aucun doute professionnelle et fiable pour montrer votre gamme remarquable de services et de projets. De plus, ce th\u00e8me comprend une gamme de fonctionnalit\u00e9s et de widgets personnalisables, qui vous permettent par la suite d&rsquo;adapter votre site Web pr\u00e9cis\u00e9ment conform\u00e9ment \u00e0 vos exigences uniques. De plus, ce th\u00e8me est regroup\u00e9 avec des constructeurs de pages conviviaux, un assortiment de mod\u00e8les et des sections pr\u00e9-con\u00e7ues qui facilitent sans effort le d\u00e9veloppement de sites Web. De plus, le th\u00e8me de la construction de Wilmer est enti\u00e8rement r\u00e9actif, garantissant ainsi une pr\u00e9sentation exceptionnelle de votre site Web sur tous les appareils. Pour r\u00e9sumer, ce th\u00e8me particulier est vraiment un choix sans faille pour les personnes de l&rsquo;industrie de la construction qui aspirent \u00e0 \u00e9tablir une pr\u00e9sence en ligne sophistiqu\u00e9e et polie.<\/p>\n<ul>\n<li>Th\u00e8me de construction de haute qualit\u00e9 et professionnel pour les sites Web WordPress<\/li>\n<li>Livr\u00e9 avec une vari\u00e9t\u00e9 de mod\u00e8les pr\u00e9-con\u00e7us pour diff\u00e9rents types d&rsquo;entreprises de construction<\/li>\n<li>Options de couleurs illimit\u00e9es pour correspondre facilement \u00e0 la palette de couleurs de votre marque<\/li>\n<li>Enti\u00e8rement personnalisable avec le g\u00e9n\u00e9rateur de page de glisser-d\u00e9poser facile \u00e0 utiliser<\/li>\n<li>La conception r\u00e9active garantit que votre site Web a fi\u00e8re allure sur tous les appareils<\/li>\n<li>Fonctionnalit\u00e9s de r\u00e9f\u00e9rencement int\u00e9gr\u00e9es pour am\u00e9liorer le classement des moteurs de recherche de votre site Web<\/li>\n<li>Comprend l&rsquo;int\u00e9gration avec des plugins populaires tels que le formulaire de contact 7 et WooCommerce<\/li>\n<li>Mises \u00e0 jour r\u00e9guli\u00e8res et support client d\u00e9di\u00e9 pour vous assurer que votre site Web fonctionne bien<\/li>\n<li>Code propre et optimis\u00e9 pour les temps de chargement rapide<\/li>\n<li>Convient aux petites et grandes entreprises de construction.<\/li>\n<\/ul>\n","protected":false},"excerpt":{"rendered":"<p>Le th\u00e8me de la construction de Wilmer, un th\u00e8me WordPress adapt\u00e9 aux entreprises de construction et aux entrepreneurs, d\u00e9gage la puissance et la polyvalence. Son design, \u00e0 la fois \u00e9l\u00e9gant et moderne, pr\u00e9sente une pl\u00e9thore de pages et de mod\u00e8les pr\u00e9-con\u00e7us, simplifiant le processus d&rsquo;\u00e9tablissement d&rsquo;un site Web professionnel avec un effort minimal. Enti\u00e8rement r\u00e9actif et adapt\u00e9 aux mobiles, ce th\u00e8me garantit un site visuellement attrayant sur tous les appareils. En outre, il poss\u00e8de une multitude de fonctionnalit\u00e9s, notamment des options de typographie avanc\u00e9es, une int\u00e9gration des m\u00e9dias sociaux sans couture, des formulaires de contact personnalisables et un \u00e9ventail d&rsquo;autres fonctionnalit\u00e9s. Avec ces attributs, il est le choix incontest\u00e9 pour tous ceux qui cherchent \u00e0 forger une pr\u00e9sence en ligne remarquable pour leur entreprise de construction.<\/p>\n","protected":false},"featured_media":145769,"comment_status":"open","ping_status":"open","template":"","meta":[],"product_brand":[2433],"product_cat":[1516,1212,1213],"product_tag":[1366],"class_list":{"0":"post-114621","1":"product","2":"type-product","3":"status-publish","4":"has-post-thumbnail","6":"product_brand-themeforest","7":"product_cat-entreprise","8":"product_cat-themes","9":"product_cat-wordpress-themes","10":"product_tag-themeforest","11":"member-discount","12":"discount-restricted","14":"first","15":"instock","16":"sale","17":"downloadable","18":"virtual","19":"sold-individually","20":"purchasable","21":"product-type-simple"},"_links":{"self":[{"href":"https:\/\/gpl-love.com\/fr\/wp-json\/wp\/v2\/product\/114621","targetHints":{"allow":["GET"]}}],"collection":[{"href":"https:\/\/gpl-love.com\/fr\/wp-json\/wp\/v2\/product"}],"about":[{"href":"https:\/\/gpl-love.com\/fr\/wp-json\/wp\/v2\/types\/product"}],"replies":[{"embeddable":true,"href":"https:\/\/gpl-love.com\/fr\/wp-json\/wp\/v2\/comments?post=114621"}],"wp:featuredmedia":[{"embeddable":true,"href":"https:\/\/gpl-love.com\/fr\/wp-json\/wp\/v2\/media\/145769"}],"wp:attachment":[{"href":"https:\/\/gpl-love.com\/fr\/wp-json\/wp\/v2\/media?parent=114621"}],"wp:term":[{"taxonomy":"product_brand","embeddable":true,"href":"https:\/\/gpl-love.com\/fr\/wp-json\/wp\/v2\/product_brand?post=114621"},{"taxonomy":"product_cat","embeddable":true,"href":"https:\/\/gpl-love.com\/fr\/wp-json\/wp\/v2\/product_cat?post=114621"},{"taxonomy":"product_tag","embeddable":true,"href":"https:\/\/gpl-love.com\/fr\/wp-json\/wp\/v2\/product_tag?post=114621"}],"curies":[{"name":"wp","href":"https:\/\/api.w.org\/{rel}","templated":true}]}}