{"id":114619,"date":"2025-01-11T00:00:00","date_gmt":"2025-01-10T23:00:00","guid":{"rendered":"http:\/\/gpl-love.com\/fr\/produit\/townhub-directory-et-listing-wordpress-theme\/"},"modified":"2026-04-10T18:43:47","modified_gmt":"2026-04-10T16:43:47","slug":"townhub-directory-et-listing-wordpress-theme","status":"publish","type":"product","link":"https:\/\/gpl-love.com\/fr\/produit\/townhub-directory-et-listing-wordpress-theme\/","title":{"rendered":"TownHub Directory et Listing WordPress Theme 1.8.2"},"content":{"rendered":"<h3>TownHub Directory et Listing WordPress Theme Traits<\/h3>\n<p>Le r\u00e9pertoire Townhub et le th\u00e8me WordPress inscrit sont un outil extr\u00eamement puissant et remarquablement polyvalent qui permet aux utilisateurs de cr\u00e9er des r\u00e9pertoires et des annonces en ligne complets et extr\u00eamement conviviaux. B\u00e9n\u00e9ficiant d&rsquo;un design \u00e9l\u00e9gant et moderne, Townhub offre une vaste gamme de fonctionnalit\u00e9s et d&rsquo;options de personnalisation qui r\u00e9pondent aux exigences uniques de toute entreprise ou organisation cherchant \u00e0 \u00e9tablir une pr\u00e9sence en ligne dominante. Des cartes m\u00e9ticuleusement d\u00e9taill\u00e9es et des filtres de recherche tr\u00e8s efficaces \u00e0 l&rsquo;ajout inestimable des avis et des notes des utilisateurs, Townhub simplifie le processus de connexion avec les clients et de promouvoir efficacement votre marque. Que vous aspirez \u00e0 cr\u00e9er un r\u00e9pertoire pour les achats, les restaurants ou les services, ou si votre objectif est de g\u00e9rer les listes pour l&rsquo;immobilier ou le tourisme, soyez assur\u00e9 que TownHub fournit une bo\u00eete \u00e0 outils globale \u00e9quip\u00e9e de tout ce dont vous pourriez avoir besoin pour apporter pour apporter Vos aspirations visionnaires \u00e0 une vie vivante. Avec son interface supr\u00eamement conviviale et son design incroyablement r\u00e9actif, Townhub appara\u00eet comme la solution sans \u00e9quivoque pour les entreprises ambitieuses aspirant \u00e0 \u00e9tendre leur port\u00e9e et \u00e0 \u00e9tablir sans effort des connexions avec des clients situ\u00e9s dans tous les coins du globe.<\/p>\n<ul>\n<li>Un r\u00e9pertoire moderne et \u00e9l\u00e9gant et le th\u00e8me WordPress r\u00e9pertoriant<\/li>\n<li>Offre une interface conviviale pour les utilisateurs et les administrateurs<\/li>\n<li>Enti\u00e8rement personnalisable avec des options de personnalisation faciles \u00e0 utiliser<\/li>\n<li>La conception adapt\u00e9e aux mobiles et r\u00e9active garantit une compatibilit\u00e9 avec n&rsquo;importe quel appareil<\/li>\n<li>Pr\u00e9sent\u00e9 en SEO avec du code et des fonctionnalit\u00e9s optimis\u00e9es pour le classement dans les moteurs de recherche<\/li>\n<li>Offre des options de recherche et de filtrage puissantes pour les utilisateurs pour trouver ce dont ils ont besoin rapidement<\/li>\n<li>Comprend des options faciles pour ajouter et g\u00e9rer les listes, y compris les champs personnalis\u00e9s et les options de tarification<\/li>\n<li>Prend en charge plusieurs langues et offre des options pr\u00eates \u00e0 la traduction pour un public mondial<\/li>\n<li>Construit avec la derni\u00e8re technologie WordPress et r\u00e9guli\u00e8rement mis \u00e0 jour pour assurer des performances et une s\u00e9curit\u00e9 en douceur<\/li>\n<li>Offre des options de paiement et de r\u00e9servation int\u00e9gr\u00e9es pour les opportunit\u00e9s de mon\u00e9tisation pour les entreprises et les propri\u00e9taires de sites Web.<\/li>\n<\/ul>\n","protected":false},"excerpt":{"rendered":"<p>TownHub est un th\u00e8me WordPress d\u00e9licieusement con\u00e7u et de pointe qui a \u00e9t\u00e9 con\u00e7u de mani\u00e8re experte pour vous aider \u00e0 construire un site Web de r\u00e9pertoire local complet et global. Ce th\u00e8me poss\u00e8de un \u00e9ventail de fonctionnalit\u00e9s formidables, y compris des filtres de recherche tr\u00e8s avanc\u00e9s, des profils d&rsquo;inscription personnalis\u00e9s et des r\u00e9sultats de recherche sp\u00e9cifiques \u00e0 l&#8217;emplacement, qui se combinent tous de mani\u00e8re transparente pour permettre aux utilisateurs de localiser et d&rsquo;\u00e9tablir des connexions avec des entreprises situ\u00e9es \u00e0 leur propre voisinage. De plus, le th\u00e8me propose \u00e9galement une s\u00e9lection de mod\u00e8les pr\u00e9-con\u00e7us qui s&rsquo;adressent sp\u00e9cifiquement aux entreprises, aux \u00e9v\u00e9nements et aux annonces des \u00c9tats-Unis, vous offrant ainsi la plus grande commodit\u00e9 lorsqu&rsquo;il s&rsquo;agit de pr\u00e9senter efficacement les d\u00e9tails cruciaux concernant chaque entreprise ou \u00e9v\u00e9nement individuel. Que vous vous lanciez dans le lancement d&rsquo;un nouveau r\u00e9pertoire commercial local ou que vous soyez en train de revitaliser un nouveau plate-forme en ligne qui servira sans aucun doute de ressources inestimables pour votre communaut\u00e9.<\/p>\n","protected":false},"featured_media":145606,"comment_status":"open","ping_status":"open","template":"","meta":[],"product_brand":[2433],"product_cat":[1242,1212,1213],"product_tag":[1366],"class_list":{"0":"post-114619","1":"product","2":"type-product","3":"status-publish","4":"has-post-thumbnail","6":"product_brand-themeforest","7":"product_cat-creatif","8":"product_cat-themes","9":"product_cat-wordpress-themes","10":"product_tag-themeforest","11":"member-discount","12":"discount-restricted","14":"first","15":"instock","16":"sale","17":"downloadable","18":"virtual","19":"sold-individually","20":"purchasable","21":"product-type-simple"},"_links":{"self":[{"href":"https:\/\/gpl-love.com\/fr\/wp-json\/wp\/v2\/product\/114619","targetHints":{"allow":["GET"]}}],"collection":[{"href":"https:\/\/gpl-love.com\/fr\/wp-json\/wp\/v2\/product"}],"about":[{"href":"https:\/\/gpl-love.com\/fr\/wp-json\/wp\/v2\/types\/product"}],"replies":[{"embeddable":true,"href":"https:\/\/gpl-love.com\/fr\/wp-json\/wp\/v2\/comments?post=114619"}],"wp:featuredmedia":[{"embeddable":true,"href":"https:\/\/gpl-love.com\/fr\/wp-json\/wp\/v2\/media\/145606"}],"wp:attachment":[{"href":"https:\/\/gpl-love.com\/fr\/wp-json\/wp\/v2\/media?parent=114619"}],"wp:term":[{"taxonomy":"product_brand","embeddable":true,"href":"https:\/\/gpl-love.com\/fr\/wp-json\/wp\/v2\/product_brand?post=114619"},{"taxonomy":"product_cat","embeddable":true,"href":"https:\/\/gpl-love.com\/fr\/wp-json\/wp\/v2\/product_cat?post=114619"},{"taxonomy":"product_tag","embeddable":true,"href":"https:\/\/gpl-love.com\/fr\/wp-json\/wp\/v2\/product_tag?post=114619"}],"curies":[{"name":"wp","href":"https:\/\/api.w.org\/{rel}","templated":true}]}}