{"id":114617,"date":"2021-04-28T00:00:00","date_gmt":"2021-04-27T22:00:00","guid":{"rendered":"http:\/\/gpl-love.com\/fr\/produit\/woocommerce-product-likes\/"},"modified":"2026-04-10T18:48:06","modified_gmt":"2026-04-10T16:48:06","slug":"woocommerce-product-likes","status":"publish","type":"product","link":"https:\/\/gpl-love.com\/fr\/produit\/woocommerce-product-likes\/","title":{"rendered":"WooCommerce Product Likes 1.1.3"},"content":{"rendered":"<h3>WooCommerce Product Likes Traits<\/h3>\n<p>WooCommerce Product Likes, un outil tr\u00e8s efficace m\u00e9ticuleusement con\u00e7u pour augmenter l&rsquo;engagement des clients et augmenter les ventes, poss\u00e8de les prouesses \u00e0 r\u00e9volutionner les magasins WooCommerce. Cet outil ing\u00e9nieux permet aux clients d&rsquo;exprimer sans effort leur adoration pour des produits sp\u00e9cifiques, propulsant par la suite ces produits \u00e0 l&rsquo;avant-garde de leurs cercles de r\u00e9seau social, amplifiant ainsi le collecteur de visibilit\u00e9 du magasin. De plus, ce plugin remarquable facilite en outre les propri\u00e9taires de magasins pour obtenir des informations inestimables sur les pr\u00e9f\u00e9rences de leur client\u00e8le estim\u00e9es en suivant m\u00e9ticuleusement la popularit\u00e9 de divers produits et en les pr\u00e9sentant en \u00e9vidence gr\u00e2ce \u00e0 un widget esth\u00e9tique. Ce qui \u00e9tablit vraiment que le produit WooCommerce aime \u00e0 part, c&rsquo;est sa convivialit\u00e9 in\u00e9gal\u00e9e et son int\u00e9gration transparente avec les magasins WooCommerce, rendant l&rsquo;installation et la personnalisation une brise. B\u00e9n\u00e9ficiant d&rsquo;une gamme de fonctionnalit\u00e9s avanc\u00e9es qui ne peuvent pas captiver tout propri\u00e9taire de magasin en ligne exigeant, cet outil indispensable est un atout par excellence pour tout \u00e9tablissement aspirant \u00e0 am\u00e9liorer l&rsquo;engagement des clients et \u00e0 engendrer un pic substantiel de ventes.<\/p>\n<ul>\n<li>Ajoute un bouton \u00ab\u00a0Like\u00a0\u00bb \u00e0 votre page de produit WooCommerce<\/li>\n<li>Permet aux clients de montrer facilement leur appr\u00e9ciation pour vos produits<\/li>\n<li>Affiche le nombre de likes qu&rsquo;un produit a re\u00e7u<\/li>\n<li>Augmente la preuve sociale et la cr\u00e9dibilit\u00e9 de votre entreprise<\/li>\n<li>Fournit des commentaires pr\u00e9cieux sur les produits populaires aupr\u00e8s de vos clients<\/li>\n<li>Facile \u00e0 personnaliser et \u00e0 style pour correspondre \u00e0 l&rsquo;esth\u00e9tique de votre marque<\/li>\n<li>Peut \u00eatre facilement int\u00e9gr\u00e9 \u00e0 d&rsquo;autres plugins WooCommerce et compl\u00e9ments<\/li>\n<li>Aide \u00e0 am\u00e9liorer l&rsquo;engagement et la fid\u00e9lit\u00e9 des clients<\/li>\n<li>Stimule la visibilit\u00e9 et les ventes des produits en encourageant plus d&rsquo;interactions avec vos produits<\/li>\n<li>Am\u00e9liore l&rsquo;exp\u00e9rience utilisateur globale de votre boutique en ligne.<\/li>\n<\/ul>\n","protected":false},"excerpt":{"rendered":"<p>Le produit WooCommerce aime s&rsquo;av\u00e8re un plugin incroyablement puissant qui poss\u00e8de la plus grande capacit\u00e9 \u00e0 renforcer et \u00e0 amplifier vos ventes, favorisant ainsi une croissance remarquable pour votre boutique en ligne estim\u00e9e. En vertu de ce plugin exceptionnel, vos pr\u00e9cieux clients re\u00e7oivent l&rsquo;occasion remarquable d&rsquo;exprimer leur adoration \u00e0 vos produits, directement \u00e0 partir des pages de produits elles-m\u00eames, leur conf\u00e8rent ainsi une commodit\u00e9 in\u00e9gal\u00e9e \u00e0 partager leurs articles ch\u00e9ris avec leurs connaissances et leurs camarades. Une telle caract\u00e9ristique ing\u00e9nieuse a le potentiel de g\u00e9n\u00e9rer un immense buzz social entourant votre marchandise, qui culmine par cons\u00e9quent dans un afflux substantiel de trafic Web et des ventes augment\u00e9es pour votre \u00e9tablissement en ligne estim\u00e9. De plus, le produit WooCommerce exceptionnel Likes vous offre la capacit\u00e9 inestimable \u00e0 surveiller et \u00e0 suivre m\u00e9ticuleusement les niveaux de popularit\u00e9 de votre gamme de produits diversifi\u00e9e et, surtout, \u00e0 utiliser ces informations indispensables pour optimiser votre vitrine num\u00e9rique, ouvrant ainsi la voie \u00e0 une augmentation sans pr\u00e9c\u00e9dent sans pr\u00e9c\u00e9dent dans les revenus et la prosp\u00e9rit\u00e9 financi\u00e8re.<\/p>\n","protected":false},"featured_media":145989,"comment_status":"open","ping_status":"open","template":"","meta":[],"product_brand":[2440],"product_cat":[1182,1200,1181],"product_tag":[1398],"class_list":{"0":"post-114617","1":"product","2":"type-product","3":"status-publish","4":"has-post-thumbnail","6":"product_brand-woocommerce","7":"product_cat-commerce-electronique-plugins","8":"product_cat-commercialisation","9":"product_cat-plugins","10":"product_tag-woocommerce","11":"member-discount","12":"discount-restricted","14":"first","15":"instock","16":"sale","17":"downloadable","18":"virtual","19":"sold-individually","20":"purchasable","21":"product-type-simple"},"_links":{"self":[{"href":"https:\/\/gpl-love.com\/fr\/wp-json\/wp\/v2\/product\/114617","targetHints":{"allow":["GET"]}}],"collection":[{"href":"https:\/\/gpl-love.com\/fr\/wp-json\/wp\/v2\/product"}],"about":[{"href":"https:\/\/gpl-love.com\/fr\/wp-json\/wp\/v2\/types\/product"}],"replies":[{"embeddable":true,"href":"https:\/\/gpl-love.com\/fr\/wp-json\/wp\/v2\/comments?post=114617"}],"wp:featuredmedia":[{"embeddable":true,"href":"https:\/\/gpl-love.com\/fr\/wp-json\/wp\/v2\/media\/145989"}],"wp:attachment":[{"href":"https:\/\/gpl-love.com\/fr\/wp-json\/wp\/v2\/media?parent=114617"}],"wp:term":[{"taxonomy":"product_brand","embeddable":true,"href":"https:\/\/gpl-love.com\/fr\/wp-json\/wp\/v2\/product_brand?post=114617"},{"taxonomy":"product_cat","embeddable":true,"href":"https:\/\/gpl-love.com\/fr\/wp-json\/wp\/v2\/product_cat?post=114617"},{"taxonomy":"product_tag","embeddable":true,"href":"https:\/\/gpl-love.com\/fr\/wp-json\/wp\/v2\/product_tag?post=114617"}],"curies":[{"name":"wp","href":"https:\/\/api.w.org\/{rel}","templated":true}]}}