{"id":114615,"date":"2024-08-29T00:00:00","date_gmt":"2024-08-28T22:00:00","guid":{"rendered":"http:\/\/gpl-love.com\/fr\/produit\/cartzilla-digital-marketplace-et-grocery-store-wordpress-theme\/"},"modified":"2026-03-20T22:58:07","modified_gmt":"2026-03-20T21:58:07","slug":"cartzilla-digital-marketplace-et-grocery-store-wordpress-theme","status":"publish","type":"product","link":"https:\/\/gpl-love.com\/fr\/produit\/cartzilla-digital-marketplace-et-grocery-store-wordpress-theme\/","title":{"rendered":"Cartzilla Digital Marketplace et Grocery Store WordPress Theme 1.0.23"},"content":{"rendered":"<h3>Cartzilla Digital Marketplace et Grocery Store WordPress Theme Traits<\/h3>\n<p>Le th\u00e8me WordPress de Cartzilla Digital Marketplace and Grocery Store est une solution incroyablement multiforme et pleinement pleinement con\u00e7ue sp\u00e9cifiquement pour les march\u00e9s en ligne et les \u00e9piceries. Son interface, qui est incroyablement conviviale, sert \u00e0 offrir une exp\u00e9rience de magasinage sans effort sans effort pour les clients. De plus, son arsenal d&rsquo;outils et int\u00e9grations robustes permet aux fournisseurs de g\u00e9rer efficacement leurs produits et commandes. Notamment, ce th\u00e8me poss\u00e8de un niveau de personnalisation impressionnant, accordant aux utilisateurs l&rsquo;acc\u00e8s \u00e0 une vaste gamme d&rsquo;options de conception et une abondance de fonctionnalit\u00e9s int\u00e9gr\u00e9es telles que les filtres de produit, les fonctionnalit\u00e9s de la liste de souhaits et plusieurs passerelles de paiement. Que vous aspirez \u00e0 cr\u00e9er un march\u00e9 num\u00e9rique ou une \u00e9picerie en ligne, le th\u00e8me de Cartzilla est sans aucun doute un choix in\u00e9gal\u00e9 pour vos exigences de commerce \u00e9lectronique.<\/p>\n<ul>\n<li>Cartzilla est un th\u00e8me WordPress con\u00e7u sp\u00e9cifiquement pour les march\u00e9s num\u00e9riques et les \u00e9piceries.<\/li>\n<li>Le th\u00e8me est enti\u00e8rement r\u00e9actif et personnalisable, vous permettant de cr\u00e9er une apparence et une sensation uniques pour votre site Web.<\/li>\n<li>Cartzilla est \u00e9quip\u00e9e de plusieurs fonctionnalit\u00e9s pour vous aider \u00e0 g\u00e9rer votre march\u00e9 ou votre \u00e9picerie, y compris un catalogue de produits, un panier et un syst\u00e8me de paiement.<\/li>\n<li>Le th\u00e8me prend en charge les passerelles de paiement populaires comme PayPal et Stripe, ce qui permet aux clients de v\u00e9rifier facilement.<\/li>\n<li>Vous pouvez utiliser Cartzilla pour cr\u00e9er un march\u00e9 multi-fournisseur, permettant \u00e0 plusieurs vendeurs de vendre leurs produits via votre site Web.<\/li>\n<li>Le th\u00e8me comprend plusieurs mod\u00e8les de page pr\u00e9d\u00e9finis, y compris une page d&rsquo;accueil, une page de boutique, une page de blog, etc.<\/li>\n<li>Avec Cartzilla, vous pouvez utiliser l&rsquo;\u00e9diteur de blocs WordPress pour cr\u00e9er des pages et des messages personnalis\u00e9s, ou vous pouvez utiliser le plugin Visual Composer inclus pour des options de personnalisation plus avanc\u00e9es.<\/li>\n<li>Le th\u00e8me est optimis\u00e9 pour la vitesse et le r\u00e9f\u00e9rencement, garantissant que votre site Web se charge rapidement et se classe bien dans les moteurs de recherche.<\/li>\n<li>Cartzilla comprend \u00e9galement plusieurs options de personnalisation pour la typographie, les couleurs et la mise en page, vous permettant de cr\u00e9er un site Web visuellement magnifique.<\/li>\n<li>Dans l&rsquo;ensemble, Cartzilla est un th\u00e8me WordPress puissant et polyvalent qui est parfait pour tous ceux qui cherchent \u00e0 cr\u00e9er un march\u00e9 num\u00e9rique ou un site Web d&rsquo;\u00e9picerie.<\/li>\n<\/ul>\n","protected":false},"excerpt":{"rendered":"<p>Pr\u00e9sentation du th\u00e8me WordPress du march\u00e9 num\u00e9rique de Cartzilla et de l&rsquo;\u00e9picerie &#8211; une solution polyvalente et riche en fonctionnalit\u00e9s pour tous vos besoins de commerce \u00e9lectronique. Ce th\u00e8me dynamique int\u00e8gre le meilleur des march\u00e9s num\u00e9riques et des \u00e9piceries dans une plate-forme transparente et conviviale. Avec une interface hautement personnalisable, vous pouvez concevoir votre boutique en ligne exactement comme vous le souhaitez. Le th\u00e8me prend en charge plusieurs passerelles de paiement, offrant \u00e0 vos clients une exp\u00e9rience de magasinage s\u00e9curis\u00e9e et sans tracas. L&rsquo;ajout \u00e0 son attrait est sa conception conviviale de r\u00e9f\u00e9rencement, garantissant que votre magasin obtient la visibilit\u00e9 qu&rsquo;il m\u00e9rite. Obtenez le th\u00e8me WordPress de Cartzilla Digital Marketplace et Grocery Store et portez votre entreprise en ligne au niveau sup\u00e9rieur.<\/p>\n","protected":false},"featured_media":143363,"comment_status":"open","ping_status":"open","template":"","meta":[],"product_brand":[2433],"product_cat":[1238,1444,1212],"product_tag":[1366],"class_list":{"0":"post-114615","1":"product","2":"type-product","3":"status-publish","4":"has-post-thumbnail","6":"product_brand-themeforest","7":"product_cat-commerce-electronique-themes","8":"product_cat-creatif-commerce-electronique-themes","9":"product_cat-themes","10":"product_tag-themeforest","11":"member-discount","12":"discount-restricted","14":"first","15":"instock","16":"sale","17":"downloadable","18":"virtual","19":"sold-individually","20":"purchasable","21":"product-type-simple"},"_links":{"self":[{"href":"https:\/\/gpl-love.com\/fr\/wp-json\/wp\/v2\/product\/114615","targetHints":{"allow":["GET"]}}],"collection":[{"href":"https:\/\/gpl-love.com\/fr\/wp-json\/wp\/v2\/product"}],"about":[{"href":"https:\/\/gpl-love.com\/fr\/wp-json\/wp\/v2\/types\/product"}],"replies":[{"embeddable":true,"href":"https:\/\/gpl-love.com\/fr\/wp-json\/wp\/v2\/comments?post=114615"}],"wp:featuredmedia":[{"embeddable":true,"href":"https:\/\/gpl-love.com\/fr\/wp-json\/wp\/v2\/media\/143363"}],"wp:attachment":[{"href":"https:\/\/gpl-love.com\/fr\/wp-json\/wp\/v2\/media?parent=114615"}],"wp:term":[{"taxonomy":"product_brand","embeddable":true,"href":"https:\/\/gpl-love.com\/fr\/wp-json\/wp\/v2\/product_brand?post=114615"},{"taxonomy":"product_cat","embeddable":true,"href":"https:\/\/gpl-love.com\/fr\/wp-json\/wp\/v2\/product_cat?post=114615"},{"taxonomy":"product_tag","embeddable":true,"href":"https:\/\/gpl-love.com\/fr\/wp-json\/wp\/v2\/product_tag?post=114615"}],"curies":[{"name":"wp","href":"https:\/\/api.w.org\/{rel}","templated":true}]}}