{"id":114613,"date":"2021-11-06T00:00:00","date_gmt":"2021-11-05T23:00:00","guid":{"rendered":"http:\/\/gpl-love.com\/fr\/produit\/quick-checkout-pour-woocommerce-one-page-checkout\/"},"modified":"2026-04-10T18:37:39","modified_gmt":"2026-04-10T16:37:39","slug":"quick-checkout-pour-woocommerce-one-page-checkout","status":"publish","type":"product","link":"https:\/\/gpl-love.com\/fr\/produit\/quick-checkout-pour-woocommerce-one-page-checkout\/","title":{"rendered":"Quick Checkout pour WooCommerce One Page Checkout 2.2.1"},"content":{"rendered":"<h3>Quick Checkout pour WooCommerce One Page Checkout Traits<\/h3>\n<p>Quick Checkout, un plugin tr\u00e8s efficace pour WooCommerce, propose une exp\u00e9rience de transaction en ligne rationalis\u00e9e via son processus de paiement d&rsquo;une page transparente. En condensant le parcours d&rsquo;achat en une seule \u00e9tape, ce plugin r\u00e9duit efficacement le taux de paniers d&rsquo;achat abandonn\u00e9s et am\u00e9liore les taux de conversion. De plus, Quick Checkout offre aux commer\u00e7ants la possibilit\u00e9 d&rsquo;adapter la page de paiement en fonction de la conception unique de leur magasin, permettant aux ajouts de terrain ou aux \u00e9liminations de recueillir les informations clients n\u00e9cessaires. En outre, ce plugin exceptionnel s&rsquo;int\u00e8gre de mani\u00e8re transparente aux passerelles de paiement populaires, simplifiant le processus d&rsquo;acceptation de diverses m\u00e9thodes de paiement pour les commer\u00e7ants. En conclusion, le paiement rapide optimise le processus de paiement en offrant aux clients une exp\u00e9rience plus rapide et plus pratique, tout en augmentant les ventes pour les commer\u00e7ants.<\/p>\n<ul>\n<li>Processus de paiement rationalis\u00e9 pour les clients WooCommerce<\/li>\n<li>Simplifie les pas de paiement en une page pour l&rsquo;ach\u00e8vement d&rsquo;achat plus rapide<\/li>\n<li>Offre des champs personnalisables pour collecter des informations sur les clients<\/li>\n<li>S&rsquo;int\u00e8gre \u00e0 diverses passerelles de paiement pour les transactions s\u00e9curis\u00e9es<\/li>\n<li>R\u00e9duit l&rsquo;abandon des caddages et am\u00e9liore les taux de conversion<\/li>\n<li>Compatible avec tous les th\u00e8mes WordPress et les versions WooCommerce<\/li>\n<li>Fournit des rapports d\u00e9taill\u00e9s sur les performances de paiement et le comportement du client<\/li>\n<li>Offre une documentation et une prise en charge approfondies pour une installation et une configuration faciles<\/li>\n<li>Gave du temps et des efforts pour les clients et les propri\u00e9taires de magasins<\/li>\n<\/ul>\n","protected":false},"excerpt":{"rendered":"<p>Le paiement rapide du plugin de paiement WooCommerce One Page est un outil essentiel pour les personnes qui utilisent WooCommerce. Ce plugin remarquable permet aux clients de terminer rapidement leurs transactions en une seule page, \u00e9liminant ainsi la n\u00e9cessit\u00e9 de naviguer dans des proc\u00e9dures de paiement all\u00e9g\u00e9e. Ses processus d&rsquo;installation et de configuration sont simples, et il offre une pl\u00e9thore de fonctionnalit\u00e9s, y compris des champs personnalisables, des mises \u00e0 jour automatiques et une conception r\u00e9active qui s&rsquo;adapte de mani\u00e8re transparente \u00e0 tous les appareils. Votre client\u00e8le appr\u00e9ciera sans aucun doute la nature conviviale de ce plugin, et vous b\u00e9n\u00e9ficierez sans aucun doute de l&rsquo;augmentation ult\u00e9rieure des ventes qu&rsquo;elle apporte. Alors pourquoi attendre? Acqu\u00e9rir un paiement rapide pour la caisse de WooCommerce One Page d\u00e8s aujourd&rsquo;hui!<\/p>\n","protected":false},"featured_media":145066,"comment_status":"open","ping_status":"open","template":"","meta":[],"product_brand":[2639],"product_cat":[1182,1223,1181],"product_tag":[2167],"class_list":{"0":"post-114613","1":"product","2":"type-product","3":"status-publish","4":"has-post-thumbnail","6":"product_brand-quick-checkout","7":"product_cat-commerce-electronique-plugins","8":"product_cat-personnalisation-commerce-electronique-plugins","9":"product_cat-plugins","10":"product_tag-quick-checkout","11":"member-discount","12":"discount-restricted","14":"first","15":"instock","16":"sale","17":"downloadable","18":"virtual","19":"sold-individually","20":"purchasable","21":"product-type-simple"},"_links":{"self":[{"href":"https:\/\/gpl-love.com\/fr\/wp-json\/wp\/v2\/product\/114613","targetHints":{"allow":["GET"]}}],"collection":[{"href":"https:\/\/gpl-love.com\/fr\/wp-json\/wp\/v2\/product"}],"about":[{"href":"https:\/\/gpl-love.com\/fr\/wp-json\/wp\/v2\/types\/product"}],"replies":[{"embeddable":true,"href":"https:\/\/gpl-love.com\/fr\/wp-json\/wp\/v2\/comments?post=114613"}],"wp:featuredmedia":[{"embeddable":true,"href":"https:\/\/gpl-love.com\/fr\/wp-json\/wp\/v2\/media\/145066"}],"wp:attachment":[{"href":"https:\/\/gpl-love.com\/fr\/wp-json\/wp\/v2\/media?parent=114613"}],"wp:term":[{"taxonomy":"product_brand","embeddable":true,"href":"https:\/\/gpl-love.com\/fr\/wp-json\/wp\/v2\/product_brand?post=114613"},{"taxonomy":"product_cat","embeddable":true,"href":"https:\/\/gpl-love.com\/fr\/wp-json\/wp\/v2\/product_cat?post=114613"},{"taxonomy":"product_tag","embeddable":true,"href":"https:\/\/gpl-love.com\/fr\/wp-json\/wp\/v2\/product_tag?post=114613"}],"curies":[{"name":"wp","href":"https:\/\/api.w.org\/{rel}","templated":true}]}}