{"id":114611,"date":"2025-12-29T00:00:00","date_gmt":"2025-12-28T23:00:00","guid":{"rendered":"http:\/\/gpl-love.com\/fr\/produit\/sober-woocommerce-wordpress-theme\/"},"modified":"2026-03-20T23:36:20","modified_gmt":"2026-03-20T22:36:20","slug":"sober-woocommerce-wordpress-theme","status":"publish","type":"product","link":"https:\/\/gpl-love.com\/fr\/produit\/sober-woocommerce-wordpress-theme\/","title":{"rendered":"Sober WooCommerce WordPress Theme 3.6.0"},"content":{"rendered":"<h3>Sober WooCommerce WordPress Theme Traits<\/h3>\n<p>Le th\u00e8me WordPress Sober WooCommerce se pr\u00e9sente comme une solution optimale pour ceux qui cherchent \u00e0 \u00e9tablir une boutique en ligne professionnelle et raffin\u00e9e. Avec sa conception minimaliste, il s&rsquo;av\u00e8re \u00eatre une plate-forme id\u00e9ale pour pr\u00e9senter efficacement vos produits de mani\u00e8re polie et bien organis\u00e9e. De plus, ce th\u00e8me poss\u00e8de un tableau de fonctionnalit\u00e9s, englobant une page d&rsquo;accueil personnalisable, plusieurs options d&rsquo;en-t\u00eate, ainsi que diverses dispositions de page de produits. Pour am\u00e9liorer encore sa polyvalence, le th\u00e8me est enti\u00e8rement r\u00e9actif, garantissant ainsi que l&rsquo;attrait visuel de votre magasin se transcende sur tous les appareils. De plus, le th\u00e8me Sober WooCommerce WordPress himinalise l&rsquo;optimisation des moteurs de recherche, garantissant que votre magasin atteint un classement louable dans les r\u00e9sultats des moteurs de recherche. En r\u00e9sum\u00e9, ce th\u00e8me est un choix exceptionnel pour les personnes qui cherchent \u00e0 cultiver une boutique en ligne qui excelle \u00e0 la fois en fonctionnalit\u00e9 et en allure esth\u00e9tique.<\/p>\n<ul>\n<li>Design moderne et \u00e9l\u00e9gant<\/li>\n<li>Enti\u00e8rement compatible avec WooCommerce<\/li>\n<li>Conception r\u00e9active mobile<\/li>\n<li>Disposition minimaliste de la page d&rsquo;accueil<\/li>\n<li>Large gamme d&rsquo;options de personnalisation<\/li>\n<li>Utilisation des animations et transitions CSS3<\/li>\n<li>Am\u00e9lioration de la vitesse et des performances du site Web<\/li>\n<li>Page Facile \u00e0 utiliser pour la personnalisation<\/li>\n<li>Caract\u00e9ristiques d&rsquo;optimisation SEO int\u00e9gr\u00e9es<\/li>\n<li>Disposages de pages pr\u00e9-construits d\u00e9di\u00e9s<\/li>\n<li>Plusieurs zones pr\u00eates \u00e0 un widget.<\/li>\n<\/ul>\n","protected":false},"excerpt":{"rendered":"<p>Le th\u00e8me WordPress Sober WooCommerce offre une r\u00e9solution optimale \u00e0 ceux qui cherchent \u00e0 \u00e9tablir une boutique en ligne qui \u00e9mane du professionnalisme et de l&rsquo;\u00e9l\u00e9gance. Ce th\u00e8me, avec son design contemporain et sans tache, sert de conduit impeccable pour pr\u00e9senter votre marchandise d&rsquo;une mani\u00e8re \u00e9l\u00e9gante et raffin\u00e9e. Sp\u00e9cifiquement adapt\u00e9 \u00e0 WooCommerce, le th\u00e8me sobre vous offre une gamme de fonctionnalit\u00e9s indispensables pour g\u00e9rer facilement votre magasin virtuel, comprenant des pages de produits personnalisables, un panier et des alternatives de paiement s\u00e9curis\u00e9es. De plus, ce th\u00e8me est pleinement r\u00e9actif, garantissant ainsi que votre magasin d\u00e9gage une aura de magnificence sur tous les appareils. Embarquez dans votre voyage avec le th\u00e8me Sober WooCommerce WordPress et \u00e9levez votre boutique en ligne \u00e0 des hauteurs sans pr\u00e9c\u00e9dent.<\/p>\n","protected":false},"featured_media":145282,"comment_status":"open","ping_status":"open","template":"","meta":[],"product_brand":[2433],"product_cat":[1238,1851,1212],"product_tag":[1366],"class_list":{"0":"post-114611","1":"product","2":"type-product","3":"status-publish","4":"has-post-thumbnail","6":"product_brand-themeforest","7":"product_cat-commerce-electronique-themes","8":"product_cat-entreprise-commerce-electronique-themes","9":"product_cat-themes","10":"product_tag-themeforest","11":"member-discount","12":"discount-restricted","14":"first","15":"instock","16":"sale","17":"downloadable","18":"virtual","19":"sold-individually","20":"purchasable","21":"product-type-simple"},"_links":{"self":[{"href":"https:\/\/gpl-love.com\/fr\/wp-json\/wp\/v2\/product\/114611","targetHints":{"allow":["GET"]}}],"collection":[{"href":"https:\/\/gpl-love.com\/fr\/wp-json\/wp\/v2\/product"}],"about":[{"href":"https:\/\/gpl-love.com\/fr\/wp-json\/wp\/v2\/types\/product"}],"replies":[{"embeddable":true,"href":"https:\/\/gpl-love.com\/fr\/wp-json\/wp\/v2\/comments?post=114611"}],"wp:featuredmedia":[{"embeddable":true,"href":"https:\/\/gpl-love.com\/fr\/wp-json\/wp\/v2\/media\/145282"}],"wp:attachment":[{"href":"https:\/\/gpl-love.com\/fr\/wp-json\/wp\/v2\/media?parent=114611"}],"wp:term":[{"taxonomy":"product_brand","embeddable":true,"href":"https:\/\/gpl-love.com\/fr\/wp-json\/wp\/v2\/product_brand?post=114611"},{"taxonomy":"product_cat","embeddable":true,"href":"https:\/\/gpl-love.com\/fr\/wp-json\/wp\/v2\/product_cat?post=114611"},{"taxonomy":"product_tag","embeddable":true,"href":"https:\/\/gpl-love.com\/fr\/wp-json\/wp\/v2\/product_tag?post=114611"}],"curies":[{"name":"wp","href":"https:\/\/api.w.org\/{rel}","templated":true}]}}