{"id":114609,"date":"2025-07-18T00:00:00","date_gmt":"2025-07-17T22:00:00","guid":{"rendered":"http:\/\/gpl-love.com\/fr\/produit\/metafans-community-et-social-network-buddypress-theme\/"},"modified":"2026-04-10T18:31:27","modified_gmt":"2026-04-10T16:31:27","slug":"metafans-community-et-social-network-buddypress-theme","status":"publish","type":"product","link":"https:\/\/gpl-love.com\/fr\/produit\/metafans-community-et-social-network-buddypress-theme\/","title":{"rendered":"MetaFans Community et Social Network BuddyPress Theme 3.4"},"content":{"rendered":"<h3>MetaFans Community et Social Network BuddyPress Theme Traits<\/h3>\n<p>Le th\u00e8me BuddyPress de la communaut\u00e9 Metafans et du r\u00e9seau social est un th\u00e8me WordPress remarquablement multifonctionnel et personnalisable qui poss\u00e8de la capacit\u00e9 d&rsquo;\u00eatre m\u00e9ticuleusement adapt\u00e9 pour r\u00e9pondre aux exigences diverses et vari\u00e9es de toute communaut\u00e9 ou r\u00e9seau social en ligne. Ce th\u00e8me particulier a \u00e9t\u00e9 habilement con\u00e7u pour s&rsquo;amalter de mani\u00e8re transparente avec le plugin BuddyPress, facilitant les utilisateurs qui ont la possibilit\u00e9 d&rsquo;acc\u00e9der \u00e0 une vaste gamme de fonctionnalit\u00e9s, y compris, mais sans s&rsquo;y limiter, des messages, des flux d&rsquo;activit\u00e9s, des groupes, des forums et une pl\u00e9thore d&rsquo;autres fonctionnalit\u00e9s. De plus, le th\u00e8me a \u00e9t\u00e9 m\u00e9ticuleusement construit en utilisant des technologies Web de pointe et poss\u00e8de une r\u00e9activit\u00e9 compl\u00e8te, garantissant ainsi qu&rsquo;elle pr\u00e9sente une apparence esth\u00e9tique dans tous les appareils. En raison de son formidable panneau d&rsquo;options de th\u00e8me et d&rsquo;un large \u00e9ventail de mod\u00e8les pr\u00e9-con\u00e7us, Metafans permet aux utilisateurs de construire sans effort et rapidement une communaut\u00e9 ou un r\u00e9seau social en ligne unique et captivant. Que ses intentions soient de construire un r\u00e9seau social sp\u00e9cialis\u00e9 qui s&rsquo;adresse \u00e0 un cr\u00e9neau particulier ou \u00e0 \u00e9tablir une communaut\u00e9 pour leur entreprise, Metafans \u00e9merge sans aucun doute comme la solution par excellence.<\/p>\n<ul>\n<li>Conception enti\u00e8rement r\u00e9active pour une visualisation optimale sur n&rsquo;importe quel appareil<\/li>\n<li>Page d&rsquo;accueil personnalisable avec plusieurs options de mise en page<\/li>\n<li>Int\u00e9gration avec le plugin BuddyPress Social Network pour les fonctionnalit\u00e9s communautaires am\u00e9lior\u00e9es<\/li>\n<li>Plusieurs styles d&rsquo;en-t\u00eate et de pied de page pour s&rsquo;adapter \u00e0 votre marque<\/li>\n<li>Widgets personnalis\u00e9s et shortcodes pour des fonctionnalit\u00e9s et une flexibilit\u00e9 suppl\u00e9mentaires<\/li>\n<li>Panneau d&rsquo;options de th\u00e8me avanc\u00e9 pour une personnalisation facile<\/li>\n<li>Traduction pr\u00eate pour un public mondial<\/li>\n<li>Un clic de l&rsquo;installation de d\u00e9monstration pour vous aider \u00e0 d\u00e9marrer rapidement<\/li>\n<li>Mises \u00e0 jour r\u00e9guli\u00e8res et excellent soutien de d\u00e9veloppeurs exp\u00e9riment\u00e9s<\/li>\n<li>Parfait pour construire des communaut\u00e9s en ligne, des forums et des r\u00e9seaux sociaux.<\/li>\n<\/ul>\n","protected":false},"excerpt":{"rendered":"<p>Avez-vous \u00e9t\u00e9 \u00e0 la recherche d&rsquo;un th\u00e8me de bouddypress absolument \u00e0 couper le souffle et tr\u00e8s adaptable qui compl\u00e9tera parfaitement votre site Web communautaire et r\u00e9seau social? Eh bien, votre recherche se termine ici, mon ami, car je vous pr\u00e9sente le magnifique th\u00e8me de la communaut\u00e9 Metafans et du bouddypress de r\u00e9seaux sociaux. Ce th\u00e8me remarquable est rempli avec un vaste \u00e9ventail d&rsquo;options de personnalisation, vous offrant la flexibilit\u00e9 ultime pour l&rsquo;adapter \u00e0 vos sp\u00e9cifications exactes. En outre, il est \u00e9quip\u00e9 de tous les outils essentiels n\u00e9cessaires pour construire une communaut\u00e9 en ligne vivante et captivante. La cerise sur le dessus? Un panneau d&rsquo;administration qui est non seulement incroyablement convivial, mais qui propose \u00e9galement un design incroyablement \u00e9l\u00e9gant et contemporain. Sans aucun doute, la contribution: Metafans est incontestablement le choix optimal pour tous ceux qui cherchent \u00e0 se lancer dans le voyage d&rsquo;un r\u00e9seau social florissant ou d&rsquo;un site Web de communaut\u00e9. N&rsquo;h\u00e9sitez plus, mon ami! Saisissez l&rsquo;opportunit\u00e9 aujourd&rsquo;hui et \u00e9levez votre pr\u00e9sence en ligne \u00e0 des hauteurs sans pr\u00e9c\u00e9dent!<\/p>\n","protected":false},"featured_media":144536,"comment_status":"open","ping_status":"open","template":"","meta":[],"product_brand":[2433],"product_cat":[1242,1212,1213],"product_tag":[1366],"class_list":{"0":"post-114609","1":"product","2":"type-product","3":"status-publish","4":"has-post-thumbnail","6":"product_brand-themeforest","7":"product_cat-creatif","8":"product_cat-themes","9":"product_cat-wordpress-themes","10":"product_tag-themeforest","11":"member-discount","12":"discount-restricted","14":"first","15":"instock","16":"sale","17":"downloadable","18":"virtual","19":"sold-individually","20":"purchasable","21":"product-type-simple"},"_links":{"self":[{"href":"https:\/\/gpl-love.com\/fr\/wp-json\/wp\/v2\/product\/114609","targetHints":{"allow":["GET"]}}],"collection":[{"href":"https:\/\/gpl-love.com\/fr\/wp-json\/wp\/v2\/product"}],"about":[{"href":"https:\/\/gpl-love.com\/fr\/wp-json\/wp\/v2\/types\/product"}],"replies":[{"embeddable":true,"href":"https:\/\/gpl-love.com\/fr\/wp-json\/wp\/v2\/comments?post=114609"}],"wp:featuredmedia":[{"embeddable":true,"href":"https:\/\/gpl-love.com\/fr\/wp-json\/wp\/v2\/media\/144536"}],"wp:attachment":[{"href":"https:\/\/gpl-love.com\/fr\/wp-json\/wp\/v2\/media?parent=114609"}],"wp:term":[{"taxonomy":"product_brand","embeddable":true,"href":"https:\/\/gpl-love.com\/fr\/wp-json\/wp\/v2\/product_brand?post=114609"},{"taxonomy":"product_cat","embeddable":true,"href":"https:\/\/gpl-love.com\/fr\/wp-json\/wp\/v2\/product_cat?post=114609"},{"taxonomy":"product_tag","embeddable":true,"href":"https:\/\/gpl-love.com\/fr\/wp-json\/wp\/v2\/product_tag?post=114609"}],"curies":[{"name":"wp","href":"https:\/\/api.w.org\/{rel}","templated":true}]}}