{"id":114540,"date":"2026-03-26T00:00:00","date_gmt":"2026-03-25T23:00:00","guid":{"rendered":"http:\/\/gpl-love.com\/fr\/produit\/woocommerce-smart-refunder\/"},"modified":"2026-03-26T23:31:08","modified_gmt":"2026-03-26T22:31:08","slug":"woocommerce-smart-refunder","status":"publish","type":"product","link":"https:\/\/gpl-love.com\/fr\/produit\/woocommerce-smart-refunder\/","title":{"rendered":"WooCommerce Smart Refunder 2.5.0"},"content":{"rendered":"<h3>WooCommerce Smart Refunder Traits<\/h3>\n<p>Le refondage intelligent WooCommerce, un outil incroyablement robuste con\u00e7u pour rationaliser le processus de remboursement de votre boutique en ligne, est un ajout incontournable. En mettant en \u0153uvre ce plugin ing\u00e9nieux, vos clients obtiennent le pouvoir d&rsquo;initier leurs propres remboursements, att\u00e9nuant ainsi le fardeau de votre c\u00f4t\u00e9. En outre, le plugin vous offre le luxe de concevoir des r\u00e8gles et conditions de remboursement pr\u00e9d\u00e9finies, permettant la gestion sans effort des remboursements et finalement conserver un temps pr\u00e9cieux. Le refondage intelligent WooCommerce est une garantie de remboursements rapides, sans couture et sans probl\u00e8me, assurant la satisfaction pour vous et vos clients estim\u00e9s. Ce plugin remarquable vous permet non seulement de fournir un service client in\u00e9gal\u00e9, mais cultive \u00e9galement une confiance in\u00e9branlable au sein de votre public, entra\u00eenant une augmentation des ventes et favorisant la loyaut\u00e9 in\u00e9branlable de votre pr\u00e9cieuse client\u00e8le.<\/p>\n<ul>\n<li>Automatise le processus de remboursement des propri\u00e9taires de magasins WooCommerce<\/li>\n<li>Gave le temps et assure la pr\u00e9cision du processus de remboursement<\/li>\n<li>Offre une flexibilit\u00e9 dans les options de remboursement, y compris les remboursements et remboursements complets ou partiels avec ou sans frais de r\u00e9approvisionnement<\/li>\n<li>Augmente la satisfaction des clients en traitant les remboursements rapidement et efficacement<\/li>\n<li>Comprend des messages de remboursement personnalisables pour communiquer avec les clients sur le statut de remboursement<\/li>\n<li>Compatible avec toutes les passerelles et m\u00e9thodes de remboursement de WooCommerce<\/li>\n<li>Fournit des rapports de remboursement d\u00e9taill\u00e9s pour les propri\u00e9taires de magasins pour suivre l&rsquo;activit\u00e9 de remboursement<\/li>\n<li>Offre des remboursements en un clic pour la commodit\u00e9 et la facilit\u00e9 d&rsquo;utilisation<\/li>\n<li>Comprend la possibilit\u00e9 d&rsquo;\u00e9mettre le cr\u00e9dit en magasin plut\u00f4t qu&rsquo;un remboursement<\/li>\n<li>Simplifie le processus de remboursement pour les propri\u00e9taires de magasins et les clients.<\/li>\n<\/ul>\n","protected":false},"excerpt":{"rendered":"<p>Le refondage intelligent WooCommerce, un outil dynamique et robuste, m\u00e9ticuleusement con\u00e7u, vise \u00e0 optimiser et \u00e0 acc\u00e9l\u00e9rer le processus de remboursement complexe pour les magasins de commerce \u00e9lectronique qui ont \u00e9t\u00e9 construits sur la plate-forme WooCommerce. Cet outil ing\u00e9nieux permet aux utilisateurs d&rsquo;administrer sans effort des remboursements pour des commandes uniques ou multiples avec la plus grande commodit\u00e9, ne n\u00e9cessitant qu&rsquo;une simple poign\u00e9e de clics. L&rsquo;interface utilisateur, offrant un niveau de simplicit\u00e9 et d&rsquo;intuitivit\u00e9 in\u00e9gal\u00e9, pr\u00e9sente une exp\u00e9rience accessible aux individus de toutes les comp\u00e9tences techniques, rendant une expertise technique non pertinente. De plus, le refonte intelligente va au-del\u00e0 de la simple fonctionnalit\u00e9 en fournissant aux utilisateurs une autonomie compl\u00e8te pour personnaliser les politiques de remboursement conform\u00e9ment \u00e0 leurs exigences idiosyncratiques. Adieu \u00e0 la vexation provenant de proc\u00e9dures de remboursement manuel laborieux &#8211; le refonte intelligent de WooCommerce s&rsquo;occupera consciencieusement de vos besoins et att\u00e9nuera les telles tribulations auxquelles vous pourriez faire face!<\/p>\n","protected":false},"featured_media":146031,"comment_status":"open","ping_status":"open","template":"","meta":[],"product_brand":[2440],"product_cat":[1183,1182,1181],"product_tag":[1398],"class_list":{"0":"post-114540","1":"product","2":"type-product","3":"status-publish","4":"has-post-thumbnail","6":"product_brand-woocommerce","7":"product_cat-administration","8":"product_cat-commerce-electronique-plugins","9":"product_cat-plugins","10":"product_tag-woocommerce","11":"member-discount","12":"discount-restricted","14":"first","15":"instock","16":"sale","17":"downloadable","18":"virtual","19":"sold-individually","20":"purchasable","21":"product-type-simple"},"_links":{"self":[{"href":"https:\/\/gpl-love.com\/fr\/wp-json\/wp\/v2\/product\/114540","targetHints":{"allow":["GET"]}}],"collection":[{"href":"https:\/\/gpl-love.com\/fr\/wp-json\/wp\/v2\/product"}],"about":[{"href":"https:\/\/gpl-love.com\/fr\/wp-json\/wp\/v2\/types\/product"}],"replies":[{"embeddable":true,"href":"https:\/\/gpl-love.com\/fr\/wp-json\/wp\/v2\/comments?post=114540"}],"wp:featuredmedia":[{"embeddable":true,"href":"https:\/\/gpl-love.com\/fr\/wp-json\/wp\/v2\/media\/146031"}],"wp:attachment":[{"href":"https:\/\/gpl-love.com\/fr\/wp-json\/wp\/v2\/media?parent=114540"}],"wp:term":[{"taxonomy":"product_brand","embeddable":true,"href":"https:\/\/gpl-love.com\/fr\/wp-json\/wp\/v2\/product_brand?post=114540"},{"taxonomy":"product_cat","embeddable":true,"href":"https:\/\/gpl-love.com\/fr\/wp-json\/wp\/v2\/product_cat?post=114540"},{"taxonomy":"product_tag","embeddable":true,"href":"https:\/\/gpl-love.com\/fr\/wp-json\/wp\/v2\/product_tag?post=114540"}],"curies":[{"name":"wp","href":"https:\/\/api.w.org\/{rel}","templated":true}]}}