{"id":114538,"date":"2026-02-05T00:00:00","date_gmt":"2026-02-04T23:00:00","guid":{"rendered":"http:\/\/gpl-love.com\/fr\/produit\/woocommerce-returns-et-warranty-requests\/"},"modified":"2026-03-30T18:30:48","modified_gmt":"2026-03-30T16:30:48","slug":"woocommerce-returns-et-warranty-requests","status":"publish","type":"product","link":"https:\/\/gpl-love.com\/fr\/produit\/woocommerce-returns-et-warranty-requests\/","title":{"rendered":"WooCommerce Returns et Warranty Requests 2.7.5"},"content":{"rendered":"<h3>WooCommerce Returns et Warranty Requests Traits<\/h3>\n<p>Le plugin WooCommerce Returns and Garantie Demandes sert d&rsquo;outil essentiel pour les propri\u00e9taires de magasins en ligne qui cherchent \u00e0 rationaliser et \u00e0 am\u00e9liorer leur processus de gestion des rendements et de la garantie. Ce plugin accorde la capacit\u00e9 de fa\u00e7onner sans effort les politiques de retour et de dur\u00e9e de garantie personnalis\u00e9es sans effort tout en facilitant simultan\u00e9ment l&rsquo;administration des demandes et des retours des clients via un tableau de bord centralis\u00e9. De plus, le plugin \u00e9tend le soutien \u00e0 un assortiment diversifi\u00e9 d&rsquo;alternatives de retour et d&rsquo;\u00e9change, englobant le remplacement, le remboursement et le cr\u00e9dit de magasin. De plus, il diminue effectivement le temps investi dans le service client en automatisant la s\u00e9quence des \u00e9v\u00e9nements de la demande de demande de retour au traitement. Dans l&rsquo;ensemble, la pr\u00e9sence du plugin WooCommerce Returns and Garantie Demandes est une n\u00e9cessit\u00e9 ind\u00e9niable pour toute boutique en ligne qui aspire \u00e0 offrir une exp\u00e9rience client superlative et \u00e0 cultiver un niveau de fid\u00e9lit\u00e9 \u00e0 la client\u00e8le augment\u00e9e.<\/p>\n<ul>\n<li>Rationalise le processus de demande de rendements et de garantie pour les magasins WooCommerce<\/li>\n<li>Permet aux clients de soumettre facilement les demandes de retour et de garantie via un portail d\u00e9di\u00e9<\/li>\n<li>Permet aux propri\u00e9taires de magasins de g\u00e9rer facilement et d&rsquo;approuver \/ refuser les demandes<\/li>\n<li>Fournit une base de donn\u00e9es centralis\u00e9e de toutes les demandes de retour et de garantie pour un suivi et des rapports faciles<\/li>\n<li>G\u00e9n\u00e8re automatiquement les \u00e9tiquettes d&rsquo;exp\u00e9dition de retour pour les demandes approuv\u00e9es<\/li>\n<li>Permet aux propri\u00e9taires de magasins de personnaliser l&rsquo;apparence et la sensation du portail des rendements pour correspondre \u00e0 leur marque<\/li>\n<li>Aide \u00e0 am\u00e9liorer la satisfaction du client en offrant un rendement transparent et une exp\u00e9rience de garantie.<\/li>\n<\/ul>\n","protected":false},"excerpt":{"rendered":"<p>Les rendements et les demandes de garantie WooCommerce sont un plugin tr\u00e8s sophistiqu\u00e9 et efficace m\u00e9ticuleusement con\u00e7u pour optimiser et am\u00e9liorer la gestion globale des rendements et des r\u00e9clamations de garantie sur votre estimation du magasin de commerce \u00e9lectronique. Gr\u00e2ce \u00e0 l&rsquo;int\u00e9gration transparente de cet outil remarquable dans votre site Web, vos clients estim\u00e9s sont autoris\u00e9s \u00e0 soumettre commod\u00e9ment leurs demandes de rendements ou de r\u00e9clamations de garantie sans aucun probl\u00e8me. Pendant ce temps, en tant que propri\u00e9taire estim\u00e9, vous obtenez une autonomie compl\u00e8te et un contr\u00f4le sur ces demandes susmentionn\u00e9es, vous permettant de les suivre et de les g\u00e9rer avec diligence dans un tableau de bord singulier et intuitivement con\u00e7u qui est adapt\u00e9 pour hi\u00e9rarchiser les conviviaux et la plus grande commodit\u00e9. L&rsquo;objectif ultime derri\u00e8re le d\u00e9veloppement et la mise en \u0153uvre de ce plugin r\u00e9volutionnaire est d&rsquo;\u00e9conomiser efficacement votre temps inestimable et d&rsquo;augmenter consid\u00e9rablement la satisfaction des clients en veillant \u00e0 ce que les rendements et le processus de garantie soient ex\u00e9cut\u00e9s de mani\u00e8re transparente et remarquablement efficace, augmentant ainsi l&rsquo;exp\u00e9rience d&rsquo;achat globale pour toutes les parties prenantes impliqu\u00e9es.<\/p>\n","protected":false},"featured_media":146008,"comment_status":"open","ping_status":"open","template":"","meta":[],"product_brand":[2440],"product_cat":[1183,1182,1181],"product_tag":[1398],"class_list":{"0":"post-114538","1":"product","2":"type-product","3":"status-publish","4":"has-post-thumbnail","6":"product_brand-woocommerce","7":"product_cat-administration","8":"product_cat-commerce-electronique-plugins","9":"product_cat-plugins","10":"product_tag-woocommerce","11":"member-discount","12":"discount-restricted","14":"first","15":"instock","16":"sale","17":"downloadable","18":"virtual","19":"sold-individually","20":"purchasable","21":"product-type-simple"},"_links":{"self":[{"href":"https:\/\/gpl-love.com\/fr\/wp-json\/wp\/v2\/product\/114538","targetHints":{"allow":["GET"]}}],"collection":[{"href":"https:\/\/gpl-love.com\/fr\/wp-json\/wp\/v2\/product"}],"about":[{"href":"https:\/\/gpl-love.com\/fr\/wp-json\/wp\/v2\/types\/product"}],"replies":[{"embeddable":true,"href":"https:\/\/gpl-love.com\/fr\/wp-json\/wp\/v2\/comments?post=114538"}],"wp:featuredmedia":[{"embeddable":true,"href":"https:\/\/gpl-love.com\/fr\/wp-json\/wp\/v2\/media\/146008"}],"wp:attachment":[{"href":"https:\/\/gpl-love.com\/fr\/wp-json\/wp\/v2\/media?parent=114538"}],"wp:term":[{"taxonomy":"product_brand","embeddable":true,"href":"https:\/\/gpl-love.com\/fr\/wp-json\/wp\/v2\/product_brand?post=114538"},{"taxonomy":"product_cat","embeddable":true,"href":"https:\/\/gpl-love.com\/fr\/wp-json\/wp\/v2\/product_cat?post=114538"},{"taxonomy":"product_tag","embeddable":true,"href":"https:\/\/gpl-love.com\/fr\/wp-json\/wp\/v2\/product_tag?post=114538"}],"curies":[{"name":"wp","href":"https:\/\/api.w.org\/{rel}","templated":true}]}}