{"id":114536,"date":"2022-01-20T00:00:00","date_gmt":"2022-01-19T23:00:00","guid":{"rendered":"http:\/\/gpl-love.com\/fr\/produit\/xtocky-woocommerce-responsive-theme\/"},"modified":"2026-03-20T23:52:30","modified_gmt":"2026-03-20T22:52:30","slug":"xtocky-woocommerce-responsive-theme","status":"publish","type":"product","link":"https:\/\/gpl-love.com\/fr\/produit\/xtocky-woocommerce-responsive-theme\/","title":{"rendered":"Xtocky WooCommerce Responsive Theme 2.5"},"content":{"rendered":"<h3>Xtocky WooCommerce Responsive Theme Traits<\/h3>\n<p>Xtocky, un th\u00e8me r\u00e9actif pour WooCommerce, est un choix id\u00e9al pour toute boutique en ligne en raison de sa myriade de fonctionnalit\u00e9s et de sa conception impressionnante. En utilisant une esth\u00e9tique propre et moderne, ce th\u00e8me poss\u00e8de la possibilit\u00e9 de pr\u00e9senter vos produits de la mani\u00e8re la plus optimale imaginable. De plus, sa nature enti\u00e8rement personnalisable vous permet de l&rsquo;adapter pr\u00e9cis\u00e9ment en fonction de votre marque et de vos produits uniques. En plus de son attrait esth\u00e9tique, Xtocky est \u00e9quip\u00e9 d&rsquo;une pl\u00e9thore de fonctionnalit\u00e9s utiles, notamment des filtres de produit, des capacit\u00e9s de vue rapide et m\u00eame un outil de comparaison de produits. De plus, Xtocky a \u00e9t\u00e9 sp\u00e9cialement optimis\u00e9 pour la vitesse et le r\u00e9f\u00e9rencement, garantissant que votre site Web se charge non seulement rapidement, mais est \u00e9galement facilement d\u00e9couvrable par les moteurs de recherche populaires. Gr\u00e2ce \u00e0 son interface utilisateur intuitive et \u00e0 ses vastes options de personnalisation, Xtocky se d\u00e9marque vraiment comme un excellent choix pour quiconque souhaite cr\u00e9er une boutique en ligne professionnelle et tr\u00e8s efficace.<\/p>\n<ul>\n<li>Un th\u00e8me WordPress visuellement magnifique et r\u00e9actif con\u00e7u sp\u00e9cifiquement pour WooCommerce.<\/li>\n<li>Enti\u00e8rement personnalisable avec une gamme de sch\u00e9mas de couleurs et d&rsquo;options de police.<\/li>\n<li>Comprend un design propre et moderne qui garantit que vos produits se d\u00e9marquent.<\/li>\n<li>Optimis\u00e9 pour les moteurs de recherche afin d&rsquo;am\u00e9liorer la visibilit\u00e9 et la port\u00e9e de votre site Web.<\/li>\n<li>Livr\u00e9 avec une gamme de mod\u00e8les de page pr\u00eats \u00e0 l&#8217;emploi, y compris les pages \u00e0 domicile, aux magasins et au blog.<\/li>\n<li>Compatible avec les plugins WordPress populaires, tels que MailChimp, Contact Form 7 et Yoast SEO.<\/li>\n<li>Comprend une gamme de fonctionnalit\u00e9s de commerce \u00e9lectronique utiles, telles que la vue rapide sur le produit, la liste de souhaits et les fonctionnalit\u00e9s de comparaison des produits.<\/li>\n<li>Offre une disposition flexible et conviviale, avec une navigation intuitive et des outils faciles \u00e0 utiliser.<\/li>\n<li>Fournit une documentation d\u00e9taill\u00e9e et un support client pour vous guider \u00e0 travers chaque \u00e9tape de la configuration et de la personnalisation.<\/li>\n<li>Un th\u00e8me de valeur pour le maximum qui est parfait pour les magasins en ligne de petites et moyennes.<\/li>\n<\/ul>\n","protected":false},"excerpt":{"rendered":"<p>Xtocky, un th\u00e8me WooCommerce exquis de qualit\u00e9 sup\u00e9rieure, a \u00e9t\u00e9 m\u00e9ticuleusement con\u00e7u pour r\u00e9pondre aux besoins des utilisateurs mobiles et de bureau. Son r\u00e9pertoire exceptionnel d&rsquo;attributs englobe un large \u00e9ventail d&rsquo;options, y compris la fourniture de dispositions d&rsquo;en-t\u00eate et de pied de page multiples, un assortiment de widgets personnalis\u00e9s et une int\u00e9gration transparente avec des plugins renomm\u00e9s comme Visual Composer et Slider Revolution. De plus, ce th\u00e8me incarne le summum de la personnalisation, vous permettant de fa\u00e7onner un emporium en ligne vraiment distinctif qui se distingue sans effort de la comp\u00e9tition dominante. B\u00e9n\u00e9ficiant d&rsquo;une fonctionnalit\u00e9 esth\u00e9tique et sans faille contemporaine, Xtocky repr\u00e9sente la s\u00e9lection par excellence pour quiconque cherche \u00e0 inaugurer une plate-forme de commerce \u00e9lectronique triomphante.<\/p>\n","protected":false},"featured_media":146332,"comment_status":"open","ping_status":"open","template":"","meta":[],"product_brand":[2433],"product_cat":[1238,1851,1212],"product_tag":[1366],"class_list":{"0":"post-114536","1":"product","2":"type-product","3":"status-publish","4":"has-post-thumbnail","6":"product_brand-themeforest","7":"product_cat-commerce-electronique-themes","8":"product_cat-entreprise-commerce-electronique-themes","9":"product_cat-themes","10":"product_tag-themeforest","11":"member-discount","12":"discount-restricted","14":"first","15":"instock","16":"sale","17":"downloadable","18":"virtual","19":"sold-individually","20":"purchasable","21":"product-type-simple"},"_links":{"self":[{"href":"https:\/\/gpl-love.com\/fr\/wp-json\/wp\/v2\/product\/114536","targetHints":{"allow":["GET"]}}],"collection":[{"href":"https:\/\/gpl-love.com\/fr\/wp-json\/wp\/v2\/product"}],"about":[{"href":"https:\/\/gpl-love.com\/fr\/wp-json\/wp\/v2\/types\/product"}],"replies":[{"embeddable":true,"href":"https:\/\/gpl-love.com\/fr\/wp-json\/wp\/v2\/comments?post=114536"}],"wp:featuredmedia":[{"embeddable":true,"href":"https:\/\/gpl-love.com\/fr\/wp-json\/wp\/v2\/media\/146332"}],"wp:attachment":[{"href":"https:\/\/gpl-love.com\/fr\/wp-json\/wp\/v2\/media?parent=114536"}],"wp:term":[{"taxonomy":"product_brand","embeddable":true,"href":"https:\/\/gpl-love.com\/fr\/wp-json\/wp\/v2\/product_brand?post=114536"},{"taxonomy":"product_cat","embeddable":true,"href":"https:\/\/gpl-love.com\/fr\/wp-json\/wp\/v2\/product_cat?post=114536"},{"taxonomy":"product_tag","embeddable":true,"href":"https:\/\/gpl-love.com\/fr\/wp-json\/wp\/v2\/product_tag?post=114536"}],"curies":[{"name":"wp","href":"https:\/\/api.w.org\/{rel}","templated":true}]}}