{"id":114534,"date":"2023-01-13T00:00:00","date_gmt":"2023-01-12T23:00:00","guid":{"rendered":"http:\/\/gpl-love.com\/fr\/produit\/zass-woocommerce-theme-pour-hetmade-artists-et-artisans\/"},"modified":"2026-03-20T23:54:29","modified_gmt":"2026-03-20T22:54:29","slug":"zass-woocommerce-theme-pour-hetmade-artists-et-artisans","status":"publish","type":"product","link":"https:\/\/gpl-love.com\/fr\/produit\/zass-woocommerce-theme-pour-hetmade-artists-et-artisans\/","title":{"rendered":"Zass WooCommerce Th\u00e8me pour Handmade Artists et Artisans 3.9.9.1"},"content":{"rendered":"<h3>Zass WooCommerce Th\u00e8me pour Handmade Artists et Artisans Traits<\/h3>\n<p>Le th\u00e8me de WooCommerce Zass, qui a \u00e9t\u00e9 m\u00e9ticuleusement con\u00e7u pour r\u00e9pondre aux exigences uniques des artistes et des artisans faits \u00e0 la main, englobe une pl\u00e9thore de choix de personnalisation flexibles permettant aux utilisateurs d&rsquo;adapter leur boutique en ligne selon leurs sp\u00e9cifications pr\u00e9cises. En accordant une importance primordiale sur l&rsquo;am\u00e9lioration de l&rsquo;exp\u00e9rience utilisateur, Zass pr\u00e9sente un design \u00e9l\u00e9gant et contemporain qui met effectivement l&rsquo;accent sur les attributs distinctifs de chaque produit individuel. B\u00e9n\u00e9ficiant d&rsquo;une vaste gamme de fonctionnalit\u00e9s de pointe telles qu&rsquo;un \u00e9chantillon de variation de produit, une int\u00e9gration Instagram sans couture et une popup de newsletter qui attire l&rsquo;attention, Zass permet sans effort les artistes et les artisans pour afficher leurs cr\u00e9ations exceptionnelles et effectuer des ventes de mani\u00e8re transparente dans un march\u00e9 en ligne professionnel et professionnel et professionnel .<\/p>\n<ul>\n<li>Con\u00e7u sp\u00e9cifiquement pour les artistes et les artisans faits \u00e0 la main qui vendent sur WooCommerce<\/li>\n<li>Design propre et moderne avec des options de couleurs personnalisables<\/li>\n<li>Mobile r\u00e9actif pour une visualisation optimale sur tous les appareils<\/li>\n<li>Page Facile Builder pour la personnalisation sans codage<\/li>\n<li>Fonction de vue rapide du produit pour la navigation rationalis\u00e9e<\/li>\n<li>Plusieurs options de disposition pour les pages de produits et de magasins<\/li>\n<li>Section de blog int\u00e9gr\u00e9e pour partager les nouvelles et les mises \u00e0 jour<\/li>\n<li>SEO optimis\u00e9 pour un meilleur classement des moteurs de recherche<\/li>\n<li>Compatible avec les plugins WooCommerce populaires pour des fonctionnalit\u00e9s suppl\u00e9mentaires<\/li>\n<li>Comprend le contenu de d\u00e9monstration pour une configuration facile et un guide de l&rsquo;utilisateur pour r\u00e9f\u00e9rence.<\/li>\n<\/ul>\n","protected":false},"excerpt":{"rendered":"<p>Pr\u00e9sentation de Zass, un th\u00e8me WooCommerce extraordinaire qui a \u00e9t\u00e9 d\u00e9licatement con\u00e7u pour r\u00e9pondre parfaitement aux besoins des artistes et artisans faits \u00e0 la main qualifi\u00e9s. Avec sa conception fascinante et son interface navigable sans effort, Zass vous permet de montrer vos chefs-d&rsquo;\u0153uvre extraordinaires et uniques de la mani\u00e8re la plus optimale imaginable, tout en forgeant simultan\u00e9ment des connexions significatives avec votre client\u00e8le estim\u00e9e d&rsquo;une mani\u00e8re impeccablement transparente. Que vous vous sp\u00e9cialisiez dans l&rsquo;art de la fabrication de bijoux exquis, de poterie complexe ou de d\u00e9lices gastronomiques d\u00e9licieux, du Zass vous offre sans effort un \u00e9ventail \u00e9tendu de fonctionnalit\u00e9s de pointe et de fonctionnalit\u00e9 in\u00e9gal\u00e9e, propulsant ainsi votre entreprise virtuelle \u00e0 des hauteurs sans pr\u00e9c\u00e9dent. Par cons\u00e9quent, pourquoi prolonger l&rsquo;anticipation? Faites le pas et embrassez la puissance transformatrice de Zass aujourd&rsquo;hui, et pr\u00e9parez-vous lorsque vos ventes montent en fl\u00e8che comme jamais auparavant!<\/p>\n","protected":false},"featured_media":146467,"comment_status":"open","ping_status":"open","template":"","meta":[],"product_brand":[2433],"product_cat":[1238,1444,1212],"product_tag":[1366],"class_list":{"0":"post-114534","1":"product","2":"type-product","3":"status-publish","4":"has-post-thumbnail","6":"product_brand-themeforest","7":"product_cat-commerce-electronique-themes","8":"product_cat-creatif-commerce-electronique-themes","9":"product_cat-themes","10":"product_tag-themeforest","11":"member-discount","12":"discount-restricted","14":"first","15":"instock","16":"sale","17":"downloadable","18":"virtual","19":"sold-individually","20":"purchasable","21":"product-type-simple"},"_links":{"self":[{"href":"https:\/\/gpl-love.com\/fr\/wp-json\/wp\/v2\/product\/114534","targetHints":{"allow":["GET"]}}],"collection":[{"href":"https:\/\/gpl-love.com\/fr\/wp-json\/wp\/v2\/product"}],"about":[{"href":"https:\/\/gpl-love.com\/fr\/wp-json\/wp\/v2\/types\/product"}],"replies":[{"embeddable":true,"href":"https:\/\/gpl-love.com\/fr\/wp-json\/wp\/v2\/comments?post=114534"}],"wp:featuredmedia":[{"embeddable":true,"href":"https:\/\/gpl-love.com\/fr\/wp-json\/wp\/v2\/media\/146467"}],"wp:attachment":[{"href":"https:\/\/gpl-love.com\/fr\/wp-json\/wp\/v2\/media?parent=114534"}],"wp:term":[{"taxonomy":"product_brand","embeddable":true,"href":"https:\/\/gpl-love.com\/fr\/wp-json\/wp\/v2\/product_brand?post=114534"},{"taxonomy":"product_cat","embeddable":true,"href":"https:\/\/gpl-love.com\/fr\/wp-json\/wp\/v2\/product_cat?post=114534"},{"taxonomy":"product_tag","embeddable":true,"href":"https:\/\/gpl-love.com\/fr\/wp-json\/wp\/v2\/product_tag?post=114534"}],"curies":[{"name":"wp","href":"https:\/\/api.w.org\/{rel}","templated":true}]}}