{"id":114532,"date":"2023-11-15T00:00:00","date_gmt":"2023-11-14T23:00:00","guid":{"rendered":"http:\/\/gpl-love.com\/fr\/produit\/avventure-personal-travel-et-lifestyle-blog-wordpress-theme\/"},"modified":"2026-03-20T22:55:49","modified_gmt":"2026-03-20T21:55:49","slug":"avventure-personal-travel-et-lifestyle-blog-wordpress-theme","status":"publish","type":"product","link":"https:\/\/gpl-love.com\/fr\/produit\/avventure-personal-travel-et-lifestyle-blog-wordpress-theme\/","title":{"rendered":"Avventure Personal Travel et Lifestyle Blog WordPress Theme 1.1.10"},"content":{"rendered":"<h3>Avventure Personal Travel et Lifestyle Blog WordPress Theme Traits<\/h3>\n<p>Le th\u00e8me WordPress de Blog Personal Travel and Lifestyle Blog Avventure est un produit extraordinaire et remarquable qui a \u00e9t\u00e9 m\u00e9ticuleusement et exclusivement con\u00e7u et cr\u00e9\u00e9 pour les blogueurs qui d\u00e9siraient et souhaitent diffuser et partager leurs escapades et exp\u00e9riences de voyage de voyage impressionnantes et remarquables ainsi que le style de vie pr\u00e9cieux Conseils et conseils avec le monde vaste et diversifi\u00e9. Ce th\u00e8me hautement sophistiqu\u00e9 et avanc\u00e9 est livr\u00e9 avec un vaste tableau et un vaste assortiment de fonctionnalit\u00e9s et de capacit\u00e9s \u00e9tonnantes, \u00e9tonnantes et \u00e9poustouflantes telles que les types de publiques personnalis\u00e9es sur mesure, l&rsquo;int\u00e9gration transparente et transparente avec diverses plateformes de m\u00e9dias sociaux, l&rsquo;inclusion et l&rsquo;incorporation de la omnipotent Google Maps et une pl\u00e9thore d&rsquo;autres fonctions et attributs incroyables et extraordinaires. De plus, ce th\u00e8me est enti\u00e8rement et compl\u00e8tement r\u00e9actif, garantissant que votre site Web affiche et affichera parfaitement et impeccablement tous les types et vari\u00e9t\u00e9s d&rsquo;appareils, quelles que soient leurs tailles d&rsquo;\u00e9cran et leurs r\u00e9solutions. De plus, ce th\u00e8me a \u00e9t\u00e9 optimis\u00e9 avec diligence et m\u00e9ticuleusement pour l&rsquo;optimisation des moteurs de recherche (r\u00e9f\u00e9rence Le vaste et vaste paysage Internet. De plus, le th\u00e8me AvVenture se vante et met en valeur un design visuellement \u00e9tonnant et esth\u00e9tique qui captise et captivera sans aucun doute les visiteurs et les lecteurs de votre site Web. Son interface intuitive et conviviale habilite et permet m\u00eame aux blogueurs les plus amateurs et les plus novices de cr\u00e9er sans effort et sans effort un blog de voyage et de style de vie sans effort et sans effort. Ce th\u00e8me est vraiment et vraiment la quintessence et le summum de l&rsquo;excellence et de la perfection pour quiconque aspire et aspire \u00e0 cr\u00e9er et \u00e0 \u00e9tablir un blog de voyage et de style de vie magnifique et impressionnant. Que vous soyez un blogueur professionnel exp\u00e9riment\u00e9 et chevronn\u00e9 ou que vous entravez et commencez simplement votre parcours de blogs passionnant, le th\u00e8me de Blog WordPress de voyage personnel et de style de vie AVVVenture augmentera et assurera assassin\u00e9 votre blog \u00e0 des sommets sans pr\u00e9c\u00e9dent et attirera un ardent, d\u00e9vou\u00e9, d\u00e9vou\u00e9, et le suivi ferme des lecteurs passionn\u00e9s et passionn\u00e9s.<\/p>\n<ul>\n<li>Avventure est un th\u00e8me WordPress \u00e9l\u00e9gant con\u00e7u pour les blogs de voyage et de style de vie personnels.<\/li>\n<li>Ce th\u00e8me offre une large gamme d&rsquo;options de personnalisation, vous permettant de cr\u00e9er un look unique et personnalis\u00e9 pour votre site Web.<\/li>\n<li>Le th\u00e8me comprend plusieurs dispositions de page d&rsquo;accueil, des formats de poste et des widgets, vous permettant de pr\u00e9senter votre contenu de diff\u00e9rentes mani\u00e8res.<\/li>\n<li>AvVenture est enti\u00e8rement r\u00e9actif, garantissant que votre site Web a fi\u00e8re allure sur tous les appareils, des ordinateurs de bureau vers les t\u00e9l\u00e9phones mobiles.<\/li>\n<li>Le th\u00e8me est convivial et facile \u00e0 naviguer, avec des menus intuitifs et des boutons d&rsquo;appel \u00e0 action claire.<\/li>\n<li>Avventure comprend \u00e9galement des fonctionnalit\u00e9s avanc\u00e9es telles que l&rsquo;optimisation du r\u00e9f\u00e9rencement, l&rsquo;int\u00e9gration des m\u00e9dias sociaux et la prise en charge de plusieurs langues.<\/li>\n<li>Le th\u00e8me est r\u00e9guli\u00e8rement mis \u00e0 jour pour assurer la compatibilit\u00e9 avec les derni\u00e8res versions WordPress et pour r\u00e9soudre tout bogue ou probl\u00e8mes de s\u00e9curit\u00e9.<\/li>\n<li>Si vous avez besoin d&rsquo;aide pour mettre en place ou personnaliser votre site Web, le th\u00e8me est livr\u00e9 avec une documentation compl\u00e8te et une \u00e9quipe d&rsquo;assistance d\u00e9di\u00e9e.<\/li>\n<\/ul>\n","protected":false},"excerpt":{"rendered":"<p>D\u00e9couvrez le th\u00e8me WordPress du blog Personal Travel and Lifestyle Avventure. Con\u00e7u pour le voyageur moderne et le passionn\u00e9 de style de vie, ce th\u00e8me regorge de fonctionnalit\u00e9s qui am\u00e9lioreront votre blog et captiveront votre public. Avventure comprend une disposition personnalisable, vous permettant de cr\u00e9er un style unique qui correspond \u00e0 votre personnalit\u00e9 et \u00e0 votre vision. Sa conception r\u00e9active garantit que votre contenu a fi\u00e8re allure sur tous les appareils, tandis que l&rsquo;optimisation du r\u00e9f\u00e9rencement stimule votre pr\u00e9sence en ligne, dessinant plus de lecteurs. Le th\u00e8me dispose \u00e9galement d&rsquo;une interface conviviale et d&rsquo;une navigation facile, offrant une exp\u00e9rience utilisateur agr\u00e9able. Avec Avventure, partager vos histoires de voyage et vos id\u00e9es de style de vie n&rsquo;a jamais \u00e9t\u00e9 aussi facile ni plus \u00e9l\u00e9gant.<\/p>\n","protected":false},"featured_media":143211,"comment_status":"open","ping_status":"open","template":"","meta":[],"product_brand":[2433],"product_cat":[1242,1212,1213],"product_tag":[1366],"class_list":{"0":"post-114532","1":"product","2":"type-product","3":"status-publish","4":"has-post-thumbnail","6":"product_brand-themeforest","7":"product_cat-creatif","8":"product_cat-themes","9":"product_cat-wordpress-themes","10":"product_tag-themeforest","11":"member-discount","12":"discount-restricted","14":"first","15":"instock","16":"sale","17":"downloadable","18":"virtual","19":"sold-individually","20":"purchasable","21":"product-type-simple"},"_links":{"self":[{"href":"https:\/\/gpl-love.com\/fr\/wp-json\/wp\/v2\/product\/114532","targetHints":{"allow":["GET"]}}],"collection":[{"href":"https:\/\/gpl-love.com\/fr\/wp-json\/wp\/v2\/product"}],"about":[{"href":"https:\/\/gpl-love.com\/fr\/wp-json\/wp\/v2\/types\/product"}],"replies":[{"embeddable":true,"href":"https:\/\/gpl-love.com\/fr\/wp-json\/wp\/v2\/comments?post=114532"}],"wp:featuredmedia":[{"embeddable":true,"href":"https:\/\/gpl-love.com\/fr\/wp-json\/wp\/v2\/media\/143211"}],"wp:attachment":[{"href":"https:\/\/gpl-love.com\/fr\/wp-json\/wp\/v2\/media?parent=114532"}],"wp:term":[{"taxonomy":"product_brand","embeddable":true,"href":"https:\/\/gpl-love.com\/fr\/wp-json\/wp\/v2\/product_brand?post=114532"},{"taxonomy":"product_cat","embeddable":true,"href":"https:\/\/gpl-love.com\/fr\/wp-json\/wp\/v2\/product_cat?post=114532"},{"taxonomy":"product_tag","embeddable":true,"href":"https:\/\/gpl-love.com\/fr\/wp-json\/wp\/v2\/product_tag?post=114532"}],"curies":[{"name":"wp","href":"https:\/\/api.w.org\/{rel}","templated":true}]}}