{"id":114530,"date":"2025-12-11T00:00:00","date_gmt":"2025-12-10T23:00:00","guid":{"rendered":"http:\/\/gpl-love.com\/fr\/produit\/movedo-responsive-multi-purpose-wordpress-theme\/"},"modified":"2026-03-20T23:25:45","modified_gmt":"2026-03-20T22:25:45","slug":"movedo-responsive-multi-purpose-wordpress-theme","status":"publish","type":"product","link":"https:\/\/gpl-love.com\/fr\/produit\/movedo-responsive-multi-purpose-wordpress-theme\/","title":{"rendered":"Movedo Responsive Multi-Purpose WordPress Theme 3.6.7"},"content":{"rendered":"<h3>Movedo Responsive Multi-Purpose WordPress Theme Traits<\/h3>\n<p>Le th\u00e8me WordPress polyvalent r\u00e9actif Movine, r\u00e9put\u00e9 pour sa polyvalence et son interface conviviale, sert d&rsquo;outil de conception exceptionnel pour les entreprises cherchant \u00e0 \u00e9tablir une pr\u00e9sence en ligne distinctive. \u00c9quip\u00e9e d&rsquo;une pl\u00e9thore d&rsquo;options de personnalisation, ce th\u00e8me permet aux entreprises de lib\u00e9rer leur potentiel cr\u00e9atif. B\u00e9n\u00e9ficiant de fonctionnalit\u00e9s avanc\u00e9es, d&rsquo;une interface intuitive et d&rsquo;une conception r\u00e9active, Movo facilite la cr\u00e9ation de sites Web captivants visuellement qui s&rsquo;adaptent de mani\u00e8re transparente \u00e0 divers appareils. Ce th\u00e8me s&rsquo;av\u00e8re \u00eatre la solution ultime pour les entreprises qui aspirent \u00e0 un site Web professionnel sans les co\u00fbts exorbitants associ\u00e9s aux services de conception. Qu&rsquo;il s&rsquo;agisse de se lancer dans un voyage pour construire un site Web \u00e0 partir de z\u00e9ro ou simplement de chercher \u00e0 mettre \u00e0 jour un existant, Movo aide sans effort dans la r\u00e9alisation de vos objectifs. Par cons\u00e9quent, pourquoi retarder? Initier aujourd&rsquo;hui et assister \u00e0 l&rsquo;impact transformateur que ce puissant th\u00e8me WordPress peut avoir sur votre entreprise.<\/p>\n<ul>\n<li>Th\u00e8me WordPress polyvalent hautement personnalisable et polyvalent<\/li>\n<li>Conception enti\u00e8rement r\u00e9active pour une exp\u00e9rience de visualisation optimale sur tous les appareils<\/li>\n<li>Livr\u00e9 avec une vari\u00e9t\u00e9 de dispositions et de mod\u00e8les de d\u00e9monstration pr\u00e9d\u00e9finis<\/li>\n<li>Panneau d&rsquo;administration puissant pour une personnalisation et un contr\u00f4le faciles<\/li>\n<li>Options de typographie avanc\u00e9e avec plus de 800 polices Google<\/li>\n<li>Fonctionnalit\u00e9 Mega Menu int\u00e9gr\u00e9e pour une navigation facile<\/li>\n<li>Compatibilit\u00e9 WooCommerce pour la cr\u00e9ation de boutiques en ligne<\/li>\n<li>Plugin Slider Revolution inclus pour cr\u00e9er de superbes diaporamas<\/li>\n<li>Optimis\u00e9 pour la vitesse et le r\u00e9f\u00e9rencement avec un code propre et bien structur\u00e9<\/li>\n<li>\u00c9quipe de support client amical et efficace disponible pour aider \u00e0 tout probl\u00e8me ou questions.<\/li>\n<\/ul>\n","protected":false},"excerpt":{"rendered":"<p>Le th\u00e8me WordPress polyvalent r\u00e9actif Movie est une solution de conception de site Web exhaustive et compl\u00e8te qui offre un \u00e9ventail de fonctionnalit\u00e9s pour faciliter la cr\u00e9ation d&rsquo;une pr\u00e9sence num\u00e9rique impressionnante. Ce th\u00e8me poss\u00e8de un haut niveau de r\u00e9activit\u00e9, garantissant ainsi qu&rsquo;il d\u00e9gage de la magnificence sur tous les appareils et tailles d&rsquo;\u00e9cran. De plus, il englobe une pl\u00e9thore de pages pr\u00e9-construites personnalisables et une vaste gamme d&rsquo;outils de conception, qui vous accordent des possibilit\u00e9s illimit\u00e9es pour fa\u00e7onner votre site Web \u00e0 la perfection. De plus, Movito accorde \u00e9galement des capacit\u00e9s avanc\u00e9es d&rsquo;optimisation SEO, garantissant que votre site sera bien visible et profitera d&rsquo;un classement \u00e9lev\u00e9 sur les moteurs de recherche. Avec son engagement in\u00e9branlable \u00e0 optimiser l&rsquo;exp\u00e9rience utilisateur et sa polyvalence remarquable, Movo est un choix id\u00e9al pour les entreprises, les individus innovants et quiconque aspire \u00e0 avoir un impact significatif dans le domaine en ligne.<\/p>\n","protected":false},"featured_media":144593,"comment_status":"open","ping_status":"open","template":"","meta":[],"product_brand":[2433],"product_cat":[1214,1212,1213],"product_tag":[1366],"class_list":{"0":"post-114530","1":"product","2":"type-product","3":"status-publish","4":"has-post-thumbnail","6":"product_brand-themeforest","7":"product_cat-polyvalent","8":"product_cat-themes","9":"product_cat-wordpress-themes","10":"product_tag-themeforest","11":"member-discount","12":"discount-restricted","14":"first","15":"instock","16":"sale","17":"downloadable","18":"virtual","19":"sold-individually","20":"purchasable","21":"product-type-simple"},"_links":{"self":[{"href":"https:\/\/gpl-love.com\/fr\/wp-json\/wp\/v2\/product\/114530","targetHints":{"allow":["GET"]}}],"collection":[{"href":"https:\/\/gpl-love.com\/fr\/wp-json\/wp\/v2\/product"}],"about":[{"href":"https:\/\/gpl-love.com\/fr\/wp-json\/wp\/v2\/types\/product"}],"replies":[{"embeddable":true,"href":"https:\/\/gpl-love.com\/fr\/wp-json\/wp\/v2\/comments?post=114530"}],"wp:featuredmedia":[{"embeddable":true,"href":"https:\/\/gpl-love.com\/fr\/wp-json\/wp\/v2\/media\/144593"}],"wp:attachment":[{"href":"https:\/\/gpl-love.com\/fr\/wp-json\/wp\/v2\/media?parent=114530"}],"wp:term":[{"taxonomy":"product_brand","embeddable":true,"href":"https:\/\/gpl-love.com\/fr\/wp-json\/wp\/v2\/product_brand?post=114530"},{"taxonomy":"product_cat","embeddable":true,"href":"https:\/\/gpl-love.com\/fr\/wp-json\/wp\/v2\/product_cat?post=114530"},{"taxonomy":"product_tag","embeddable":true,"href":"https:\/\/gpl-love.com\/fr\/wp-json\/wp\/v2\/product_tag?post=114530"}],"curies":[{"name":"wp","href":"https:\/\/api.w.org\/{rel}","templated":true}]}}