{"id":114528,"date":"2021-04-26T00:00:00","date_gmt":"2021-04-25T22:00:00","guid":{"rendered":"http:\/\/gpl-love.com\/fr\/produit\/dixon-et-lamber-law-firm-wordpress-theme\/"},"modified":"2026-03-20T23:01:04","modified_gmt":"2026-03-20T22:01:04","slug":"dixon-et-lamber-law-firm-wordpress-theme","status":"publish","type":"product","link":"https:\/\/gpl-love.com\/fr\/produit\/dixon-et-lamber-law-firm-wordpress-theme\/","title":{"rendered":"Dixon et Lamber Law Firm WordPress Theme 1.2.1"},"content":{"rendered":"<h3>Dixon et Lamber Law Firm WordPress Theme Traits<\/h3>\n<p>Le th\u00e8me WordPress du cabinet d&rsquo;avocats Dixon et Lamber est une conception de sites Web extr\u00eamement sophistiqu\u00e9e et polie explicitement pour r\u00e9pondre aux besoins uniques des cabinets d&rsquo;avocats. Ce th\u00e8me extraordinaire comprend une vaste gamme de caract\u00e9ristiques indispensables, y compris des formulaires de consultation personnalis\u00e9es, des pages de zone de pratique m\u00e9ticuleusement organis\u00e9es et des profils d&rsquo;avocat m\u00e9ticuleusement organis\u00e9s. De plus, l&rsquo;interface conviviale du th\u00e8me permet une navigation sans effort, tandis que sa polyvalence in\u00e9gal\u00e9e permet une personnalisation transparente pour s&rsquo;aligner sur la palette et le logo de couleurs distinctifs de votre marque. Notamment, gr\u00e2ce \u00e0 sa conception adaptative, le cabinet d&rsquo;avocats Dixon et Lamber WordPress garantit une exp\u00e9rience visuelle impeccable sur tous les appareils. Sans aucun doute, ce th\u00e8me exceptionnel est une plate-forme id\u00e9ale pour tout cabinet d&rsquo;avocats d\u00e9sireux d&rsquo;exposer leurs services et leurs comp\u00e9tences d&rsquo;une mani\u00e8re qui d\u00e9gage le professionnalisme et la contemporan\u00e9it\u00e9.<\/p>\n<ul>\n<li>Design moderne et professionnel sp\u00e9cifiquement adapt\u00e9 aux cabinets d&rsquo;avocats<\/li>\n<li>Disposition enti\u00e8rement r\u00e9active et adapt\u00e9e aux mobiles<\/li>\n<li>Mod\u00e8les de plusieurs pages pour diff\u00e9rents types de contenu (par exemple, \u00e0 propos de nous, services, \u00e9tudes de cas)<\/li>\n<li>Int\u00e9gration avec des plugins de cabinet d&rsquo;avocats populaires, tels que la planification des rendez-vous et la gestion des clients<\/li>\n<li>Sch\u00e9mas de couleurs personnalisables pour correspondre \u00e0 la marque de votre entreprise<\/li>\n<li>Facteur de page de glisser-d\u00e9poser facile \u00e0 utiliser pour une personnalisation simple<\/li>\n<li>Fonctionnalit\u00e9s de s\u00e9curit\u00e9 am\u00e9lior\u00e9es pour prot\u00e9ger vos informations sur le site Web et le client<\/li>\n<li>Outils SEO puissants pour aider \u00e0 stimuler la visibilit\u00e9 en ligne de votre entreprise<\/li>\n<li>Documentation compl\u00e8te et soutien 24\/7 de d\u00e9veloppeurs exp\u00e9riment\u00e9s.<\/li>\n<\/ul>\n","protected":false},"excerpt":{"rendered":"<p>Le th\u00e8me WordPress du cabinet d&rsquo;avocats de Dixon et Lamber est un choix id\u00e9al pour les professionnels du droit qui veulent une pr\u00e9sence en ligne puissante, professionnelle et facile \u00e0 g\u00e9rer. Ce th\u00e8me est con\u00e7u sp\u00e9cifiquement pour les cabinets d&rsquo;avocats, les avocats, les bureaux juridiques et les consultants. Il offre un design moderne, propre et sophistiqu\u00e9 qui est enti\u00e8rement r\u00e9actif, garantissant un affichage optimal sur tous les appareils, que ce soit le bureau ou le mobile.<\/p>\n<p>L&rsquo;une des principales caract\u00e9ristiques du th\u00e8me WordPress du cabinet d&rsquo;avocats Dixon et Lamber est ses options personnalisables. Ceux-ci vous permettent d&rsquo;adapter facilement l&rsquo;apparence de votre site Web pour correspondre \u00e0 votre image de marque. Avec une navigation conviviale et des graphiques de haute qualit\u00e9, le professionnalisme de votre entreprise brillera \u00e0 travers chaque page.<\/p>\n<p>De plus, ce th\u00e8me est livr\u00e9 avec une optimisation SEO int\u00e9gr\u00e9e pour aider \u00e0 augmenter votre visibilit\u00e9 en ligne, \u00e0 attirer des clients potentiels et \u00e0 d\u00e9velopper votre entreprise. Vous trouverez \u00e9galement une vari\u00e9t\u00e9 de compatibilit\u00e9 des plugins, vous permettant d&rsquo;ajouter des fonctionnalit\u00e9s telles que la r\u00e9servation de rendez-vous, le chat en direct, etc.<\/p>\n<p>En un mot, le cabinet d&rsquo;avocats Dixon et Lamber WordPress<\/p>\n","protected":false},"featured_media":143555,"comment_status":"open","ping_status":"open","template":"","meta":[],"product_brand":[2433],"product_cat":[1242,1212,1213],"product_tag":[1366],"class_list":{"0":"post-114528","1":"product","2":"type-product","3":"status-publish","4":"has-post-thumbnail","6":"product_brand-themeforest","7":"product_cat-creatif","8":"product_cat-themes","9":"product_cat-wordpress-themes","10":"product_tag-themeforest","11":"member-discount","12":"discount-restricted","14":"first","15":"instock","16":"sale","17":"downloadable","18":"virtual","19":"sold-individually","20":"purchasable","21":"product-type-simple"},"_links":{"self":[{"href":"https:\/\/gpl-love.com\/fr\/wp-json\/wp\/v2\/product\/114528","targetHints":{"allow":["GET"]}}],"collection":[{"href":"https:\/\/gpl-love.com\/fr\/wp-json\/wp\/v2\/product"}],"about":[{"href":"https:\/\/gpl-love.com\/fr\/wp-json\/wp\/v2\/types\/product"}],"replies":[{"embeddable":true,"href":"https:\/\/gpl-love.com\/fr\/wp-json\/wp\/v2\/comments?post=114528"}],"wp:featuredmedia":[{"embeddable":true,"href":"https:\/\/gpl-love.com\/fr\/wp-json\/wp\/v2\/media\/143555"}],"wp:attachment":[{"href":"https:\/\/gpl-love.com\/fr\/wp-json\/wp\/v2\/media?parent=114528"}],"wp:term":[{"taxonomy":"product_brand","embeddable":true,"href":"https:\/\/gpl-love.com\/fr\/wp-json\/wp\/v2\/product_brand?post=114528"},{"taxonomy":"product_cat","embeddable":true,"href":"https:\/\/gpl-love.com\/fr\/wp-json\/wp\/v2\/product_cat?post=114528"},{"taxonomy":"product_tag","embeddable":true,"href":"https:\/\/gpl-love.com\/fr\/wp-json\/wp\/v2\/product_tag?post=114528"}],"curies":[{"name":"wp","href":"https:\/\/api.w.org\/{rel}","templated":true}]}}