{"id":114524,"date":"2023-11-11T00:00:00","date_gmt":"2023-11-10T23:00:00","guid":{"rendered":"http:\/\/gpl-love.com\/fr\/produit\/mbstore-digital-woocommerce-wordpress-theme\/"},"modified":"2026-03-20T23:23:59","modified_gmt":"2026-03-20T22:23:59","slug":"mbstore-digital-woocommerce-wordpress-theme","status":"publish","type":"product","link":"https:\/\/gpl-love.com\/fr\/produit\/mbstore-digital-woocommerce-wordpress-theme\/","title":{"rendered":"MBStore Digital WooCommerce WordPress Theme 2.4"},"content":{"rendered":"<h3>MBStore Digital WooCommerce WordPress Theme Traits<\/h3>\n<p>Le th\u00e8me WordPress MBSTORE Digital WooCommerce poss\u00e8de une vaste gamme d&rsquo;options de personnalisation et une interface conviviale, ce qui en fait un choix id\u00e9al pour ceux qui cherchent \u00e0 \u00e9tablir un magasin num\u00e9rique. Son design \u00e9l\u00e9gant et r\u00e9actif conf\u00e8re une esth\u00e9tique contemporaine et polie \u00e0 votre site Web. De plus, ce th\u00e8me s&rsquo;int\u00e8gre parfaitement \u00e0 WooCommerce, facilitant l&rsquo;\u00e9tablissement et la gestion sans effort de votre boutique en ligne. De plus, il offre une pl\u00e9thore de mod\u00e8les pr\u00e9-con\u00e7us adapt\u00e9s \u00e0 diff\u00e9rentes pages telles que la page d&rsquo;accueil, les pages de produits et les pages de paiement. Gr\u00e2ce \u00e0 ses fonctionnalit\u00e9s de personnalisation intuitives, modifier le jeu de couleurs, les polices et la mise en page pour s&rsquo;aligner sur votre marque est un jeu d&rsquo;enfant. Incarnant un comportement professionnel et moderne, le th\u00e8me WordPress WooCommerce MBSTORE est un candidat formidable pour quiconque visant \u00e0 organiser un magasin num\u00e9rique.<\/p>\n<ul>\n<li>Th\u00e8me WOOCommerce hautement personnalisable WordPress<\/li>\n<li>Design \u00e9l\u00e9gant et moderne<\/li>\n<li>Prise en charge int\u00e9gr\u00e9e pour plusieurs langues et devises<\/li>\n<li>Disposition r\u00e9active et adapt\u00e9e aux mobiles<\/li>\n<li>Comprend 8 conceptions de page d&rsquo;accueil pr\u00e9d\u00e9finies<\/li>\n<li>Documentation approfondie et didacticiels vid\u00e9o pour une installation et une configuration faciles<\/li>\n<li>Compatible avec les constructeurs de pages populaires comme Elemntor, Visual Composer et Beaver Builder<\/li>\n<li>Construit avec l&rsquo;optimisation SEO \u00e0 l&rsquo;esprit<\/li>\n<li>Comprend le support client 24\/7 avec une \u00e9quipe de support d\u00e9di\u00e9e<\/li>\n<li>Mises \u00e0 jour r\u00e9guli\u00e8res et correctifs de bogues pour assurer des performances optimales<\/li>\n<\/ul>\n","protected":false},"excerpt":{"rendered":"<p>Le th\u00e8me WordPress MBSTORE Digital WooCommerce se pr\u00e9sente comme le rem\u00e8de ultime pour les personnes cherchant \u00e0 \u00e9tablir une boutique en ligne remarquable sp\u00e9cialis\u00e9e dans les produits num\u00e9riques. B\u00e9n\u00e9ficiant d&rsquo;une conception immacul\u00e9e et contemporaine, ce th\u00e8me fournit aux utilisateurs des fonctionnalit\u00e9s conviviales qui rendent l&rsquo;ensemble du processus de configuration et de la gestion des produits sans effort sans effort. En raison de son int\u00e9gration transparente avec WooCommerce, vous pouvez superviser sans effort les commandes, les paiements et l&rsquo;exp\u00e9dition directement de votre tableau de bord WordPress. De plus, le th\u00e8me WordPress WooCommerce MBSTORE Digital r\u00e9pond aux besoins d&rsquo;une client\u00e8le diversifi\u00e9e, car elle assure une conception r\u00e9active, accordant ainsi \u00e0 vos clients la commodit\u00e9 de faire du shopping \u00e0 partir de tout appareil qu&rsquo;ils pr\u00e9f\u00e8rent. Que vous soyez des livres \u00e9lectroniques marketing, des logiciels ou des abonnements num\u00e9riques, soyez assur\u00e9 que le th\u00e8me WordPress WooCommerce MBSTORE num\u00e9rique englobe tous les outils et ressources n\u00e9cessaires pour vous aider \u00e0 \u00e9tablir une boutique en ligne \u00e0 la fois professionnelle et fiable.<\/p>\n","protected":false},"featured_media":144473,"comment_status":"open","ping_status":"open","template":"","meta":[],"product_brand":[2433],"product_cat":[1238,1851,1212],"product_tag":[1366],"class_list":{"0":"post-114524","1":"product","2":"type-product","3":"status-publish","4":"has-post-thumbnail","6":"product_brand-themeforest","7":"product_cat-commerce-electronique-themes","8":"product_cat-entreprise-commerce-electronique-themes","9":"product_cat-themes","10":"product_tag-themeforest","11":"member-discount","12":"discount-restricted","14":"first","15":"instock","16":"sale","17":"downloadable","18":"virtual","19":"sold-individually","20":"purchasable","21":"product-type-simple"},"_links":{"self":[{"href":"https:\/\/gpl-love.com\/fr\/wp-json\/wp\/v2\/product\/114524","targetHints":{"allow":["GET"]}}],"collection":[{"href":"https:\/\/gpl-love.com\/fr\/wp-json\/wp\/v2\/product"}],"about":[{"href":"https:\/\/gpl-love.com\/fr\/wp-json\/wp\/v2\/types\/product"}],"replies":[{"embeddable":true,"href":"https:\/\/gpl-love.com\/fr\/wp-json\/wp\/v2\/comments?post=114524"}],"wp:featuredmedia":[{"embeddable":true,"href":"https:\/\/gpl-love.com\/fr\/wp-json\/wp\/v2\/media\/144473"}],"wp:attachment":[{"href":"https:\/\/gpl-love.com\/fr\/wp-json\/wp\/v2\/media?parent=114524"}],"wp:term":[{"taxonomy":"product_brand","embeddable":true,"href":"https:\/\/gpl-love.com\/fr\/wp-json\/wp\/v2\/product_brand?post=114524"},{"taxonomy":"product_cat","embeddable":true,"href":"https:\/\/gpl-love.com\/fr\/wp-json\/wp\/v2\/product_cat?post=114524"},{"taxonomy":"product_tag","embeddable":true,"href":"https:\/\/gpl-love.com\/fr\/wp-json\/wp\/v2\/product_tag?post=114524"}],"curies":[{"name":"wp","href":"https:\/\/api.w.org\/{rel}","templated":true}]}}