{"id":114520,"date":"2021-07-19T00:00:00","date_gmt":"2021-07-18T22:00:00","guid":{"rendered":"http:\/\/gpl-love.com\/fr\/produit\/tolips-real-estate-wordpress-theme\/"},"modified":"2026-04-10T18:43:38","modified_gmt":"2026-04-10T16:43:38","slug":"tolips-real-estate-wordpress-theme","status":"publish","type":"product","link":"https:\/\/gpl-love.com\/fr\/produit\/tolips-real-estate-wordpress-theme\/","title":{"rendered":"Tolips Real Estate WordPress Theme 1.1.2"},"content":{"rendered":"<h3>Tolips Real Estate WordPress Theme Traits<\/h3>\n<p>Le th\u00e8me WordPress immobilier de Tolips, un th\u00e8me de qualit\u00e9 exceptionnelle, a \u00e9t\u00e9 m\u00e9ticuleusement con\u00e7u avec les agents et les agences immobili\u00e8res. Ce th\u00e8me remarquable poss\u00e8de une pl\u00e9thore de fonctionnalit\u00e9s impressionnantes, vous permettant de construire sans effort un site Web visuellement captivant qui pr\u00e9sente vos propri\u00e9t\u00e9s et services de mani\u00e8re tr\u00e8s professionnelle. La nature enti\u00e8rement personnalisable du th\u00e8me vous accorde la libert\u00e9 de s\u00e9lectionner parmi une gamme diversifi\u00e9e de mises en page, de sch\u00e9mas de couleurs et de polices, vous permettant ainsi de fa\u00e7onner une apparence unique pour votre site. En outre, le th\u00e8me WordPress immobilier TOLIPS englobe un \u00e9ventail d&rsquo;outils et de widgets robustes, y compris une fonction de recherche de propri\u00e9t\u00e9, des formulaires de contact et une int\u00e9gration des m\u00e9dias sociaux, qui contribuent tous \u00e0 attirer et \u00e0 captiver les visiteurs. Avec l&rsquo;aide du th\u00e8me WordPress immobilier TOLIPS, vous poss\u00e9dez les moyens de construire un site Web qui non seulement d\u00e9gage de la magnificence, mais facilite \u00e9galement l&rsquo;expansion de votre entreprise immobili\u00e8re.<\/p>\n<ul>\n<li>Conception enti\u00e8rement r\u00e9active qui a fi\u00e8re allure sur n&rsquo;importe quel appareil<\/li>\n<li>De nombreuses dispositions de d\u00e9monstration pr\u00e9-construites au choix<\/li>\n<li>Options de personnalisation faciles \u00e0 l&rsquo;aide du constructeur de pages glisser-d\u00e9poser<\/li>\n<li>Comprend une fonctionnalit\u00e9 avanc\u00e9e de recherche de propri\u00e9t\u00e9s<\/li>\n<li>Possibilit\u00e9 d&rsquo;\u00e9num\u00e9rer les propri\u00e9t\u00e9s avec plusieurs images et des descriptions d\u00e9taill\u00e9es<\/li>\n<li>Int\u00e9gration avec des syst\u00e8mes de paiement et de r\u00e9servation populaires<\/li>\n<li>Compatibilit\u00e9 WooCommerce pour la vente de produits ou de services connexes<\/li>\n<li>Code de r\u00e9f\u00e9rencement pour aider votre site Web \u00e0 se classer plus haut sur les moteurs de recherche<\/li>\n<li>Acc\u00e8s \u00e0 la documentation compl\u00e8te et au soutien des d\u00e9veloppeurs de th\u00e8me<\/li>\n<li>Mises \u00e0 jour r\u00e9guli\u00e8res avec de nouvelles fonctionnalit\u00e9s et am\u00e9liorations.<\/li>\n<\/ul>\n","protected":false},"excerpt":{"rendered":"<p>Le th\u00e8me WordPress de Tolips Real Estate se pr\u00e9sente comme une solution de conception Web exemplaire sp\u00e9cifiquement adapt\u00e9e aux entreprises de l&rsquo;industrie immobili\u00e8re. Ce th\u00e8me poss\u00e8de une disposition vierge et contemporaine, accompagn\u00e9e d&rsquo;une pl\u00e9thore de fonctionnalit\u00e9s qui visent \u00e0 rationaliser et \u00e0 am\u00e9liorer le processus de gestion de vos listes de propri\u00e9t\u00e9s. En incorporant une interface utilisateur intuitive et une conception r\u00e9active, le th\u00e8me WordPress immobilier TOLIPS garantit que les visiteurs de votre site Web sont accueillis avec une exp\u00e9rience de navigation transparente et agr\u00e9able. De plus, ce th\u00e8me accorde aux utilisateurs les utilisateurs aux capacit\u00e9s de recherche avanc\u00e9es et aux widgets personnalis\u00e9s, ce qui facilite la navigation sans effort via les diff\u00e9rentes listes de propri\u00e9t\u00e9s. De plus, l&rsquo;int\u00e9gration de Google Maps augmente encore l&rsquo;exp\u00e9rience utilisateur, tandis que l&rsquo;inclusion d&rsquo;un formulaire de contact sp\u00e9cifique \u00e0 l&rsquo;immobilier int\u00e9gr\u00e9 favorise un engagement significatif entre les utilisateurs et votre site Web. En fin de compte, le th\u00e8me WordPress immobilier TOLIPS a \u00e9t\u00e9 m\u00e9ticuleusement con\u00e7u pour garantir une exp\u00e9rience en ligne optimale pour les acheteurs de propri\u00e9t\u00e9s et les vendeurs.<\/p>\n","protected":false},"featured_media":145593,"comment_status":"open","ping_status":"open","template":"","meta":[],"product_brand":[2433],"product_cat":[1356,1212,1213],"product_tag":[1366],"class_list":{"0":"post-114520","1":"product","2":"type-product","3":"status-publish","4":"has-post-thumbnail","6":"product_brand-themeforest","7":"product_cat-immobilier","8":"product_cat-themes","9":"product_cat-wordpress-themes","10":"product_tag-themeforest","11":"member-discount","12":"discount-restricted","14":"first","15":"instock","16":"sale","17":"downloadable","18":"virtual","19":"sold-individually","20":"purchasable","21":"product-type-simple"},"_links":{"self":[{"href":"https:\/\/gpl-love.com\/fr\/wp-json\/wp\/v2\/product\/114520","targetHints":{"allow":["GET"]}}],"collection":[{"href":"https:\/\/gpl-love.com\/fr\/wp-json\/wp\/v2\/product"}],"about":[{"href":"https:\/\/gpl-love.com\/fr\/wp-json\/wp\/v2\/types\/product"}],"replies":[{"embeddable":true,"href":"https:\/\/gpl-love.com\/fr\/wp-json\/wp\/v2\/comments?post=114520"}],"wp:featuredmedia":[{"embeddable":true,"href":"https:\/\/gpl-love.com\/fr\/wp-json\/wp\/v2\/media\/145593"}],"wp:attachment":[{"href":"https:\/\/gpl-love.com\/fr\/wp-json\/wp\/v2\/media?parent=114520"}],"wp:term":[{"taxonomy":"product_brand","embeddable":true,"href":"https:\/\/gpl-love.com\/fr\/wp-json\/wp\/v2\/product_brand?post=114520"},{"taxonomy":"product_cat","embeddable":true,"href":"https:\/\/gpl-love.com\/fr\/wp-json\/wp\/v2\/product_cat?post=114520"},{"taxonomy":"product_tag","embeddable":true,"href":"https:\/\/gpl-love.com\/fr\/wp-json\/wp\/v2\/product_tag?post=114520"}],"curies":[{"name":"wp","href":"https:\/\/api.w.org\/{rel}","templated":true}]}}