{"id":114518,"date":"2024-02-09T00:00:00","date_gmt":"2024-02-08T23:00:00","guid":{"rendered":"http:\/\/gpl-love.com\/fr\/produit\/osterisk-voip-et-cloud-services-wordpress-theme\/"},"modified":"2026-04-10T18:35:25","modified_gmt":"2026-04-10T16:35:25","slug":"osterisk-voip-et-cloud-services-wordpress-theme","status":"publish","type":"product","link":"https:\/\/gpl-love.com\/fr\/produit\/osterisk-voip-et-cloud-services-wordpress-theme\/","title":{"rendered":"Osterisk VOIP et Cloud Services WordPress Theme 3.0"},"content":{"rendered":"<h3>Osterisk VOIP et Cloud Services WordPress Theme Traits<\/h3>\n<p>Le th\u00e8me WordPress des services VoIP et Cloud Osterisk se pr\u00e9sente comme une option exceptionnelle pour les entreprises op\u00e9rant au sein de l&rsquo;industrie des t\u00e9l\u00e9communications, cherchant \u00e0 \u00e9tablir une plate-forme num\u00e9rique pour pr\u00e9senter leur gamme de services. Son design de pointe et sophistiqu\u00e9 d\u00e9gage non seulement un sentiment de modernit\u00e9, mais offre \u00e9galement une place ample \u00e0 la personnalisation, ce qui en fait un choix id\u00e9al pour ceux qui aspirent \u00e0 manifester leur pr\u00e9sence en ligne distincte. Ce th\u00e8me englobe une pl\u00e9thore de fonctionnalit\u00e9s sur mesure exclusivement con\u00e7ues pour r\u00e9pondre aux fournisseurs de services VoIP et cloud, englobant l&rsquo;inclusion de boutons d&rsquo;appel \u00e0 l&rsquo;action captivants, de tables de tarification informative et de t\u00e9moignages persuasifs. De plus, la disposition remarquablement adaptative du th\u00e8me garantit que le site Web semble visuellement \u00e9tonnant sur un \u00e9ventail d&rsquo;appareils, tandis que son optimisation m\u00e9ticuleuse de moteurs de recherche lui permet d&rsquo;obtenir des classements louables sur divers moteurs de recherche. Tout bien consid\u00e9r\u00e9, le th\u00e8me WordPress des services VoIP et Cloud est un investissement tr\u00e8s prudent pour les entreprises d\u00e9sireuses de cr\u00e9er une personnalit\u00e9 en ligne r\u00e9solue et percutante.<\/p>\n<ul>\n<li>Design professionnel et moderne sp\u00e9cifiquement adapt\u00e9 aux soci\u00e9t\u00e9s de services VoIP et cloud.<\/li>\n<li>Enti\u00e8rement r\u00e9actif et optimis\u00e9 pour tous les appareils, assurant une exp\u00e9rience utilisateur transparente.<\/li>\n<li>Construit sur la puissante plate-forme WordPress, offrant d&rsquo;excellentes options de flexibilit\u00e9 et de personnalisation.<\/li>\n<li>Comprend une vari\u00e9t\u00e9 de mod\u00e8les de page pr\u00e9d\u00e9finis, ce qui permet d&rsquo;\u00e9conomiser du temps et des efforts dans le d\u00e9veloppement de sites Web.<\/li>\n<li>Compatible avec des plugins populaires tels que WooCommerce et Contact Form 7, permettant une fonctionnalit\u00e9 suppl\u00e9mentaire.<\/li>\n<li>Comprend une vari\u00e9t\u00e9 de fonctionnalit\u00e9s, y compris des tables de tarification, des profils de membres de l&rsquo;\u00e9quipe et des t\u00e9moignages clients.<\/li>\n<li>Facile \u00e0 utiliser et \u00e0 personnaliser, m\u00eame pour ceux qui ont peu ou pas d&rsquo;exp\u00e9rience en d\u00e9veloppement Web.<\/li>\n<li>Documentation du th\u00e8me \u00e9tendu et support d\u00e9di\u00e9 \u00e0 tout probl\u00e8me technique.<\/li>\n<li>Mises \u00e0 jour et am\u00e9liorations r\u00e9guli\u00e8res pour s&rsquo;assurer que le th\u00e8me reste \u00e0 jour avec les derni\u00e8res tendances et technologies Web.<\/li>\n<li>L&rsquo;int\u00e9gration avec les fournisseurs de services VoIP et cloud populaires, permettant une int\u00e9gration transparente avec des outils commerciaux importants.<\/li>\n<\/ul>\n","protected":false},"excerpt":{"rendered":"<p>Le th\u00e8me WordPress des services VoIP et des services cloud, avec son design \u00e9l\u00e9gant et moderne, s&rsquo;adresse sp\u00e9cifiquement aux entreprises engag\u00e9es dans la fourniture de services cloud et de solutions VoIP. Ce th\u00e8me poss\u00e8de une pl\u00e9thore de fonctionnalit\u00e9s personnalisables, telles qu&rsquo;un large \u00e9ventail de mod\u00e8les, des types de messages personnalis\u00e9s et un constructeur de pages glisser-d\u00e9coller convivial. Assurer un site Web visuellement attrayant sur tous les appareils, la conception r\u00e9active du th\u00e8me et les graphiques de premier ordre garantissent une exp\u00e9rience utilisateur transparente. De plus, le th\u00e8me s&rsquo;int\u00e8gre de mani\u00e8re transparente \u00e0 de nombreux plugins populaires, rationalisant le processus d&rsquo;int\u00e9gration \u00e0 vos syst\u00e8mes existants. Peu importe que votre entreprise soit une petite entreprise ou une grande entreprise, le th\u00e8me OSterisk est le choix id\u00e9al pour pr\u00e9senter efficacement vos services cloud et VoIP.<\/p>\n","protected":false},"featured_media":144877,"comment_status":"open","ping_status":"open","template":"","meta":[],"product_brand":[2433],"product_cat":[1516,1212,1213],"product_tag":[1366],"class_list":{"0":"post-114518","1":"product","2":"type-product","3":"status-publish","4":"has-post-thumbnail","6":"product_brand-themeforest","7":"product_cat-entreprise","8":"product_cat-themes","9":"product_cat-wordpress-themes","10":"product_tag-themeforest","11":"member-discount","12":"discount-restricted","14":"first","15":"instock","16":"sale","17":"downloadable","18":"virtual","19":"sold-individually","20":"purchasable","21":"product-type-simple"},"_links":{"self":[{"href":"https:\/\/gpl-love.com\/fr\/wp-json\/wp\/v2\/product\/114518","targetHints":{"allow":["GET"]}}],"collection":[{"href":"https:\/\/gpl-love.com\/fr\/wp-json\/wp\/v2\/product"}],"about":[{"href":"https:\/\/gpl-love.com\/fr\/wp-json\/wp\/v2\/types\/product"}],"replies":[{"embeddable":true,"href":"https:\/\/gpl-love.com\/fr\/wp-json\/wp\/v2\/comments?post=114518"}],"wp:featuredmedia":[{"embeddable":true,"href":"https:\/\/gpl-love.com\/fr\/wp-json\/wp\/v2\/media\/144877"}],"wp:attachment":[{"href":"https:\/\/gpl-love.com\/fr\/wp-json\/wp\/v2\/media?parent=114518"}],"wp:term":[{"taxonomy":"product_brand","embeddable":true,"href":"https:\/\/gpl-love.com\/fr\/wp-json\/wp\/v2\/product_brand?post=114518"},{"taxonomy":"product_cat","embeddable":true,"href":"https:\/\/gpl-love.com\/fr\/wp-json\/wp\/v2\/product_cat?post=114518"},{"taxonomy":"product_tag","embeddable":true,"href":"https:\/\/gpl-love.com\/fr\/wp-json\/wp\/v2\/product_tag?post=114518"}],"curies":[{"name":"wp","href":"https:\/\/api.w.org\/{rel}","templated":true}]}}