{"id":114514,"date":"2021-04-26T00:00:00","date_gmt":"2021-04-25T22:00:00","guid":{"rendered":"http:\/\/gpl-love.com\/fr\/produit\/plantmore-responsive-theme-pour-woocommerce-wordpress\/"},"modified":"2026-04-10T18:36:40","modified_gmt":"2026-04-10T16:36:40","slug":"plantmore-responsive-theme-pour-woocommerce-wordpress","status":"publish","type":"product","link":"https:\/\/gpl-love.com\/fr\/produit\/plantmore-responsive-theme-pour-woocommerce-wordpress\/","title":{"rendered":"Plantmore Responsive Th\u00e8me pour WooCommerce WordPress 1.1.8"},"content":{"rendered":"<h3>Plantmore Responsive Th\u00e8me pour WooCommerce WordPress Traits<\/h3>\n<p>Le th\u00e8me r\u00e9actif de Plantmore pour WooCommerce WordPress est un th\u00e8me exceptionnel et contemporain sp\u00e9cifiquement con\u00e7u pour les magasins de plantes en ligne. Avec sa conception immacul\u00e9e et sophistiqu\u00e9e, il offre une plate-forme id\u00e9ale pour les entreprises pour pr\u00e9senter leurs produits et services. Ce th\u00e8me est pleinement r\u00e9actif et poss\u00e8de la capacit\u00e9 remarquable de s&rsquo;adapter de mani\u00e8re transparente \u00e0 tout appareil, facilitant ainsi la navigation sans effort pour les clients sur les ordinateurs de bureau, les tablettes et les mobiles. En outre, il englobe un assortiment de fonctionnalit\u00e9s sup\u00e9rieures, telles qu&rsquo;une recherche de produit avanc\u00e9e, un \u00e9ventail d&rsquo;options de couleurs parmi lesquelles choisir, des widgets personnalis\u00e9s et bien plus encore. Le processus d&rsquo;installation est un jeu d&rsquo;enfant et le th\u00e8me lui-m\u00eame est hautement personnalisable, vous permettant ainsi de fa\u00e7onner un site Web distinctif et personnalis\u00e9 qui transmet parfaitement l&rsquo;identit\u00e9 distinctive de votre marque. Dans l&rsquo;ensemble, le th\u00e8me r\u00e9actif de Plantmore pour WooCommerce WordPress repr\u00e9sente un investissement judicieux pour tout magasin en ligne orient\u00e9 vers l&rsquo;usine cherchant \u00e0 am\u00e9liorer sa pr\u00e9sence num\u00e9rique et \u00e0 augmenter ses chiffres de vente.<\/p>\n<ul>\n<li>Un th\u00e8me WooCommerce hautement personnalisable pour WordPress<\/li>\n<li>Con\u00e7u sp\u00e9cifiquement pour les magasins de plantes et de jardineries en ligne<\/li>\n<li>Ajustement en r\u00e9action \u00e0 diff\u00e9rentes tailles d&rsquo;\u00e9cran pour une exp\u00e9rience utilisateur optimale sur le bureau, la tablette et les appareils mobiles<\/li>\n<li>Construit avec un code propre et moderne pour la vitesse et les performances optimales du site<\/li>\n<li>Livr\u00e9 avec une vari\u00e9t\u00e9 de conceptions de page d&rsquo;accueil pr\u00e9-faites et d&rsquo;options de mise en page pour une personnalisation facile<\/li>\n<li>Comprend plusieurs widgets WooCommerce personnalis\u00e9s pour afficher des produits, des cat\u00e9gories en vedette et plus<\/li>\n<li>Prend en charge l&rsquo;int\u00e9gration avec les plugins WooCommerce populaires pour des fonctionnalit\u00e9s et des options de personnalisation suppl\u00e9mentaires<\/li>\n<li>Compatible avec une vari\u00e9t\u00e9 de constructeurs de page WordPress populaires pour encore plus d&rsquo;options de flexibilit\u00e9 et de personnalisation<\/li>\n<li>Livr\u00e9 avec une documentation compl\u00e8te et un soutien \u00e0 la facilit\u00e9 d&rsquo;utilisation et \u00e0 la tranquillit\u00e9 d&rsquo;esprit<\/li>\n<li>RECLUMENT MISE \u00c0 JOUR AVEC DE LA NOUVELLES CONS\u00c9RATIONS ET DES COMMISSES DES BOGES POUR L&rsquo;AM\u00c9LIORATION ET L&rsquo;OPTIMISATION CONTINOTE.<\/li>\n<\/ul>\n","protected":false},"excerpt":{"rendered":"<p>Plantmore Responsive est un th\u00e8me remarquablement polyvalent et riche en fonctionnalit\u00e9s qui a \u00e9t\u00e9 m\u00e9ticuleusement con\u00e7u et adapt\u00e9 sp\u00e9cifiquement pour les utilisateurs WooCommerce WordPress. Il a \u00e9t\u00e9 soigneusement optimis\u00e9 pour s&rsquo;adapter de mani\u00e8re transparente au paysage en constante \u00e9volution des appareils mobiles, en veillant \u00e0 ce que les visiteurs soient accord\u00e9s d&rsquo;une exp\u00e9rience de vente au d\u00e9tail incroyablement fluide et efficace. Son \u00e9diteur de glisser-d\u00e9poser intuitif et convivial vous permet d&rsquo;impr\u00e9gner sans effort et sans effort votre site Web avec une touche d&rsquo;individualit\u00e9, ce qui lui permet de refl\u00e9ter et d&rsquo;incarner authentiquement la marque unique de votre entreprise estim\u00e9e. Compl\u00e9tant son vaste \u00e9ventail de fonctionnalit\u00e9s, Plantmore Reactive est \u00e9quip\u00e9 d&rsquo;un assortiment d&rsquo;outils inestimables tels que des capacit\u00e9s de filtrage de produit avanc\u00e9es, des options de vue rapide rapides et un processus d&rsquo;installation d&rsquo;un clic remarquablement pratique. Que vous soyez un propri\u00e9taire de petite entreprise en plein essor qui se lance dans votre parcours entrepreneurial ou un professionnel de commerce \u00e9lectronique assaisonn\u00e9 et astucieux, le choix de temps en ligne s\u00e9curis\u00e9 et sans \u00e9quivoque.<\/p>\n","protected":false},"featured_media":144991,"comment_status":"open","ping_status":"open","template":"","meta":[],"product_brand":[2433],"product_cat":[1238,1851,1212],"product_tag":[1366],"class_list":{"0":"post-114514","1":"product","2":"type-product","3":"status-publish","4":"has-post-thumbnail","6":"product_brand-themeforest","7":"product_cat-commerce-electronique-themes","8":"product_cat-entreprise-commerce-electronique-themes","9":"product_cat-themes","10":"product_tag-themeforest","11":"member-discount","12":"discount-restricted","14":"first","15":"instock","16":"sale","17":"downloadable","18":"virtual","19":"sold-individually","20":"purchasable","21":"product-type-simple"},"_links":{"self":[{"href":"https:\/\/gpl-love.com\/fr\/wp-json\/wp\/v2\/product\/114514","targetHints":{"allow":["GET"]}}],"collection":[{"href":"https:\/\/gpl-love.com\/fr\/wp-json\/wp\/v2\/product"}],"about":[{"href":"https:\/\/gpl-love.com\/fr\/wp-json\/wp\/v2\/types\/product"}],"replies":[{"embeddable":true,"href":"https:\/\/gpl-love.com\/fr\/wp-json\/wp\/v2\/comments?post=114514"}],"wp:featuredmedia":[{"embeddable":true,"href":"https:\/\/gpl-love.com\/fr\/wp-json\/wp\/v2\/media\/144991"}],"wp:attachment":[{"href":"https:\/\/gpl-love.com\/fr\/wp-json\/wp\/v2\/media?parent=114514"}],"wp:term":[{"taxonomy":"product_brand","embeddable":true,"href":"https:\/\/gpl-love.com\/fr\/wp-json\/wp\/v2\/product_brand?post=114514"},{"taxonomy":"product_cat","embeddable":true,"href":"https:\/\/gpl-love.com\/fr\/wp-json\/wp\/v2\/product_cat?post=114514"},{"taxonomy":"product_tag","embeddable":true,"href":"https:\/\/gpl-love.com\/fr\/wp-json\/wp\/v2\/product_tag?post=114514"}],"curies":[{"name":"wp","href":"https:\/\/api.w.org\/{rel}","templated":true}]}}