{"id":114512,"date":"2021-11-09T00:00:00","date_gmt":"2021-11-08T23:00:00","guid":{"rendered":"http:\/\/gpl-love.com\/fr\/produit\/tessera-knowledge-base-et-support-forum-wordpress-theme\/"},"modified":"2026-04-10T18:42:10","modified_gmt":"2026-04-10T16:42:10","slug":"tessera-knowledge-base-et-support-forum-wordpress-theme","status":"publish","type":"product","link":"https:\/\/gpl-love.com\/fr\/produit\/tessera-knowledge-base-et-support-forum-wordpress-theme\/","title":{"rendered":"Tessera Knowledge Base et Support Forum WordPress Theme 2.5"},"content":{"rendered":"<h3>Tessera Knowledge Base et Support Forum WordPress Theme Traits<\/h3>\n<p>Le th\u00e8me WordPress de la base de connaissances et du forum de support Tessera est une solution globale et conviviale qui facilite la cr\u00e9ation de bases de connaissances et de forums de support directement sur votre site Web. Ce th\u00e8me remarquablement polyvalent r\u00e9pond aux besoins des entreprises, des organisations et m\u00eame des personnes qui aspirent \u00e0 offrir \u00e0 leurs clients estim\u00e9s un syst\u00e8me de soutien en libre-service accessible sans effort. En raison de son interface intuitive, les utilisateurs sont en mesure de naviguer sans effort \u00e0 travers la base de connaissances, localisant les r\u00e9ponses pr\u00e9cises \u00e0 leurs requ\u00eates. De plus, sa fonctionnalit\u00e9 de recherche remarquable rationalise en outre le processus de recherche des informations souhait\u00e9es. Notamment, la fonctionnalit\u00e9 du forum d&rsquo;assistance permet aux utilisateurs de poster leurs questions et de recevoir par la suite les r\u00e9ponses des autres utilisateurs, favorisant ainsi un fort sentiment de communaut\u00e9 et de collaboration. Capitalisant sur la flexibilit\u00e9 de WordPress, ce th\u00e8me peut \u00eatre commod\u00e9ment personnalis\u00e9, vous permettant d&rsquo;aligner de mani\u00e8re transparente votre base de connaissances et votre forum de soutien avec le style et le ton sp\u00e9cifiques de votre marque. En r\u00e9sum\u00e9, le th\u00e8me WordPress de la base de connaissances et du forum de support Tessera est un choix hautement louable pour quiconque visant \u00e0 fournir un syst\u00e8me de soutien en libre-service efficace \u00e0 leurs pr\u00e9cieux clients.<\/p>\n<ul>\n<li>Design moderne et professionnel<\/li>\n<li>Construit sp\u00e9cifiquement pour la base de connaissances et les forums de support<\/li>\n<li>Facile \u00e0 personnaliser avec la personnalisation du th\u00e8me en direct<\/li>\n<li>Enti\u00e8rement r\u00e9actif et convivial<\/li>\n<li>Des tonnes d&rsquo;options de personnalisation et de mise en page<\/li>\n<li>Optimis\u00e9 pour le r\u00e9f\u00e9rencement<\/li>\n<li>S&rsquo;int\u00e8gre aux plugins WordPress populaires<\/li>\n<li>Syst\u00e8me de gestion des utilisateurs int\u00e9gr\u00e9s<\/li>\n<li>Recherche rapide et facile<\/li>\n<li>\u00c9diteur d&rsquo;article facile \u00e0 utiliser<\/li>\n<li>Int\u00e9gr\u00e9 au partage des m\u00e9dias sociaux<\/li>\n<li>Comprend une section FAQ<\/li>\n<li>\u00c9quipe de soutien d\u00e9di\u00e9e \u00e0 l&rsquo;aide<\/li>\n<\/ul>\n","protected":false},"excerpt":{"rendered":"<p>Le th\u00e8me WordPress de la base de connaissances Tessera et du forum de support est un th\u00e8me exemplaire qui s&rsquo;adresse \u00e0 la cr\u00e9ation de sites Web de connaissances et de forum de connaissances de premier ordre et conviviaux. Sais\u00e9 pour ses dispositions personnalisables qui s&rsquo;alignent de mani\u00e8re transparente avec votre marque, une fonction de recherche robuste qui permet aux utilisateurs de localiser les informations souhait\u00e9es et les outils de navigation conviviaux, ce th\u00e8me est la quintessence de la commodit\u00e9 et de l&rsquo;efficacit\u00e9. De plus, ce th\u00e8me poss\u00e8de des fonctionnalit\u00e9s suppl\u00e9mentaires telles que des profils d&rsquo;utilisateurs personnalisables, des t\u00e9l\u00e9chargements de didacticiels vid\u00e9o sans tracas et une cr\u00e9ation de billets de support rapide. Posez tout de temps et acqu\u00e9rir imm\u00e9diatement le th\u00e8me Tessera pour commencer \u00e0 fournir un soutien in\u00e9gal\u00e9 \u00e0 votre client\u00e8le estim\u00e9e.<\/p>\n","protected":false},"featured_media":145459,"comment_status":"open","ping_status":"open","template":"","meta":[],"product_brand":[2433],"product_cat":[1242,1212,1213],"product_tag":[1366],"class_list":{"0":"post-114512","1":"product","2":"type-product","3":"status-publish","4":"has-post-thumbnail","6":"product_brand-themeforest","7":"product_cat-creatif","8":"product_cat-themes","9":"product_cat-wordpress-themes","10":"product_tag-themeforest","11":"member-discount","12":"discount-restricted","14":"first","15":"instock","16":"sale","17":"downloadable","18":"virtual","19":"sold-individually","20":"purchasable","21":"product-type-simple"},"_links":{"self":[{"href":"https:\/\/gpl-love.com\/fr\/wp-json\/wp\/v2\/product\/114512","targetHints":{"allow":["GET"]}}],"collection":[{"href":"https:\/\/gpl-love.com\/fr\/wp-json\/wp\/v2\/product"}],"about":[{"href":"https:\/\/gpl-love.com\/fr\/wp-json\/wp\/v2\/types\/product"}],"replies":[{"embeddable":true,"href":"https:\/\/gpl-love.com\/fr\/wp-json\/wp\/v2\/comments?post=114512"}],"wp:featuredmedia":[{"embeddable":true,"href":"https:\/\/gpl-love.com\/fr\/wp-json\/wp\/v2\/media\/145459"}],"wp:attachment":[{"href":"https:\/\/gpl-love.com\/fr\/wp-json\/wp\/v2\/media?parent=114512"}],"wp:term":[{"taxonomy":"product_brand","embeddable":true,"href":"https:\/\/gpl-love.com\/fr\/wp-json\/wp\/v2\/product_brand?post=114512"},{"taxonomy":"product_cat","embeddable":true,"href":"https:\/\/gpl-love.com\/fr\/wp-json\/wp\/v2\/product_cat?post=114512"},{"taxonomy":"product_tag","embeddable":true,"href":"https:\/\/gpl-love.com\/fr\/wp-json\/wp\/v2\/product_tag?post=114512"}],"curies":[{"name":"wp","href":"https:\/\/api.w.org\/{rel}","templated":true}]}}