{"id":114510,"date":"2024-02-09T00:00:00","date_gmt":"2024-02-08T23:00:00","guid":{"rendered":"http:\/\/gpl-love.com\/fr\/produit\/potisen-election-et-political-wordpress-theme\/"},"modified":"2026-04-10T18:36:48","modified_gmt":"2026-04-10T16:36:48","slug":"potisen-election-et-political-wordpress-theme","status":"publish","type":"product","link":"https:\/\/gpl-love.com\/fr\/produit\/potisen-election-et-political-wordpress-theme\/","title":{"rendered":"Potisen Election et Political WordPress Theme 1.1.8"},"content":{"rendered":"<h3>Potisen Election et Political WordPress Theme Traits<\/h3>\n<p>Le th\u00e8me des \u00e9lections et politiques politiques est un th\u00e8me de prime exceptionnel sp\u00e9cialement organis\u00e9 pour r\u00e9pondre aux besoins des campagnes politiques, des \u00e9lections et d&rsquo;autres efforts politiques. Ce th\u00e8me pr\u00e9sente une pl\u00e9thore de fonctionnalit\u00e9s qui ne peuvent pas impressionner, y compris une conception r\u00e9active, une page d&rsquo;accueil personnalisable, une large gamme d&rsquo;options de couleurs, ainsi qu&rsquo;un syst\u00e8me de dons tr\u00e8s efficace. De plus, ce th\u00e8me a \u00e9t\u00e9 m\u00e9ticuleusement optimis\u00e9 pour les moteurs de recherche et les m\u00e9dias sociaux, garantissant une promotion sans effort de votre message politique sur toutes les plateformes disponibles. En outre, il poss\u00e8de un \u00e9ventail de fonctionnalit\u00e9s politiques, telles que des outils de gestion de campagne, des calendriers d&rsquo;\u00e9v\u00e9nements et des widgets personnalis\u00e9s qui facilitent l&rsquo;affichage des informations candidates. Avec l&rsquo;utilisation de Posensen, vous pourrez \u00e9tablir sans effort un site Web qui d\u00e9gage du professionnalisme, vous permettant de vous connecter efficacement avec votre public cible et de d\u00e9fendre efficacement votre programme politique.<\/p>\n<ul>\n<li>Th\u00e8me WordPress personnalisable de haute qualit\u00e9 con\u00e7u sp\u00e9cifiquement pour les campagnes \u00e9lectorales et les sites Web politiques<\/li>\n<li>Livr\u00e9 avec plusieurs options de page d&rsquo;accueil pr\u00e9-faites qui peuvent \u00eatre facilement personnalis\u00e9es pour r\u00e9pondre \u00e0 vos besoins uniques<\/li>\n<li>Comprend des options de don et de collecte de fonds int\u00e9gr\u00e9es, permettant une int\u00e9gration transparente avec des passerelles de paiement populaires comme PayPal et Stripe<\/li>\n<li>La conception enti\u00e8rement r\u00e9active garantit que votre site Web est superbe sur tous les appareils, des ordinateurs de bureau aux t\u00e9l\u00e9phones mobiles<\/li>\n<li>Le panneau d&rsquo;options de th\u00e8me puissant vous permet de modifier facilement tous les aspects de votre site Web, de la typographie et des sch\u00e9mas de couleurs \u00e0 la mise en page et aux fonctionnalit\u00e9s<\/li>\n<li>Construit en utilisant les derni\u00e8res technologies de conception Web, y compris HTML5, CSS3 et JQuery, garantissant des temps de chargement rapides et des performances optimales<\/li>\n<li>Comprend une vari\u00e9t\u00e9 de types de publiques personnalis\u00e9es, y compris des membres du personnel, des \u00e9v\u00e9nements et des reportages, vous permettant d&rsquo;organiser et de partager facilement des informations avec vos visiteurs<\/li>\n<li>Compatible avec tous les principaux navigateurs Web, y compris Internet Explorer, Firefox, Safari et Chrome<\/li>\n<li>Une documentation approfondie et un forum de support d\u00e9di\u00e9 garantissent que vous avez toute l&rsquo;aide que vous avez besoin pour configurer et personnaliser facilement votre site Web.<\/li>\n<\/ul>\n","protected":false},"excerpt":{"rendered":"<p>Posensen, un th\u00e8me WordPress incroyablement polyvalent, est l&rsquo;incarnation de la perfection pour les campagnes politiques, les \u00e9lections et autres sites Web politiques. B\u00e9n\u00e9ficiant d&rsquo;un design riche et moderne, ce th\u00e8me s&rsquo;adapte parfaitement \u00e0 n&rsquo;importe quelle taille ou appareil d&rsquo;\u00e9cran, garantissant une esth\u00e9tique impeccable quelle que soit la plate-forme. De plus, Posensen propose de nombreuses pages pr\u00e9-con\u00e7ues qui peuvent \u00eatre adapt\u00e9es sans effort pour r\u00e9pondre \u00e0 vos besoins individuels. Que ce soit la cr\u00e9ation de pages d&rsquo;actualit\u00e9s captivantes, de pages de don ou de pages d&rsquo;\u00e9v\u00e9nements, ce th\u00e8me r\u00e9pond \u00e0 tous vos besoins et vos d\u00e9sirs. De plus, Posensen fournit une multitude de fonctionnalit\u00e9s, y compris le compte \u00e0 rebours de la campagne, l&rsquo;int\u00e9gration des m\u00e9dias sociaux et les formulaires d&rsquo;abonnement, vous permettant d&rsquo;\u00e9tablir et de maintenir une connexion profonde avec votre public estim\u00e9. Avec son processus d&rsquo;installation et de configuration convivial, Posensen est le choix id\u00e9al pour tous ceux qui cherchent \u00e0 forger un site Web politique professionnel et captivant.<\/p>\n","protected":false},"featured_media":145004,"comment_status":"open","ping_status":"open","template":"","meta":[],"product_brand":[2433],"product_cat":[1242,1212,1213],"product_tag":[1366],"class_list":{"0":"post-114510","1":"product","2":"type-product","3":"status-publish","4":"has-post-thumbnail","6":"product_brand-themeforest","7":"product_cat-creatif","8":"product_cat-themes","9":"product_cat-wordpress-themes","10":"product_tag-themeforest","11":"member-discount","12":"discount-restricted","14":"first","15":"instock","16":"sale","17":"downloadable","18":"virtual","19":"sold-individually","20":"purchasable","21":"product-type-simple"},"_links":{"self":[{"href":"https:\/\/gpl-love.com\/fr\/wp-json\/wp\/v2\/product\/114510","targetHints":{"allow":["GET"]}}],"collection":[{"href":"https:\/\/gpl-love.com\/fr\/wp-json\/wp\/v2\/product"}],"about":[{"href":"https:\/\/gpl-love.com\/fr\/wp-json\/wp\/v2\/types\/product"}],"replies":[{"embeddable":true,"href":"https:\/\/gpl-love.com\/fr\/wp-json\/wp\/v2\/comments?post=114510"}],"wp:featuredmedia":[{"embeddable":true,"href":"https:\/\/gpl-love.com\/fr\/wp-json\/wp\/v2\/media\/145004"}],"wp:attachment":[{"href":"https:\/\/gpl-love.com\/fr\/wp-json\/wp\/v2\/media?parent=114510"}],"wp:term":[{"taxonomy":"product_brand","embeddable":true,"href":"https:\/\/gpl-love.com\/fr\/wp-json\/wp\/v2\/product_brand?post=114510"},{"taxonomy":"product_cat","embeddable":true,"href":"https:\/\/gpl-love.com\/fr\/wp-json\/wp\/v2\/product_cat?post=114510"},{"taxonomy":"product_tag","embeddable":true,"href":"https:\/\/gpl-love.com\/fr\/wp-json\/wp\/v2\/product_tag?post=114510"}],"curies":[{"name":"wp","href":"https:\/\/api.w.org\/{rel}","templated":true}]}}