{"id":114508,"date":"2022-06-01T00:00:00","date_gmt":"2022-05-31T22:00:00","guid":{"rendered":"http:\/\/gpl-love.com\/fr\/produit\/bizix-corporate-et-business-wordpress-theme\/"},"modified":"2026-03-20T22:56:20","modified_gmt":"2026-03-20T21:56:20","slug":"bizix-corporate-et-business-wordpress-theme","status":"publish","type":"product","link":"https:\/\/gpl-love.com\/fr\/produit\/bizix-corporate-et-business-wordpress-theme\/","title":{"rendered":"Bizix Corporate et Business WordPress Theme 2.1.0"},"content":{"rendered":"<h3>Bizix Corporate et Business WordPress Theme Traits<\/h3>\n<p>Le th\u00e8me Bizix Corporate and Business WordPress est un th\u00e8me incroyablement professionnel et polyvalent qui a \u00e9t\u00e9 m\u00e9ticuleusement con\u00e7u dans le seul but de r\u00e9pondre aux entreprises et aux entreprises. Ce th\u00e8me extraordinaire est absolument d\u00e9bordant d&rsquo;une gamme de fonctionnalit\u00e9s puissantes qui offrent aux entreprises la possibilit\u00e9 de forger une pr\u00e9sence en ligne robuste et de pr\u00e9senter leurs produits et services exceptionnels d&rsquo;une mani\u00e8re extr\u00eamement moderne et \u00e9l\u00e9gante. B\u00e9n\u00e9ficiant d&rsquo;une conception remarquablement propre et tr\u00e8s r\u00e9active, Bizix est sp\u00e9cifiquement adapt\u00e9 \u00e0 tous les types d&rsquo;entreprises, allant des startups les plus humbles aux entreprises les plus colossales. De plus, ce th\u00e8me propose une vaste s\u00e9lection d&rsquo;options de personnalisation, facilitant ainsi la cr\u00e9ation sans effort d&rsquo;un site Web vraiment exceptionnel et sur mesure qui incarne parfaitement l&rsquo;essence de votre marque. De plus, Bizix fournit \u00e9galement un vaste assortiment de dispositions et de mod\u00e8les pr\u00eats \u00e0 l&#8217;emploi, garantissant ainsi une initiation sans effort au processus de cr\u00e9ation du site Web et en donnant aux entreprises la plus grande flexibilit\u00e9 pour concevoir sans effort le site Web de leurs r\u00eaves. En fin de compte, Bizix est un th\u00e8me extr\u00eamement puissant et sans effort qui est, sans aucun doute, le choix par excellence pour toute entreprise cherchant \u00e0 \u00e9tablir une pr\u00e9sence en ligne dominante.<\/p>\n<ul>\n<li>Design \u00e9l\u00e9gant et moderne avec une sensation professionnelle<\/li>\n<li>Disposition r\u00e9active et adapt\u00e9e aux mobiles pour un acc\u00e8s facile sur n&rsquo;importe quel appareil<\/li>\n<li>Construit sur le framework Bootstrap puissant pour une stabilit\u00e9 et des performances maximales<\/li>\n<li>Enti\u00e8rement personnalisable avec un constructeur de pages glisser-d\u00e9poser intuitif<\/li>\n<li>Pages de d\u00e9monstration pr\u00e9d\u00e9finies pour une configuration et une personnalisation faciles<\/li>\n<li>Variations de l&rsquo;en-t\u00eate et du pied de page \u00e0 choisir<\/li>\n<li>Prise en charge de plus de 700 polices Google pour une typographie unique<\/li>\n<li>Livr\u00e9 avec une vari\u00e9t\u00e9 de codes shorts int\u00e9gr\u00e9s pour des fonctionnalit\u00e9s suppl\u00e9mentaires<\/li>\n<li>Blog et fonctionnalit\u00e9s de portefeuille int\u00e9gr\u00e9es<\/li>\n<li>Compatible avec les plugins WordPress populaires comme WooCommerce et le formulaire de contact 7<\/li>\n<li>Documentation approfondie et support client d\u00e9di\u00e9 \u00e0 une exp\u00e9rience sans tracas.<\/li>\n<\/ul>\n","protected":false},"excerpt":{"rendered":"<p>Le th\u00e8me Bizix Corporate and Business WordPress est une plate-forme innovante et conviviale qui offre la solution parfaite pour tous vos besoins d&rsquo;entreprise et d&rsquo;entreprise. Notre th\u00e8me est con\u00e7u de mani\u00e8re unique avec un code haute performance, garantissant une exp\u00e9rience de site Web transparente et rapide. Bizix regorge de fonctionnalit\u00e9s premium telles que l&rsquo;importation de d\u00e9monstration en un clic, les pages int\u00e9rieures pr\u00e9d\u00e9finies, la conception adapt\u00e9e aux mobiles, l&rsquo;optimisation du r\u00e9f\u00e9rencement et la prise en charge multi-langues. Ce th\u00e8me WordPress est enti\u00e8rement personnalisable, vous donnant un contr\u00f4le absolu sur l&rsquo;apparence et la sensation de votre site Web. Avec Bizix, vous pouvez pr\u00e9senter votre entreprise de mani\u00e8re professionnelle et attrayante pour les clients potentiels, am\u00e9liorant ainsi votre image de marque et augmentant votre pr\u00e9sence en ligne. Que vous soyez une start-up ou une entreprise \u00e9tablie, le th\u00e8me Bizix Corporate and Business WordPress est votre outil de succ\u00e8s.<\/p>\n","protected":false},"featured_media":143244,"comment_status":"open","ping_status":"open","template":"","meta":[],"product_brand":[2433],"product_cat":[1516,1212,1213],"product_tag":[1366],"class_list":{"0":"post-114508","1":"product","2":"type-product","3":"status-publish","4":"has-post-thumbnail","6":"product_brand-themeforest","7":"product_cat-entreprise","8":"product_cat-themes","9":"product_cat-wordpress-themes","10":"product_tag-themeforest","11":"member-discount","12":"discount-restricted","14":"first","15":"instock","16":"sale","17":"downloadable","18":"virtual","19":"sold-individually","20":"purchasable","21":"product-type-simple"},"_links":{"self":[{"href":"https:\/\/gpl-love.com\/fr\/wp-json\/wp\/v2\/product\/114508","targetHints":{"allow":["GET"]}}],"collection":[{"href":"https:\/\/gpl-love.com\/fr\/wp-json\/wp\/v2\/product"}],"about":[{"href":"https:\/\/gpl-love.com\/fr\/wp-json\/wp\/v2\/types\/product"}],"replies":[{"embeddable":true,"href":"https:\/\/gpl-love.com\/fr\/wp-json\/wp\/v2\/comments?post=114508"}],"wp:featuredmedia":[{"embeddable":true,"href":"https:\/\/gpl-love.com\/fr\/wp-json\/wp\/v2\/media\/143244"}],"wp:attachment":[{"href":"https:\/\/gpl-love.com\/fr\/wp-json\/wp\/v2\/media?parent=114508"}],"wp:term":[{"taxonomy":"product_brand","embeddable":true,"href":"https:\/\/gpl-love.com\/fr\/wp-json\/wp\/v2\/product_brand?post=114508"},{"taxonomy":"product_cat","embeddable":true,"href":"https:\/\/gpl-love.com\/fr\/wp-json\/wp\/v2\/product_cat?post=114508"},{"taxonomy":"product_tag","embeddable":true,"href":"https:\/\/gpl-love.com\/fr\/wp-json\/wp\/v2\/product_tag?post=114508"}],"curies":[{"name":"wp","href":"https:\/\/api.w.org\/{rel}","templated":true}]}}