{"id":114506,"date":"2023-09-20T00:00:00","date_gmt":"2023-09-19T22:00:00","guid":{"rendered":"http:\/\/gpl-love.com\/fr\/produit\/smarty-education-wordpress-theme\/"},"modified":"2026-04-10T18:39:58","modified_gmt":"2026-04-10T16:39:58","slug":"smarty-education-wordpress-theme","status":"publish","type":"product","link":"https:\/\/gpl-love.com\/fr\/produit\/smarty-education-wordpress-theme\/","title":{"rendered":"Smarty Education WordPress Theme 3.4.7"},"content":{"rendered":"<h3>Smarty Education WordPress Theme Traits<\/h3>\n<p>Le th\u00e8me WordPress Smarty Education est la solution id\u00e9ale pour les \u00e9tablissements d&rsquo;enseignement cherchant \u00e0 construire un site Web contemporain et professionnel qui am\u00e9liore l&rsquo;exp\u00e9rience d&rsquo;apprentissage pour les \u00e9tudiants et les \u00e9ducateurs. Avec sa conception \u00e9l\u00e9gante et r\u00e9active, Smarty Education fournit une interface conviviale et une fonctionnalit\u00e9 transparente qui facilite la navigation facile. De plus, ses fonctionnalit\u00e9s enti\u00e8rement personnalisables vous permettent d&rsquo;adapter le site Web pour r\u00e9pondre aux besoins uniques et \u00e0 l&rsquo;image de marque de votre \u00e9tablissement d&rsquo;enseignement.<\/p>\n<p>L&rsquo;int\u00e9gration d&rsquo;un ensemble complet de fonctionnalit\u00e9s et de fonctions sp\u00e9cifiquement con\u00e7ues pour engager et informer votre public cible, Smarty Education englobe un puissant syst\u00e8me de gestion de cours. Ce syst\u00e8me vous permet d&rsquo;organiser efficacement vos cours, calendriers de classe et affectations. En outre, le syst\u00e8me de gestion des cours s&rsquo;int\u00e8gre de mani\u00e8re transparente \u00e0 WooCommerce, facilitant ainsi la configuration sans effort des paiements et la gestion des transactions de commerce \u00e9lectronique.<\/p>\n<p>La disposition exceptionnelle de la page d&rsquo;accueil du th\u00e8me vous permet de pr\u00e9senter les forces et les r\u00e9alisations de votre \u00e9tablissement, tout en gardant simultan\u00e9ment vos \u00e9tudiants invent\u00e9s des \u00e9v\u00e9nements, des nouvelles et des annonces \u00e0 venir. De plus, l&rsquo;inclusion d&rsquo;\u00e9l\u00e9ments de conception de classe mondiale et d&rsquo;un constructeur de pages visuelles simplifie le processus de personnalisation, vous permettant de concevoir toutes les facettes de votre site Web pour une exp\u00e9rience utilisateur immersive, interactive et moderne.<\/p>\n<p>Que votre institution soit une universit\u00e9 estim\u00e9e, un lyc\u00e9e, un coll\u00e8ge ou une \u00e9cole de langue, Smarty Education offre une flexibilit\u00e9 in\u00e9gal\u00e9e \u00e0 tous les niveaux. Par cons\u00e9quent, Smarty Education est un choix exceptionnel pour toute plate-forme \u00e9ducative d&rsquo;apprentissage \u00e0 distance, y compris les cours en ligne, les sites de tutorat ou les \u00e9coles d&rsquo;apprentissage en ligne.<\/p>\n<p>Avec Smarty Education, la gestion de votre site Web d&rsquo;\u00e9cole et de votre plateforme d&rsquo;apprentissage en ligne devient sans effort sans tracas. Son interface conviviale, ses fonctionnalit\u00e9s hautement fonctionnelles et sa flexibilit\u00e9 in\u00e9gal\u00e9e le positionnent comme un choix imbattable pour tout \u00e9tablissement d&rsquo;enseignement cherchant \u00e0 am\u00e9liorer sa pr\u00e9sence en ligne et \u00e0 rester au courant des derni\u00e8res tendances num\u00e9riques. Par cons\u00e9quent, investir dans le th\u00e8me WordPress de Smarty Education aujourd&rsquo;hui fera sans aucun doute une diff\u00e9rence transformatrice pour votre \u00e9cole.<\/p>\n<ul>\n<li>Un th\u00e8me WordPress d&rsquo;\u00e9ducation premium con\u00e7u pour les \u00e9coles, les universit\u00e9s et les cours en ligne<\/li>\n<li>Enti\u00e8rement personnalisable avec une disposition r\u00e9active qui s&rsquo;adapte \u00e0 n&rsquo;importe quelle taille d&rsquo;\u00e9cran<\/li>\n<li>Livr\u00e9 avec 9 d\u00e9mos pr\u00e9d\u00e9finies qui peuvent \u00eatre import\u00e9es en un seul clic<\/li>\n<li>Des fonctionnalit\u00e9s d&rsquo;int\u00e9gration en ligne int\u00e9gr\u00e9es telles que la gestion des cours, la cr\u00e9ation de quiz et le suivi des progr\u00e8s des \u00e9tudiants<\/li>\n<li>Compatible avec les plugins WordPress populaires comme WooCommerce, LearnPress et WPML<\/li>\n<li>Comprend 4 styles d&rsquo;en-t\u00eate, 4 styles de pied de page et options de couleurs illimit\u00e9es<\/li>\n<li>Code efficace qui se charge rapidement et augmente la vitesse du site Web<\/li>\n<li>Optimis\u00e9 pour les moteurs de recherche avec des outils SEO int\u00e9gr\u00e9s<\/li>\n<li>Livr\u00e9 avec une documentation compl\u00e8te et un soutien de l&rsquo;\u00e9quipe des d\u00e9veloppeurs<\/li>\n<li>RECLARG\u00c9 MISE \u00c0 JOUR pour assurer la compatibilit\u00e9 avec les derni\u00e8res versions et plugins WordPress.<\/li>\n<\/ul>\n","protected":false},"excerpt":{"rendered":"<p>Notre th\u00e8me WordPress Smarty Education nouvellement introduit est sp\u00e9cifiquement con\u00e7u pour r\u00e9pondre aux besoins des \u00e9tablissements d&rsquo;enseignement, des \u00e9coles et des universit\u00e9s en leur fournissant des sites Web r\u00e9actifs et visuellement captivants. B\u00e9n\u00e9ficiant d&rsquo;une int\u00e9gration transparente avec des plugins tr\u00e8s recherch\u00e9s comme WooCommerce, Contact Form 7 et Revolution Slider, ce th\u00e8me offre une personnalisation in\u00e9gal\u00e9e et une convivialit\u00e9. En optant pour le th\u00e8me WordPress Smarty Education, vous pouvez \u00e9tablir sans effort une pr\u00e9sence en ligne professionnelle et contemporaine qui int\u00e8gre des fonctionnalit\u00e9s vitales telles que des cours en ligne, des profils d&rsquo;\u00e9tudiants et des informations de cours. Gr\u00e2ce \u00e0 sa conception instinctive, vous aurez la possibilit\u00e9 de pr\u00e9senter sans effort votre mat\u00e9riel et vos services \u00e9ducatifs, permettant ainsi \u00e0 votre institution de se distinguer dans le vaste domaine du cyberespace.<\/p>\n","protected":false},"featured_media":145276,"comment_status":"open","ping_status":"open","template":"","meta":[],"product_brand":[2433],"product_cat":[1242,1212,1213],"product_tag":[1366],"class_list":{"0":"post-114506","1":"product","2":"type-product","3":"status-publish","4":"has-post-thumbnail","6":"product_brand-themeforest","7":"product_cat-creatif","8":"product_cat-themes","9":"product_cat-wordpress-themes","10":"product_tag-themeforest","11":"member-discount","12":"discount-restricted","14":"first","15":"instock","16":"sale","17":"downloadable","18":"virtual","19":"sold-individually","20":"purchasable","21":"product-type-simple"},"_links":{"self":[{"href":"https:\/\/gpl-love.com\/fr\/wp-json\/wp\/v2\/product\/114506","targetHints":{"allow":["GET"]}}],"collection":[{"href":"https:\/\/gpl-love.com\/fr\/wp-json\/wp\/v2\/product"}],"about":[{"href":"https:\/\/gpl-love.com\/fr\/wp-json\/wp\/v2\/types\/product"}],"replies":[{"embeddable":true,"href":"https:\/\/gpl-love.com\/fr\/wp-json\/wp\/v2\/comments?post=114506"}],"wp:featuredmedia":[{"embeddable":true,"href":"https:\/\/gpl-love.com\/fr\/wp-json\/wp\/v2\/media\/145276"}],"wp:attachment":[{"href":"https:\/\/gpl-love.com\/fr\/wp-json\/wp\/v2\/media?parent=114506"}],"wp:term":[{"taxonomy":"product_brand","embeddable":true,"href":"https:\/\/gpl-love.com\/fr\/wp-json\/wp\/v2\/product_brand?post=114506"},{"taxonomy":"product_cat","embeddable":true,"href":"https:\/\/gpl-love.com\/fr\/wp-json\/wp\/v2\/product_cat?post=114506"},{"taxonomy":"product_tag","embeddable":true,"href":"https:\/\/gpl-love.com\/fr\/wp-json\/wp\/v2\/product_tag?post=114506"}],"curies":[{"name":"wp","href":"https:\/\/api.w.org\/{rel}","templated":true}]}}