{"id":114504,"date":"2025-12-04T00:00:00","date_gmt":"2025-12-03T23:00:00","guid":{"rendered":"http:\/\/gpl-love.com\/fr\/produit\/out-of-the-box-dropbox-plugin-pour-wordpress\/"},"modified":"2026-04-10T18:35:27","modified_gmt":"2026-04-10T16:35:27","slug":"out-of-the-box-dropbox-plugin-pour-wordpress","status":"publish","type":"product","link":"https:\/\/gpl-love.com\/fr\/produit\/out-of-the-box-dropbox-plugin-pour-wordpress\/","title":{"rendered":"Out of the Box Dropbox plugin pour WordPress 3.4.3"},"content":{"rendered":"<h3>Out of the Box Dropbox plugin pour WordPress Traits<\/h3>\n<p>Le plugin Dropbox Out of the Box pour WordPress est un outil extr\u00eamement formidable qui offre la capacit\u00e9 pratique pour \u00e9tablir sans effort une connexion entre votre site Web WordPress et votre compte Dropbox. Ce plugin vous accorde la capacit\u00e9 remarquable de synchroniser sans effort les fichiers et les dossiers directement de votre compte Dropbox \u00e0 votre site Web, facilitant ainsi la gestion transparente de votre contenu et garantissant la pertinence continue du contenu de votre site Web. Ce plugin est remarquablement convivial, offrant une interface utilisateur intuitive qui simplifie le processus de configuration des param\u00e8tres individuels et de personnalisation de la mani\u00e8re dont vos fichiers sont pr\u00e9sent\u00e9s sur votre site Web. Que vous soyez un blogueur, un propri\u00e9taire de site Web ou un propri\u00e9taire d&rsquo;une petite entreprise, le plugin Dropbox Out of the Box est un outil indispensable qui est garanti pour rationaliser votre flux de travail et vous permettre d&rsquo;organiser et de mettre \u00e0 jour perp\u00e9tuellement votre contenu perp\u00e9tuel.<\/p>\n<ul>\n<li>Int\u00e9gration facile de Dropbox avec votre site Web WordPress<\/li>\n<li>Synchronisation transparente des fichiers entre votre compte Dropbox et votre site Web<\/li>\n<li>Processus de configuration rapide et simple qui ne n\u00e9cessite aucune connaissance du codage ou technique<\/li>\n<li>Sauvegarde automatique des donn\u00e9es de votre site Web sur votre compte Dropbox<\/li>\n<li>Option pour personnaliser la structure du dossier pour vos fichiers synchronis\u00e9s<\/li>\n<li>Gestion et partage de fichiers sans effort sur votre site Web et votre compte Dropbox<\/li>\n<li>Transfert de donn\u00e9es fiable et s\u00e9curis\u00e9 gr\u00e2ce aux mesures de s\u00e9curit\u00e9 avanc\u00e9es de Dropbox<\/li>\n<li>Support client r\u00e9actif pour toutes les questions ou probl\u00e8mes qui peuvent survenir<\/li>\n<\/ul>\n","protected":false},"excerpt":{"rendered":"<p>Le plugin Dropbox Out of the Box pour WordPress est une solution exceptionnelle pour les personnes ayant besoin d&rsquo;une int\u00e9gration transparente entre leur compte Dropbox et leur site Web WordPress. Ce plugin offre la commodit\u00e9 de t\u00e9l\u00e9charger sans effort et de g\u00e9rer efficacement les fichiers directement \u00e0 partir du compte Dropbox dans le tableau de bord WordPress. Son installation et sa convivialit\u00e9 sont simples, ce qui en fait un outil indispensable pour ceux qui cherchent \u00e0 optimiser leur flux de travail et \u00e0 am\u00e9liorer la productivit\u00e9. Par cons\u00e9quent, si vous aspirez \u00e0 \u00e9lever votre site Web WordPress \u00e0 de nouveaux sommets, l&rsquo;acquisition du plugin Dropbox hors de la bo\u00eete est fortement recommand\u00e9e \u00e0 l&rsquo;heure actuelle!<\/p>\n","protected":false},"featured_media":144880,"comment_status":"open","ping_status":"open","template":"","meta":[],"product_brand":[2435],"product_cat":[1189,1181,1186],"product_tag":[1231],"class_list":{"0":"post-114504","1":"product","2":"type-product","3":"status-publish","4":"has-post-thumbnail","6":"product_brand-codecanyon","7":"product_cat-personnalisation","8":"product_cat-plugins","9":"product_cat-wordpress-plugins","10":"product_tag-codecanyon","11":"member-discount","12":"discount-restricted","14":"first","15":"instock","16":"sale","17":"downloadable","18":"virtual","19":"sold-individually","20":"purchasable","21":"product-type-simple"},"_links":{"self":[{"href":"https:\/\/gpl-love.com\/fr\/wp-json\/wp\/v2\/product\/114504","targetHints":{"allow":["GET"]}}],"collection":[{"href":"https:\/\/gpl-love.com\/fr\/wp-json\/wp\/v2\/product"}],"about":[{"href":"https:\/\/gpl-love.com\/fr\/wp-json\/wp\/v2\/types\/product"}],"replies":[{"embeddable":true,"href":"https:\/\/gpl-love.com\/fr\/wp-json\/wp\/v2\/comments?post=114504"}],"wp:featuredmedia":[{"embeddable":true,"href":"https:\/\/gpl-love.com\/fr\/wp-json\/wp\/v2\/media\/144880"}],"wp:attachment":[{"href":"https:\/\/gpl-love.com\/fr\/wp-json\/wp\/v2\/media?parent=114504"}],"wp:term":[{"taxonomy":"product_brand","embeddable":true,"href":"https:\/\/gpl-love.com\/fr\/wp-json\/wp\/v2\/product_brand?post=114504"},{"taxonomy":"product_cat","embeddable":true,"href":"https:\/\/gpl-love.com\/fr\/wp-json\/wp\/v2\/product_cat?post=114504"},{"taxonomy":"product_tag","embeddable":true,"href":"https:\/\/gpl-love.com\/fr\/wp-json\/wp\/v2\/product_tag?post=114504"}],"curies":[{"name":"wp","href":"https:\/\/api.w.org\/{rel}","templated":true}]}}